{"id":80,"date":"2024-04-18T18:05:00","date_gmt":"2024-04-18T09:05:00","guid":{"rendered":"https:\/\/cm-plus.co.jp\/vn\/?page_id=80"},"modified":"2025-09-25T14:42:16","modified_gmt":"2025-09-25T05:42:16","slug":"service","status":"publish","type":"page","link":"https:\/\/cm-plus.co.jp\/vn\/service\/","title":{"rendered":"Services"},"content":{"rendered":"<div id=\"Service\">\n<div id=\"pagePath\">\n<ul>\n<li><a href=\"https:\/\/cm-plus.co.jp\/vn\/\">Trang ch\u1ee7<\/a>\/<\/li>\n<li>D\u1ecbch v\u1ee5<\/li>\n<\/ul>\n<\/div>\n<div class=\"h1Sub\">\n<div class=\"content\">\n<h1 class=\"h1Ttl\"><span class=\"subSpan en barlow\">D\u1ecbch v\u1ee5<\/span><br \/>\n<span class=\"h1Photo\"><br \/>\n<span class=\"maskBox\"><br \/>\n<span class=\"topCover\"><br \/>\n<img decoding=\"async\" src=\"https:\/\/cm-plus.co.jp\/vn\/wp-content\/themes\/cmplus\/image\/common\/key01.webp\" alt=\"Services\"><br \/>\n<\/span><br \/>\n<span class=\"btmImg01\"><br \/>\n<img decoding=\"async\" src=\"https:\/\/cm-plus.co.jp\/vn\/wp-content\/themes\/cmplus\/image\/common\/image-service02.webp\" alt=\"Services\"><br \/>\n<\/span><br \/>\n<span class=\"btmImg02\"><br \/>\n<img decoding=\"async\" src=\"https:\/\/cm-plus.co.jp\/vn\/wp-content\/themes\/cmplus\/image\/common\/image-service02.webp\" alt=\"Services\"><br \/>\n<\/span><br \/>\n<\/span><br \/>\n<\/span><br \/>\n<\/h1>\n<\/div>\n<\/div>\n<section>\n<div class=\"content\">\n<h2 class=\"headLine05\">D\u1ecbch v\u1ee5 c\u1ee7a CM Plus<\/h2>\n<p class=\"wpTag\">Ch\u00fang t\u00f4i cung c\u1ea5p 4 d\u1ecbch v\u1ee5 sau \u0111\u00e2y:<\/p>\n<ul class=\"comServiceList\">\n<li>\n<a href=\"https:\/\/cm-plus.co.jp\/vn\/service\/engineering\/\"><br \/>\n<span class=\"photo\"><img decoding=\"async\" src=\"https:\/\/cm-plus.co.jp\/vn\/wp-content\/themes\/cmplus\/image\/service\/photo01.webp\" alt=\"T\u01b0 v\u1ea5n k\u1ef9 thu\u1eadt, Qu\u1ea3n l\u00fd D\u1ef1 \u00e1n\"><\/span><br \/>\n<span class=\"ttl\"><span class=\"img\"><img decoding=\"async\" src=\"https:\/\/cm-plus.co.jp\/vn\/wp-content\/themes\/cmplus\/image\/common\/service_img01.webp\" alt=\"T\u01b0 v\u1ea5n k\u1ef9 thu\u1eadt, Qu\u1ea3n l\u00fd D\u1ef1 \u00e1n\"><\/span><span class=\"txtSpan\">T\u01b0 v\u1ea5n k\u1ef9 thu\u1eadt, Qu\u1ea3n l\u00fd D\u1ef1 \u00e1n<\/span><\/span><br \/>\n<span class=\"wpTag\">Ch\u00fang t\u00f4i h\u1ed7 tr\u1ee3 c\u00e1c d\u1ef1 \u00e1n x\u00e2y d\u1ef1ng nh\u00e0 m\u00e1y s\u1ea3n xu\u1ea5t v\u00e0 nhi\u1ec1u h\u01a1n th\u1ebf n\u1eefa..<\/span><br \/>\n<\/a>\n<\/li>\n<li>\n<a href=\"https:\/\/cm-plus.co.jp\/vn\/service\/consulting\/\"><br \/>\n<span class=\"photo\"><img decoding=\"async\" src=\"https:\/\/cm-plus.co.jp\/vn\/wp-content\/themes\/cmplus\/image\/service\/photo02.webp\" alt=\"D\u1ecbch v\u1ee5 T\u01b0 v\u1ea5n\"><\/span><br \/>\n<span class=\"ttl\"><span class=\"img\"><img decoding=\"async\" src=\"https:\/\/cm-plus.co.jp\/vn\/wp-content\/themes\/cmplus\/image\/common\/service_img02.webp\" alt=\"D\u1ecbch v\u1ee5 T\u01b0 v\u1ea5n \"><\/span><span class=\"txtSpan\">D\u1ecbch v\u1ee5 T\u01b0 v\u1ea5n<\/span><\/span><br \/>\n<span class=\"wpTag\">D\u1ecbch v\u1ee5 t\u01b0 v\u1ea5n duy tr\u00ec ch\u1ea5t l\u01b0\u1ee3ng s\u1ea3n xu\u1ea5t d\u01b0\u1ee3c ph\u1ea9m v\u00e0 c\u00e1c s\u1ea3n ph\u1ea9m kh\u00e1c..<\/span><br \/>\n<\/a>\n<\/li>\n<li>\n<a href=\"https:\/\/cm-plus.co.jp\/vn\/service\/support_for_training\/\"><br \/>\n<span class=\"photo\"><img decoding=\"async\" src=\"https:\/\/cm-plus.co.jp\/vn\/wp-content\/themes\/cmplus\/image\/service\/photo03.webp\" alt=\"H\u1ed7 tr\u1ee3 \u0110\u00e0o t\u1ea1o\/ Hu\u1ea5n luy\u1ec7n\"><\/span><br \/>\n<span class=\"ttl\"><span class=\"img\"><img decoding=\"async\" src=\"https:\/\/cm-plus.co.jp\/vn\/wp-content\/themes\/cmplus\/image\/common\/service_img03.webp\" alt=\"H\u1ed7 tr\u1ee3 \u0110\u00e0o t\u1ea1o\/ Hu\u1ea5n luy\u1ec7n\"><\/span><span class=\"txtSpan\">H\u1ed7 tr\u1ee3 \u0110\u00e0o t\u1ea1o\/ Hu\u1ea5n luy\u1ec7n<\/span><\/span><br \/>\n<span class=\"wpTag\">Ch\u00fang t\u00f4i cung c\u1ea5p nhi\u1ec1u ch\u01b0\u01a1ng tr\u00ecnh h\u1ed7 tr\u1ee3 gi\u00e1o d\u1ee5c v\u00e0 \u0111\u00e0o t\u1ea1o, bao g\u1ed3m h\u1ed9i th\u1ea3o m\u1edf, h\u1ed9i th\u1ea3o t\u1ea1i ch\u1ed7 v\u00e0 h\u1ecdc tr\u1ef1c tuy\u1ebfn.<\/span><br \/>\n<\/a>\n<\/li>\n<li>\n<a href=\"https:\/\/cm-plus.co.jp\/vn\/service\/technology_information\/\"><br \/>\n<span class=\"photo\"><img decoding=\"async\" src=\"https:\/\/cm-plus.co.jp\/vn\/wp-content\/themes\/cmplus\/image\/service\/photo04.webp\" alt=\"D\u1ecbch v\u1ee5 Th\u00f4ng tin K\u1ef9 thu\u1eadt\"><\/span><br \/>\n<span class=\"ttl\"><span class=\"img\"><img decoding=\"async\" src=\"https:\/\/cm-plus.co.jp\/vn\/wp-content\/themes\/cmplus\/image\/common\/service_img04.webp\" alt=\"D\u1ecbch v\u1ee5 Th\u00f4ng tin K\u1ef9 thu\u1eadt\"><\/span><span class=\"txtSpan\">D\u1ecbch v\u1ee5 Th\u00f4ng tin K\u1ef9 thu\u1eadt<\/span><\/span><br \/>\n<span class=\"wpTag\">CM Plus t\u1eadn d\u1ee5ng ki\u1ebfn \u200b\u200bth\u1ee9c chuy\u00ean m\u00f4n v\u00e0 m\u1ea1ng l\u01b0\u1edbi t\u00edch l\u0169y c\u1ee7a m\u00ecnh \u0111\u1ec3 ph\u1ed5 bi\u1ebfn th\u00f4ng tin li\u00ean quan \u0111\u1ebfn ch\u1ea5t l\u01b0\u1ee3ng s\u1ea3n xu\u1ea5t, bao g\u1ed3m GMP, th\u00f4ng tin s\u1ea3n ph\u1ea9m v\u00e0 th\u00f4ng tin v\u1ec1 vi\u1ec7c m\u1edf r\u1ed9ng ra n\u01b0\u1edbc ngo\u00e0i.<\/span><br \/>\n<\/a>\n<\/li>\n<\/ul>\n<\/div>\n<\/section>\n<\/div>\n","protected":false},"excerpt":{"rendered":"<p>Trang ch\u1ee7\/ D\u1ecbch v\u1ee5 D\u1ecbch v\u1ee5 D\u1ecbch v\u1ee5 c\u1ee7a CM Plus Ch\u00fang t\u00f4i cung c\u1ea5p 4 d\u1ecbch v\u1ee5 sau \u0111\u00e2y: T\u01b0 v\u1ea5n k\u1ef9 thu\u1eadt, Qu\u1ea3n l\u00fd  [&hellip;]<\/p>\n","protected":false},"author":1,"featured_media":0,"parent":0,"menu_order":20,"comment_status":"closed","ping_status":"closed","template":"","meta":{"_acf_changed":false,"footnotes":""},"keywords":[],"class_list":["post-80","page","type-page","status-publish","hentry"],"acf":[],"yoast_head":"<!-- This site is optimized with the Yoast SEO plugin v22.4 - https:\/\/yoast.com\/wordpress\/plugins\/seo\/ -->\n<title>Services\uff5cCM Plus<\/title>\n<meta name=\"description\" content=\"We introduce our four services: \u2018Engineering and Project Management,\u2019 \u2018Consulting,\u2019 \u2018Training and Support,\u2019 and \u2018Technical and Information Services.\" \/>\n<meta name=\"robots\" content=\"index, follow, max-snippet:-1, max-image-preview:large, max-video-preview:-1\" \/>\n<link rel=\"canonical\" href=\"https:\/\/cm-plus.co.jp\/vn\/service\/\" \/>\n<meta property=\"og:locale\" content=\"ja_JP\" \/>\n<meta property=\"og:type\" content=\"article\" \/>\n<meta property=\"og:title\" content=\"Services\uff5cCM Plus\" \/>\n<meta property=\"og:description\" content=\"We introduce our four services: \u2018Engineering and Project Management,\u2019 \u2018Consulting,\u2019 \u2018Training and Support,\u2019 and \u2018Technical and Information Services.\" \/>\n<meta property=\"og:url\" content=\"https:\/\/cm-plus.co.jp\/vn\/service\/\" \/>\n<meta property=\"og:site_name\" content=\"CM Plus\" \/>\n<meta property=\"article:modified_time\" content=\"2025-09-25T05:42:16+00:00\" \/>\n<meta property=\"og:image\" content=\"https:\/\/cm-plus.co.jp\/vn\/wp-content\/uploads\/2024\/05\/ogp.png\" \/>\n<meta name=\"twitter:card\" content=\"summary_large_image\" \/>\n<meta name=\"twitter:label1\" content=\"\u63a8\u5b9a\u8aad\u307f\u53d6\u308a\u6642\u9593\" \/>\n\t<meta name=\"twitter:data1\" content=\"4\u5206\" \/>\n<script type=\"application\/ld+json\" class=\"yoast-schema-graph\">{\"@context\":\"https:\/\/schema.org\",\"@graph\":[{\"@type\":\"WebPage\",\"@id\":\"https:\/\/cm-plus.co.jp\/vn\/service\/\",\"url\":\"https:\/\/cm-plus.co.jp\/vn\/service\/\",\"name\":\"Services | CM Plus\",\"isPartOf\":{\"@id\":\"https:\/\/cm-plus.co.jp\/vn\/#website\"},\"primaryImageOfPage\":{\"@id\":\"https:\/\/cm-plus.co.jp\/vn\/service\/#primaryimage\"},\"image\":{\"@id\":\"https:\/\/cm-plus.co.jp\/vn\/service\/#primaryimage\"},\"thumbnailUrl\":\"https:\/\/cm-plus.co.jp\/vn\/wp-content\/themes\/cmplus\/image\/common\/key01.webp\",\"datePublished\":\"2024-04-18T09:05:00+00:00\",\"dateModified\":\"2025-09-25T05:42:16+00:00\",\"description\":\"We introduce our four services: \u2018Engineering and Project Management,\u2019 \u2018Consulting,\u2019 \u2018Training and Support,\u2019 and \u2018Technical and Information Services.\",\"breadcrumb\":{\"@id\":\"https:\/\/cm-plus.co.jp\/vn\/service\/#breadcrumb\"},\"inLanguage\":\"ja\",\"potentialAction\":[{\"@type\":\"ReadAction\",\"target\":[\"https:\/\/cm-plus.co.jp\/vn\/service\/\"]}]},{\"@type\":\"ImageObject\",\"inLanguage\":\"ja\",\"@id\":\"https:\/\/cm-plus.co.jp\/vn\/service\/#primaryimage\",\"url\":\"https:\/\/cm-plus.co.jp\/vn\/wp-content\/themes\/cmplus\/image\/common\/key01.webp\",\"contentUrl\":\"https:\/\/cm-plus.co.jp\/vn\/wp-content\/themes\/cmplus\/image\/common\/key01.webp\"},{\"@type\":\"BreadcrumbList\",\"@id\":\"https:\/\/cm-plus.co.jp\/vn\/service\/#breadcrumb\",\"itemListElement\":[{\"@type\":\"ListItem\",\"position\":1,\"name\":\"\u30db\u30fc\u30e0\",\"item\":\"https:\/\/cm-plus.co.jp\/vn\/\"},{\"@type\":\"ListItem\",\"position\":2,\"name\":\"Services\"}]},{\"@type\":\"WebSite\",\"@id\":\"https:\/\/cm-plus.co.jp\/vn\/#website\",\"url\":\"https:\/\/cm-plus.co.jp\/vn\/\",\"name\":\"CM Plus\",\"description\":\"Your Partner in Facility Construction, Quality Assurance, and Training Support\",\"potentialAction\":[{\"@type\":\"SearchAction\",\"target\":{\"@type\":\"EntryPoint\",\"urlTemplate\":\"https:\/\/cm-plus.co.jp\/vn\/?s={search_term_string}\"},\"query-input\":\"required name=search_term_string\"}],\"inLanguage\":\"ja\"}]}<\/script>\n<!-- \/ Yoast SEO plugin. -->","yoast_head_json":{"title":"Services\uff5cCM Plus","description":"We introduce our four services: \u2018Engineering and Project Management,\u2019 \u2018Consulting,\u2019 \u2018Training and Support,\u2019 and \u2018Technical and Information Services.","robots":{"index":"index","follow":"follow","max-snippet":"max-snippet:-1","max-image-preview":"max-image-preview:large","max-video-preview":"max-video-preview:-1"},"canonical":"https:\/\/cm-plus.co.jp\/vn\/service\/","og_locale":"ja_JP","og_type":"article","og_title":"Services\uff5cCM Plus","og_description":"We introduce our four services: \u2018Engineering and Project Management,\u2019 \u2018Consulting,\u2019 \u2018Training and Support,\u2019 and \u2018Technical and Information Services.","og_url":"https:\/\/cm-plus.co.jp\/vn\/service\/","og_site_name":"CM Plus","article_modified_time":"2025-09-25T05:42:16+00:00","og_image":[{"url":"https:\/\/cm-plus.co.jp\/vn\/wp-content\/uploads\/2024\/05\/ogp.png"}],"twitter_card":"summary_large_image","twitter_misc":{"\u63a8\u5b9a\u8aad\u307f\u53d6\u308a\u6642\u9593":"4\u5206"},"schema":{"@context":"https:\/\/schema.org","@graph":[{"@type":"WebPage","@id":"https:\/\/cm-plus.co.jp\/vn\/service\/","url":"https:\/\/cm-plus.co.jp\/vn\/service\/","name":"Services | CM Plus","isPartOf":{"@id":"https:\/\/cm-plus.co.jp\/vn\/#website"},"primaryImageOfPage":{"@id":"https:\/\/cm-plus.co.jp\/vn\/service\/#primaryimage"},"image":{"@id":"https:\/\/cm-plus.co.jp\/vn\/service\/#primaryimage"},"thumbnailUrl":"https:\/\/cm-plus.co.jp\/vn\/wp-content\/themes\/cmplus\/image\/common\/key01.webp","datePublished":"2024-04-18T09:05:00+00:00","dateModified":"2025-09-25T05:42:16+00:00","description":"We introduce our four services: \u2018Engineering and Project Management,\u2019 \u2018Consulting,\u2019 \u2018Training and Support,\u2019 and \u2018Technical and Information Services.","breadcrumb":{"@id":"https:\/\/cm-plus.co.jp\/vn\/service\/#breadcrumb"},"inLanguage":"ja","potentialAction":[{"@type":"ReadAction","target":["https:\/\/cm-plus.co.jp\/vn\/service\/"]}]},{"@type":"ImageObject","inLanguage":"ja","@id":"https:\/\/cm-plus.co.jp\/vn\/service\/#primaryimage","url":"https:\/\/cm-plus.co.jp\/vn\/wp-content\/themes\/cmplus\/image\/common\/key01.webp","contentUrl":"https:\/\/cm-plus.co.jp\/vn\/wp-content\/themes\/cmplus\/image\/common\/key01.webp"},{"@type":"BreadcrumbList","@id":"https:\/\/cm-plus.co.jp\/vn\/service\/#breadcrumb","itemListElement":[{"@type":"ListItem","position":1,"name":"\u30db\u30fc\u30e0","item":"https:\/\/cm-plus.co.jp\/vn\/"},{"@type":"ListItem","position":2,"name":"Services"}]},{"@type":"WebSite","@id":"https:\/\/cm-plus.co.jp\/vn\/#website","url":"https:\/\/cm-plus.co.jp\/vn\/","name":"CM Plus","description":"Your Partner in Facility Construction, Quality Assurance, and Training Support","potentialAction":[{"@type":"SearchAction","target":{"@type":"EntryPoint","urlTemplate":"https:\/\/cm-plus.co.jp\/vn\/?s={search_term_string}"},"query-input":"required name=search_term_string"}],"inLanguage":"ja"}]}},"_links":{"self":[{"href":"https:\/\/cm-plus.co.jp\/vn\/wp-json\/wp\/v2\/pages\/80","targetHints":{"allow":["GET"]}}],"collection":[{"href":"https:\/\/cm-plus.co.jp\/vn\/wp-json\/wp\/v2\/pages"}],"about":[{"href":"https:\/\/cm-plus.co.jp\/vn\/wp-json\/wp\/v2\/types\/page"}],"author":[{"embeddable":true,"href":"https:\/\/cm-plus.co.jp\/vn\/wp-json\/wp\/v2\/users\/1"}],"replies":[{"embeddable":true,"href":"https:\/\/cm-plus.co.jp\/vn\/wp-json\/wp\/v2\/comments?post=80"}],"version-history":[{"count":18,"href":"https:\/\/cm-plus.co.jp\/vn\/wp-json\/wp\/v2\/pages\/80\/revisions"}],"predecessor-version":[{"id":5937,"href":"https:\/\/cm-plus.co.jp\/vn\/wp-json\/wp\/v2\/pages\/80\/revisions\/5937"}],"wp:attachment":[{"href":"https:\/\/cm-plus.co.jp\/vn\/wp-json\/wp\/v2\/media?parent=80"}],"wp:term":[{"taxonomy":"keywords","embeddable":true,"href":"https:\/\/cm-plus.co.jp\/vn\/wp-json\/wp\/v2\/keywords?post=80"}],"curies":[{"name":"wp","href":"https:\/\/api.w.org\/{rel}","templated":true}]}}