{"id":484,"date":"2024-04-24T18:00:05","date_gmt":"2024-04-24T09:00:05","guid":{"rendered":"https:\/\/cm-plus.co.jp\/vn\/?page_id=484"},"modified":"2025-09-25T15:41:14","modified_gmt":"2025-09-25T06:41:14","slug":"jitsubo","status":"publish","type":"page","link":"https:\/\/cm-plus.co.jp\/vn\/portfolio\/project_details\/jitsubo\/","title":{"rendered":"Jitsubo"},"content":{"rendered":"<div id=\"terumo-yamaguchi\" class=\"jitsubo\">\n<div id=\"pagePath\">\n<ul>\n<li><a href=\"https:\/\/cm-plus.co.jp\/vn\/\">Home<\/a>\/<\/li>\n<li><a href=\"https:\/\/cm-plus.co.jp\/vn\/portfolio\/\">Portfolio<\/a>\/<\/li>\n<li><a href=\"https:\/\/cm-plus.co.jp\/vn\/portfolio\/project_details\/\">Projects<\/a>\/<\/li>\n<li>Jitsubo<\/li>\n<\/ul>\n<\/div>\n<div class=\"h1Sub singleSubStyle\">\n<div class=\"content\">\n<h1 class=\"h1Ttl\">\n<span class=\"tag\">Pharmaceuticals and Medical Devices\uff0fMedium-Molecule API<\/span><br class=\"wpTag\"><br \/>\n<span class=\"title\">Cost reduction through separate sub-contracting<\/span><br \/>\n<span class=\"txt\">JITSUBO Co., Ltd.<\/span><br \/>\n<\/h1>\n<div class=\"photo\"><img decoding=\"async\" src=\"https:\/\/cm-plus.co.jp\/vn\/wp-content\/themes\/cmplus\/image\/common\/case_photo03.webp\" alt=\"Jitsubo\"><\/div>\n<\/div>\n<\/div>\n<div class=\"content\">\n<div class=\"mainBox\">\n<article id=\"conts\">\n<section class=\"information\">\n<h2>DATA<\/h2>\n<table class=\"tableC\">\n<tr>\n<th>Function<\/th>\n<td>Peptide drug research center<\/td>\n<\/tr>\n<tr>\n<th>Overview<\/th>\n<td>Total floor area approx. 700\u33a1 (4th floor)<br class=\"wpTag\">Due to business expansion, it is necessary to move from an incubation facility within the university to an independent research and development center.<\/td>\n<\/tr>\n<tr>\n<th>Location<\/th>\n<td>Yokohama City, Kanagawa Prefecture<\/td>\n<\/tr>\n<\/table>\n<div class=\"jsBox\">\n<ul class=\"fooUl\">\n<li><img decoding=\"async\" src=\"https:\/\/cm-plus.co.jp\/vn\/wp-content\/themes\/cmplus\/image\/achievement\/case\/jitsubo\/photo01.webp\" alt=\"\"><\/li>\n<\/ul>\n<div class=\"icoBox\">\n<div class=\"prev slick-arrow\" style=\"\"><a href=\"javascript:;\"><span class=\"wpTag\">PREV<\/span><\/a><\/div>\n<div class=\"next slick-arrow\" style=\"\"><a href=\"javascript:;\"><span class=\"wpTag\">NEXT<\/span><\/a><\/div>\n<\/div>\n<ul class=\"numUl barlow\">\n<li><span class=\"current\">1<\/span> \/ <span class=\"all\">3<\/span><\/li>\n<\/ul>\n<\/div>\n<\/section>\n<div class=\"comBorBox\">\n<section class=\"business\">\n<div class=\"inner\">\n<div class=\"lBox\">\n<h2 class=\"headLine05\">Services we provided<\/h2>\n<ul class=\"comNumList\">\n<li><span class=\"num\">1.<\/span><span class=\"rSpan\">Basic design<\/span><\/li>\n<li><span class=\"num\">2.<\/span><span class=\"rSpan\">Inquiry supporting<\/span><\/li>\n<li><span class=\"num\">3.<\/span><span class=\"rSpan\">Detailed design management<\/span><\/li>\n<li><span class=\"num\">4.<\/span><span class=\"rSpan\">Construction supervision<\/span><\/li>\n<\/ul>\n<\/div>\n<div class=\"rBox\">\n<h2 class=\"headLine05\">Project flow<\/h2>\n<ul class=\"flowList\">\n<li>\n<p class=\"ttl\">Approx.3 months<\/p>\n<p class=\"txt\">Basic Design\/Inquiry creating<\/p>\n<\/li>\n<li>\n<p class=\"ttl\">Approx.1 months<\/p>\n<p class=\"txt\">Construction Inquiry<\/p>\n<\/li>\n<li>\n<p class=\"ttl\">Approx.7 months<\/p>\n<p class=\"txt\">Detailed Design\/Construction<\/p>\n<\/li>\n<\/ul>\n<\/div>\n<\/div>\n<h2 class=\"headLine05\">Our contributions to the project<\/h2>\n<div class=\"contributionBox\">\n<ul>\n<li>\n<div class=\"photo\"><img decoding=\"async\" src=\"https:\/\/cm-plus.co.jp\/vn\/wp-content\/themes\/cmplus\/image\/achievement\/terumo-yamaguchi\/img01.webp\" alt=\"Our contributions to the project\"><\/div>\n<div class=\"textBox\">\n<p class=\"wpTag\">At the planning stage, we figure out the detailed equipment layout basing on laboratory engineering. And we conducted construction management after the it was divided and contracted out to 4 companies separately.<\/p>\n<\/div>\n<\/li>\n<li>\n<div class=\"photo\"><img decoding=\"async\" src=\"https:\/\/cm-plus.co.jp\/vn\/wp-content\/themes\/cmplus\/image\/achievement\/terumo-yamaguchi\/img02.webp\" alt=\"Our contributions to the project\"><\/div>\n<div class=\"textBox\">\n<p class=\"wpTag\">We provided advice from an engineering perspective from the stage of selecting potential relocation sites.<\/p>\n<\/div>\n<\/li>\n<li>\n<div class=\"photo\"><img decoding=\"async\" src=\"https:\/\/cm-plus.co.jp\/vn\/wp-content\/themes\/cmplus\/image\/achievement\/terumo-yamaguchi\/img03.webp\" alt=\"Our contributions to the project\"><\/div>\n<div class=\"textBox\">\n<p class=\"wpTag\">We made careful plan of the layout of each research center\/laboratory, including equipment layout. We ensured that our customer&#8217;s requirements have been fulfilled. Communication has been improved by consolidating research centers\/laboratories that were previously dispersed in different places on the same floor.<\/p>\n<\/div>\n<\/li>\n<li>\n<div class=\"photo\"><img decoding=\"async\" src=\"https:\/\/cm-plus.co.jp\/vn\/wp-content\/themes\/cmplus\/image\/achievement\/terumo-yamaguchi\/img06.webp\" alt=\"Our contributions to the project\"><\/div>\n<div class=\"textBox\">\n<p class=\"wpTag\">At the inquiry stage, since construction of building and building equipment are contracted out separately, we summarized the total amount of estimates from each construction company within our customer&#8217;s budget.<\/p>\n<\/div>\n<\/li>\n<li>\n<div class=\"photo\"><img decoding=\"async\" src=\"https:\/\/cm-plus.co.jp\/vn\/wp-content\/themes\/cmplus\/image\/achievement\/terumo-yamaguchi\/img07.webp\" alt=\"Our contributions to the project\"><\/div>\n<div class=\"textBox\">\n<p class=\"wpTag\">At the detailed design stage, we cooperated with the construction companies and helped the preparation of comprehensive drawings.<\/p>\n<\/div>\n<\/li>\n<li>\n<div class=\"photo\"><img decoding=\"async\" src=\"https:\/\/cm-plus.co.jp\/vn\/wp-content\/themes\/cmplus\/image\/achievement\/terumo-yamaguchi\/img08.webp\" alt=\"Our contributions to the project\"><\/div>\n<div class=\"textBox\">\n<p class=\"wpTag\">During construction, we coordinated the construction schedule among construction companies through regular meetings.<br class=\"wpTag\">In addition, we proceeded with the project as we obtained the approval on comprehensive drawings from the user and fulfill construction supervision by ensuring all the requirements were met.<\/p>\n<\/div>\n<\/li>\n<\/ul>\n<\/div>\n<\/section>\n<\/div>\n<section class=\"comBorBox comBorBox02\">\n<h2 class=\"headLine04\">Services related to this project<\/h2>\n<ul class=\"comLinkList\">\n<li><a href=\"https:\/\/cm-plus.co.jp\/vn\/service\/engineering\/field\/pharma_medical-device\/medium_molecule_drugs\/\">\n<div class=\"photo\"><img decoding=\"async\" src=\"https:\/\/cm-plus.co.jp\/vn\/wp-content\/themes\/cmplus\/image\/common\/image-field04.webp\" alt=\"Medium-Molecule API Manufacturing Facility\"><\/div>\n<p><span class=\"subSpan\">Medium-Molecule API Manufacturing Facility<\/span><br \/>\n<\/a><\/li>\n<\/ul>\n<\/section>\n<section>\n<h2 class=\"headLine04\">Other Projects<\/h2>\n<ul class=\"comFooUl comCaseListSml flex\">\n<li>\n<a href=\"https:\/\/cm-plus.co.jp\/vn\/portfolio\/project_details\/terumo-yamaguchi\/\"><br \/>\n<span class=\"photo\"><img decoding=\"async\" src=\"https:\/\/cm-plus.co.jp\/vn\/wp-content\/themes\/cmplus\/image\/common\/case_photo01.webp\" alt=\"Pharmaceuticals and Medical Devices\"><\/span><br \/>\n<span class=\"textBox\"><br \/>\n<span class=\"tag\"><span class=\"wpTag\">Pharmaceuticals and Medical Devices<\/span><\/span><br \/>\n<span class=\"ttl\">Large-scale medical device manufacturing facility equipped with the latest logistics system<\/span><br \/>\n<span class=\"txt02\">Terumo Yamaguchi Corporation<\/span><br \/>\n<\/span><br \/>\n<\/a>\n<\/li>\n<li>\n<a href=\"https:\/\/cm-plus.co.jp\/vn\/portfolio\/project_details\/coretissue-bioengineering\/\"><br \/>\n<span class=\"photo\"><img decoding=\"async\" src=\"https:\/\/cm-plus.co.jp\/vn\/wp-content\/themes\/cmplus\/image\/common\/case_photo02.webp\" alt=\"Pharmaceuticals and Medical Devices\"><\/span><br \/>\n<span class=\"textBox\"><br \/>\n<span class=\"tag\"><span class=\"wpTag\">Pharmaceuticals and Medical Devices<\/span><\/span><br \/>\n<span class=\"ttl\">Manufacturing facility for bio-based Class IV implantable medical devices<\/span><br \/>\n<span class=\"txt02\">CoreTissue BioEngineering Inc.<\/span><br \/>\n<\/span><br \/>\n<\/a>\n<\/li>\n<li>\n<a href=\"https:\/\/cm-plus.co.jp\/vn\/portfolio\/project_details\/iwatalabel\/\"><br \/>\n<span class=\"photo\"><img decoding=\"async\" src=\"https:\/\/cm-plus.co.jp\/vn\/wp-content\/themes\/cmplus\/image\/common\/case_photo04.webp\" alt=\"Pharmaceuticals and Medical Devices\uff0fPackaging\"><\/span><br \/>\n<span class=\"textBox\"><br \/>\n<span class=\"tag\"><span class=\"wpTag\">Pharmaceuticals and Medical Devices\uff0fPackaging<\/span><\/span><br \/>\n<span class=\"ttl\">Aiming to create a factory that &#8220;responds to rapidly changing customer demands and stay ahead of the competition for 15 years&#8221;<\/span><br \/>\n<span class=\"txt02\">Iwata Label Co., Ltd.<br class=\"wpTag\">(currently IL Pharma Packaging Co., Ltd.)<\/span><br \/>\n<\/span><br \/>\n<\/a>\n<\/li>\n<li>\n<a href=\"https:\/\/cm-plus.co.jp\/vn\/portfolio\/project_details\/toyobeauty\/\"><br \/>\n<span class=\"photo\"><img decoding=\"async\" src=\"https:\/\/cm-plus.co.jp\/vn\/wp-content\/themes\/cmplus\/image\/common\/case_photo05.webp\" alt=\"Cosmetics\"><\/span><br \/>\n<span class=\"textBox\"><br \/>\n<span class=\"tag\"><span class=\"wpTag\">Cosmetics<\/span><\/span><br \/>\n<span class=\"ttl\">\u201cShow\u201d cosmetics factory<\/span><br \/>\n<span class=\"txt02\">Toyo Beauty Co., Ltd.<\/span><br \/>\n<\/span><br \/>\n<\/a>\n<\/li>\n<li>\n<a href=\"https:\/\/cm-plus.co.jp\/vn\/portfolio\/project_details\/iij\/\"><br \/>\n<span class=\"photo\"><img decoding=\"async\" src=\"https:\/\/cm-plus.co.jp\/vn\/wp-content\/themes\/cmplus\/image\/common\/case_photo06.webp\" alt=\"Data Centers\"><\/span><br \/>\n<span class=\"textBox\"><br \/>\n<span class=\"tag\"><span class=\"wpTag\">Data Centers<\/span><\/span><br \/>\n<span class=\"ttl\">System module type data center<br class=\"wpTag\">Realizing short construction period and low cost<\/span><br \/>\n<span class=\"txt02\">Internet Initiative Japan Inc.<\/span><br \/>\n<\/span><br \/>\n<\/a>\n<\/li>\n<li>\n<a href=\"https:\/\/cm-plus.co.jp\/vn\/portfolio\/project_details\/terumo-vietnam\/\"><br \/>\n<span class=\"photo\"><img decoding=\"async\" src=\"https:\/\/cm-plus.co.jp\/vn\/wp-content\/themes\/cmplus\/image\/common\/case_photo07.webp\" alt=\"Pharmaceuticals and Medical Devices\"><\/span><br \/>\n<span class=\"textBox\"><br \/>\n<span class=\"tag\"><span class=\"wpTag\">Pharmaceuticals and Medical Devices<\/span><\/span><br \/>\n<span class=\"ttl\">Large-scale medical device manufacturing facility that considers people, the community, safety, and the environment.<\/span><br \/>\n<span class=\"txt02\">Terumo Vietnam Co., Ltd.<\/span><br \/>\n<\/span><br \/>\n<\/a>\n<\/li>\n<li>\n<a href=\"https:\/\/cm-plus.co.jp\/vn\/portfolio\/project_details\/takasago\/\"><br \/>\n<span class=\"photo\"><img decoding=\"async\" src=\"https:\/\/cm-plus.co.jp\/vn\/wp-content\/themes\/cmplus\/image\/common\/case_photo08.webp\" alt=\"Food\uff0fFlavor\u30fbFragrance\"><\/span><br \/>\n<span class=\"textBox\"><br \/>\n<span class=\"tag\"><span class=\"wpTag\">Food\uff0fFlavor\u30fbFragrance<\/span><\/span><br \/>\n<span class=\"ttl\">Smooth project execution between Asia headquarter and Japan head office<\/span><br \/>\n<span class=\"txt02\">Takasago International Singapore Pte. Ltd.<\/span><br \/>\n<\/span><br \/>\n<\/a>\n<\/li>\n<li>\n<a href=\"https:\/\/cm-plus.co.jp\/vn\/portfolio\/project_details\/medreich\/\"><br \/>\n<span class=\"photo\"><img decoding=\"async\" src=\"https:\/\/cm-plus.co.jp\/vn\/wp-content\/themes\/cmplus\/image\/common\/case_photo09.webp\" alt=\"Pharmaceuticals and Medical Devices\"><\/span><br \/>\n<span class=\"textBox\"><br \/>\n<span class=\"tag\"><span class=\"wpTag\">Pharmaceuticals and Medical Devices<\/span><\/span><br \/>\n<span class=\"ttl\">Production line reinforcement for pharmaceutical manufacturing factory<\/span><br \/>\n<span class=\"txt02\">Medreich Limited<\/span><br \/>\n<\/span><br \/>\n<\/a>\n<\/li>\n<\/ul>\n<\/section>\n<\/article>\n<aside id=\"sideBar\">\n\t<p class=\"sideTtl\"><a href=\"https:\/\/cm-plus.co.jp\/vn\/portfolio\"><span class=\"txtSpan barlow\">Danh m\u1ee5c<\/span><\/a><\/p>\n\t<ul class=\"sideList\">\n\t\t<li>\n\t\t\t<a href=\"https:\/\/cm-plus.co.jp\/vn\/portfolio\/voice\/\"><span class=\"txtSpan\">\u0110\u00e1nh gi\u00e1 t\u1eeb kh\u00e1ch h\u00e0ng<\/span><\/a>\n\t\t\t\t\t\t<ul class=\"subSideList\">\n\t\t\t\t\t\t\t\t<li><a href=\"https:\/\/cm-plus.co.jp\/vn\/portfolio\/voice\/#voice38\">Engineering<\/a>\n\t\t\t\t\t\t\t\t\t\t<ul class=\"subSideUl\">\n\t\t\t\t\t\t\t\t\t\t\t\t<li ><a href=\"https:\/\/cm-plus.co.jp\/vn\/portfolio\/voice\/cpmc\/\">Chugai Pharma Manufacturing Co., Ltd.<\/a><\/li>\n\t\t\t\t\t\t\t\t\t\t\t\t<li ><a href=\"https:\/\/cm-plus.co.jp\/vn\/portfolio\/voice\/takasago\/\">Takasago International Corporation<\/a><\/li>\n\t\t\t\t\t\t\t\t\t\t\t\t<li ><a href=\"https:\/\/cm-plus.co.jp\/vn\/portfolio\/voice\/iij\/\">Internet Initiative Japan Inc. (IIJ)<\/a><\/li>\n\t\t\t\t\t\t\t\t\t\t\t\t<li ><a href=\"https:\/\/cm-plus.co.jp\/vn\/portfolio\/voice\/iwata\/\">Iwata Label Co., Ltd. (currently IL Pharma Packaging Co., Ltd.)<\/a><\/li>\n\t\t\t\t\t\t\t\t\t\t\t\t<li ><a href=\"https:\/\/cm-plus.co.jp\/vn\/portfolio\/voice\/goryo\/\">Goryo Chemical, Inc.<\/a><\/li>\n\t\t\t\t\t\t\t\t\t\t\t<\/ul>\n\t\t\t\t\t\t\t\t\t<\/li>\n\t\t\t\t\t\t\t\t<li><a href=\"https:\/\/cm-plus.co.jp\/vn\/portfolio\/voice\/#voice39\">Consulting<\/a>\n\t\t\t\t\t\t\t\t\t\t<ul class=\"subSideUl\">\n\t\t\t\t\t\t\t\t\t\t\t\t<li ><a href=\"https:\/\/cm-plus.co.jp\/vn\/portfolio\/voice\/goryo\/\">Goryo Chemical, Inc.<\/a><\/li>\n\t\t\t\t\t\t\t\t\t\t\t<\/ul>\n\t\t\t\t\t\t\t\t\t<\/li>\n\t\t\t\t\t\t\t<\/ul>\n\t\t\t\t\t<\/li>\n\t\t<li id=\"menu-item-514\" class=\"menu-item menu-item-type-post_type menu-item-object-page menu-item-has-children menu-item-514\"><a href=\"https:\/\/cm-plus.co.jp\/vn\/portfolio\/project_details\/\">Projects<\/a>\n<ul class=\"subSideUl\">\n\t<li id=\"menu-item-520\" class=\"menu-item menu-item-type-post_type menu-item-object-page menu-item-520\"><a href=\"https:\/\/cm-plus.co.jp\/vn\/portfolio\/project_details\/terumo-yamaguchi\/\">Terumo Yamaguchi Corporation<\/a><\/li>\n\t<li id=\"menu-item-515\" class=\"menu-item menu-item-type-post_type menu-item-object-page menu-item-515\"><a href=\"https:\/\/cm-plus.co.jp\/vn\/portfolio\/project_details\/coretissue-bioengineering\/\">CoreTissue BioEngineering Inc.<\/a><\/li>\n\t<li id=\"menu-item-517\" class=\"menu-item menu-item-type-post_type menu-item-object-page menu-item-517\"><a href=\"https:\/\/cm-plus.co.jp\/vn\/portfolio\/project_details\/jitsubo\/\">JITSUBO CO., LTD.<\/a><\/li>\n\t<li id=\"menu-item-521\" class=\"menu-item menu-item-type-post_type menu-item-object-page menu-item-521\"><a href=\"https:\/\/cm-plus.co.jp\/vn\/portfolio\/project_details\/iwatalabel\/\">Iwata Label Co., Ltd<br> (currently IL Pharma Packaging Co., Ltd.)<\/a><\/li>\n\t<li id=\"menu-item-522\" class=\"menu-item menu-item-type-post_type menu-item-object-page menu-item-522\"><a href=\"https:\/\/cm-plus.co.jp\/vn\/portfolio\/project_details\/toyobeauty\/\">TOYO BEAUTY CO., LTD.<\/a><\/li>\n\t<li id=\"menu-item-516\" class=\"menu-item menu-item-type-post_type menu-item-object-page menu-item-516\"><a href=\"https:\/\/cm-plus.co.jp\/vn\/portfolio\/project_details\/iij\/\">Internet Initiative Japan Inc.(IIJ)<\/a><\/li>\n\t<li id=\"menu-item-519\" class=\"menu-item menu-item-type-post_type menu-item-object-page menu-item-519\"><a href=\"https:\/\/cm-plus.co.jp\/vn\/portfolio\/project_details\/terumo-vietnam\/\">Terumo Vietnam Co., Ltd<\/a><\/li>\n\t<li id=\"menu-item-523\" class=\"menu-item menu-item-type-post_type menu-item-object-page menu-item-523\"><a href=\"https:\/\/cm-plus.co.jp\/vn\/portfolio\/project_details\/takasago\/\">Takasago International Singapore Pte. Ltd.<\/a><\/li>\n\t<li id=\"menu-item-518\" class=\"menu-item menu-item-type-post_type menu-item-object-page menu-item-518\"><a href=\"https:\/\/cm-plus.co.jp\/vn\/portfolio\/project_details\/medreich\/\">Medreich Limited<\/a><\/li>\n<\/ul>\n<\/li>\n\t<\/ul>\n<\/aside><\/div>\n<\/div>\n<\/div>\n","protected":false},"excerpt":{"rendered":"<p>Home\/ Portfolio\/ Projects\/ Jitsubo Pharmaceuticals and Medical Devices\uff0fMedium-Molecule API Cost reduction thro [&hellip;]<\/p>\n","protected":false},"author":1,"featured_media":0,"parent":476,"menu_order":66,"comment_status":"closed","ping_status":"closed","template":"","meta":{"_acf_changed":false,"footnotes":""},"keywords":[7,12,13],"class_list":["post-484","page","type-page","status-publish","hentry","keywords-project-management-pm","keywords-construction-management-cm","keywords-facility-construction"],"acf":[],"yoast_head":"<!-- This site is optimized with the Yoast SEO plugin v22.4 - https:\/\/yoast.com\/wordpress\/plugins\/seo\/ -->\n<title>Peptide Drug Laboratory Construction Project\uff5cJITSUBO Co., Ltd.\uff5cCM Plus<\/title>\n<meta name=\"description\" content=\"Case Study of CM Plus: Introducing the Project Case of JITSUBO.\" \/>\n<meta name=\"robots\" content=\"noindex, nofollow\" \/>\n<meta property=\"og:locale\" content=\"ja_JP\" \/>\n<meta property=\"og:type\" content=\"article\" \/>\n<meta property=\"og:title\" content=\"Peptide Drug Laboratory Construction Project\uff5cJITSUBO Co., Ltd.\uff5cCM Plus\" \/>\n<meta property=\"og:description\" content=\"Case Study of CM Plus: Introducing the Project Case of JITSUBO.\" \/>\n<meta property=\"og:url\" content=\"https:\/\/cm-plus.co.jp\/vn\/portfolio\/project_details\/jitsubo\/\" \/>\n<meta property=\"og:site_name\" content=\"CM Plus\" \/>\n<meta property=\"article:modified_time\" content=\"2025-09-25T06:41:14+00:00\" \/>\n<meta property=\"og:image\" content=\"https:\/\/cm-plus.co.jp\/vn\/wp-content\/uploads\/2024\/05\/ogp.png\" \/>\n\t<meta property=\"og:image:width\" content=\"1200\" \/>\n\t<meta property=\"og:image:height\" content=\"630\" \/>\n\t<meta property=\"og:image:type\" content=\"image\/png\" \/>\n<meta name=\"twitter:card\" content=\"summary_large_image\" \/>\n<meta name=\"twitter:label1\" content=\"\u63a8\u5b9a\u8aad\u307f\u53d6\u308a\u6642\u9593\" \/>\n\t<meta name=\"twitter:data1\" content=\"12\u5206\" \/>\n<script type=\"application\/ld+json\" class=\"yoast-schema-graph\">{\"@context\":\"https:\/\/schema.org\",\"@graph\":[{\"@type\":\"WebPage\",\"@id\":\"https:\/\/cm-plus.co.jp\/vn\/portfolio\/project_details\/jitsubo\/\",\"url\":\"https:\/\/cm-plus.co.jp\/vn\/portfolio\/project_details\/jitsubo\/\",\"name\":\"Peptide Drug Laboratory Construction Project\uff5cJITSUBO Co., Ltd.\uff5cCM Plus\",\"isPartOf\":{\"@id\":\"https:\/\/cm-plus.co.jp\/vn\/#website\"},\"datePublished\":\"2024-04-24T09:00:05+00:00\",\"dateModified\":\"2025-09-25T06:41:14+00:00\",\"description\":\"Case Study of CM Plus: Introducing the Project Case of JITSUBO.\",\"breadcrumb\":{\"@id\":\"https:\/\/cm-plus.co.jp\/vn\/portfolio\/project_details\/jitsubo\/#breadcrumb\"},\"inLanguage\":\"ja\",\"potentialAction\":[{\"@type\":\"ReadAction\",\"target\":[\"https:\/\/cm-plus.co.jp\/vn\/portfolio\/project_details\/jitsubo\/\"]}]},{\"@type\":\"BreadcrumbList\",\"@id\":\"https:\/\/cm-plus.co.jp\/vn\/portfolio\/project_details\/jitsubo\/#breadcrumb\",\"itemListElement\":[{\"@type\":\"ListItem\",\"position\":1,\"name\":\"\u30db\u30fc\u30e0\",\"item\":\"https:\/\/cm-plus.co.jp\/vn\/\"},{\"@type\":\"ListItem\",\"position\":2,\"name\":\"Portfolio\",\"item\":\"https:\/\/cm-plus.co.jp\/vn\/portfolio\/\"},{\"@type\":\"ListItem\",\"position\":3,\"name\":\"Projects\",\"item\":\"https:\/\/cm-plus.co.jp\/vn\/portfolio\/project_details\/\"},{\"@type\":\"ListItem\",\"position\":4,\"name\":\"Jitsubo\"}]},{\"@type\":\"WebSite\",\"@id\":\"https:\/\/cm-plus.co.jp\/vn\/#website\",\"url\":\"https:\/\/cm-plus.co.jp\/vn\/\",\"name\":\"CM Plus\",\"description\":\"Your Partner in Facility Construction, Quality Assurance, and Training Support\",\"potentialAction\":[{\"@type\":\"SearchAction\",\"target\":{\"@type\":\"EntryPoint\",\"urlTemplate\":\"https:\/\/cm-plus.co.jp\/vn\/?s={search_term_string}\"},\"query-input\":\"required name=search_term_string\"}],\"inLanguage\":\"ja\"}]}<\/script>\n<!-- \/ Yoast SEO plugin. -->","yoast_head_json":{"title":"Peptide Drug Laboratory Construction Project\uff5cJITSUBO Co., Ltd.\uff5cCM Plus","description":"Case Study of CM Plus: Introducing the Project Case of JITSUBO.","robots":{"index":"noindex","follow":"nofollow"},"og_locale":"ja_JP","og_type":"article","og_title":"Peptide Drug Laboratory Construction Project\uff5cJITSUBO Co., Ltd.\uff5cCM Plus","og_description":"Case Study of CM Plus: Introducing the Project Case of JITSUBO.","og_url":"https:\/\/cm-plus.co.jp\/vn\/portfolio\/project_details\/jitsubo\/","og_site_name":"CM Plus","article_modified_time":"2025-09-25T06:41:14+00:00","og_image":[{"width":1200,"height":630,"url":"https:\/\/cm-plus.co.jp\/vn\/wp-content\/uploads\/2024\/05\/ogp.png","type":"image\/png"}],"twitter_card":"summary_large_image","twitter_misc":{"\u63a8\u5b9a\u8aad\u307f\u53d6\u308a\u6642\u9593":"12\u5206"},"schema":{"@context":"https:\/\/schema.org","@graph":[{"@type":"WebPage","@id":"https:\/\/cm-plus.co.jp\/vn\/portfolio\/project_details\/jitsubo\/","url":"https:\/\/cm-plus.co.jp\/vn\/portfolio\/project_details\/jitsubo\/","name":"Peptide Drug Laboratory Construction Project\uff5cJITSUBO Co., Ltd.\uff5cCM Plus","isPartOf":{"@id":"https:\/\/cm-plus.co.jp\/vn\/#website"},"datePublished":"2024-04-24T09:00:05+00:00","dateModified":"2025-09-25T06:41:14+00:00","description":"Case Study of CM Plus: Introducing the Project Case of JITSUBO.","breadcrumb":{"@id":"https:\/\/cm-plus.co.jp\/vn\/portfolio\/project_details\/jitsubo\/#breadcrumb"},"inLanguage":"ja","potentialAction":[{"@type":"ReadAction","target":["https:\/\/cm-plus.co.jp\/vn\/portfolio\/project_details\/jitsubo\/"]}]},{"@type":"BreadcrumbList","@id":"https:\/\/cm-plus.co.jp\/vn\/portfolio\/project_details\/jitsubo\/#breadcrumb","itemListElement":[{"@type":"ListItem","position":1,"name":"\u30db\u30fc\u30e0","item":"https:\/\/cm-plus.co.jp\/vn\/"},{"@type":"ListItem","position":2,"name":"Portfolio","item":"https:\/\/cm-plus.co.jp\/vn\/portfolio\/"},{"@type":"ListItem","position":3,"name":"Projects","item":"https:\/\/cm-plus.co.jp\/vn\/portfolio\/project_details\/"},{"@type":"ListItem","position":4,"name":"Jitsubo"}]},{"@type":"WebSite","@id":"https:\/\/cm-plus.co.jp\/vn\/#website","url":"https:\/\/cm-plus.co.jp\/vn\/","name":"CM Plus","description":"Your Partner in Facility Construction, Quality Assurance, and Training Support","potentialAction":[{"@type":"SearchAction","target":{"@type":"EntryPoint","urlTemplate":"https:\/\/cm-plus.co.jp\/vn\/?s={search_term_string}"},"query-input":"required name=search_term_string"}],"inLanguage":"ja"}]}},"_links":{"self":[{"href":"https:\/\/cm-plus.co.jp\/vn\/wp-json\/wp\/v2\/pages\/484","targetHints":{"allow":["GET"]}}],"collection":[{"href":"https:\/\/cm-plus.co.jp\/vn\/wp-json\/wp\/v2\/pages"}],"about":[{"href":"https:\/\/cm-plus.co.jp\/vn\/wp-json\/wp\/v2\/types\/page"}],"author":[{"embeddable":true,"href":"https:\/\/cm-plus.co.jp\/vn\/wp-json\/wp\/v2\/users\/1"}],"replies":[{"embeddable":true,"href":"https:\/\/cm-plus.co.jp\/vn\/wp-json\/wp\/v2\/comments?post=484"}],"version-history":[{"count":16,"href":"https:\/\/cm-plus.co.jp\/vn\/wp-json\/wp\/v2\/pages\/484\/revisions"}],"predecessor-version":[{"id":5314,"href":"https:\/\/cm-plus.co.jp\/vn\/wp-json\/wp\/v2\/pages\/484\/revisions\/5314"}],"up":[{"embeddable":true,"href":"https:\/\/cm-plus.co.jp\/vn\/wp-json\/wp\/v2\/pages\/476"}],"wp:attachment":[{"href":"https:\/\/cm-plus.co.jp\/vn\/wp-json\/wp\/v2\/media?parent=484"}],"wp:term":[{"taxonomy":"keywords","embeddable":true,"href":"https:\/\/cm-plus.co.jp\/vn\/wp-json\/wp\/v2\/keywords?post=484"}],"curies":[{"name":"wp","href":"https:\/\/api.w.org\/{rel}","templated":true}]}}