{"id":471,"date":"2024-04-24T17:56:44","date_gmt":"2024-04-24T08:56:44","guid":{"rendered":"https:\/\/cm-plus.co.jp\/vn\/?page_id=471"},"modified":"2026-01-06T14:19:43","modified_gmt":"2026-01-06T05:19:43","slug":"access","status":"publish","type":"page","link":"https:\/\/cm-plus.co.jp\/vn\/about_cm_plus\/access\/","title":{"rendered":"Access"},"content":{"rendered":"<div id=\"access\">\n<div id=\"pagePath\">\n<ul>\n<li><a href=\"https:\/\/cm-plus.co.jp\/vn\/\">Trang ch\u1ee7<\/a>\/<\/li>\n<li><a href=\"https:\/\/cm-plus.co.jp\/vn\/about_cm_plus\/\">Gi\u1edbi thi\u1ec7u v\u1ec1 CM Plus<\/a>\/<\/li>\n<li>Access<\/li>\n<\/ul>\n<\/div>\n<div class=\"h1Sub\">\n<div class=\"content\">\n<h1 class=\"h1Ttl\"><span class=\"subSpan\">Gi\u1edbi thi\u1ec7u v\u1ec1 CM Plus<\/span><br class=\"wpTag\">Li\u00ean h\u1ec7<span class=\"h1Photo\"><br \/>\n\t<span class=\"maskBox\"><br \/>\n\t\t<span class=\"topCover\"><br \/>\n\t\t\t<img decoding=\"async\" src=\"https:\/\/cm-plus.co.jp\/vn\/wp-content\/themes\/cmplus\/image\/common\/key01.webp\" alt=\"About CM Plus Access\"><br \/>\n\t\t<\/span><br \/>\n\t\t<span class=\"btmImg01\"><br \/>\n\t\t\t<img decoding=\"async\" src=\"https:\/\/cm-plus.co.jp\/vn\/wp-content\/themes\/cmplus\/image\/common\/image-about-03.webp\" alt=\"About CM Plus Access\"><br \/>\n\t\t<\/span><br \/>\n<span class=\"btmImg02\"><br \/>\n\t\t\t<img decoding=\"async\" src=\"https:\/\/cm-plus.co.jp\/vn\/wp-content\/themes\/cmplus\/image\/common\/image-about-03.webp\" alt=\"About CM Plus Access\"><br \/>\n\t\t<\/span><br \/>\n\t<\/span><br \/>\n<\/span><br \/>\n<\/h1>\n<\/div>\n<\/div>\n<div class=\"content\">\n<div class=\"mainBox\">\n<article id=\"conts\">\n<section>\n<h2 class=\"headLine05\">Li\u00ean h\u1ec7<\/h2>\n<h3 class=\"headLine06\" style=\"margin-bottom: 1rem;\">V\u0103n ph\u00f2ng t\u1ea1i Vi\u1ec7t Nam<\/br><\/h3>\n<dl class=\"accessDl\">\n<dt>C\u00f4ng ty:<\/dt>\n<dd>C\u00f4ng ty TNHH CM Plus Vi\u1ec7t Nam<\/dd>\n<dt>\u0110\u1ecba ch\u1ec9:<\/dt>\n<dd>Ph\u00f2ng 901A, T\u1ea7ng 09, The Grace Tower, 71 Ho\u00e0ng V\u0103n Th\u00e1i, Khu ph\u1ed1 1, <br class=\"wpTag\"><br \/>\n\t\t\tPh\u01b0\u1eddng T\u00e2n Ph\u00fa, Qu\u1eadn 7, TP. H\u1ed3 Ch\u00ed Minh, Vi\u1ec7t Nam <br class=\"wpTag\"><\/p>\n<p>\t\t\t<iframe src=\"https:\/\/www.google.com\/maps\/embed?pb=!1m14!1m8!1m3!1d3920.047073803537!2d106.7210042!3d10.7308528!3m2!1i1024!2i768!4f13.1!3m3!1m2!1s0x31752fcb828d072f%3A0xacc4d554b6b64e07!2sC%C3%B4ng%20Ty%20TNHH%20CM%20Plus%20Vi%E1%BB%87t%20Nam!5e0!3m2!1sja!2sjp!4v1767676458612!5m2!1sja!2sjp\" width=\"600\" height=\"450\" style=\"border:0;\" allowfullscreen=\"\" loading=\"lazy\" referrerpolicy=\"no-referrer-when-downgrade\"><\/iframe><\/dd>\n<dt>TEL:<\/dt>\n<dd><a href=\"tel:842837115530\">+84-28-3711-5530, 5531<\/a><\/dd>\n<\/dl>\n<h3 class=\"headLine06\" style=\"margin-bottom: 1rem;\">Tr\u1ee5 s\u1edf T\u1eadp \u0111o\u00e0n  |  Singapore<\/br><br \/>\n<\/h3>\n<dl class=\"accessDl\">\n<dt>C\u00f4ng ty:<\/dt>\n<dd>CM Plus Singapore Pte. Ltd<\/dd>\n<dt>\u0110\u1ecba ch\u1ec9:<\/dt>\n<dd> 11 North Buona Vista Drive, #08-09 (@Servcorp\uff09The Metropolis Tower 2,<br class=\"wpTag\"><br \/>\n\t\t\tSingapore 138589<br class=\"wpTag\"><\/p>\n<p>\t\t\t<a href=\"https:\/\/www.google.com\/maps\/search\/11+North+Buona+Vista+Drive+%2308-09+(@servcorp+The+Metropolis+Tower+2+Singapore+138589\/@1.3058974,103.7905562,841m\/data=!3m1!1e3?entry=ttu&#038;g_ep=EgoyMDI1MDMxOS4yIKXMDSoASAFQAw%3D%3D\" target=\"_blank\" rel=\"noopener noreferrer\" class=\"comWebLink01\">[Google Map]<\/a><\/dd>\n<dt>TEL:<\/dt>\n<dd><a href=\"tel:6568087840\">+65-6808-7840<\/a><\/dd>\n<\/dl>\n<h3 class=\"headLine06\" style=\"margin-bottom: 1rem;\">Tr\u1ee5 s\u1edf t\u1ea1i Nh\u1eadt B\u1ea3n<\/br><\/h3>\n<dl class=\"accessDl\">\n<dt>C\u00f4ng ty:<\/dt>\n<dd>T\u1eadp \u0111o\u00e0n CM Plus<\/dd>\n<dt>\u0110\u1ecba ch\u1ec9:<\/dt>\n<dd>Minatomirai Grand Central Tower 6F<br class=\"wpTag\"><br \/>\n\t\t\t4-6-2, Minatomirai, Nishi-ku, Yokohama 220-0012, Japan<br class=\"wpTag\"><\/p>\n<p>\t\t\t<a href=\"https:\/\/maps.app.goo.gl\/nfcyAYqKckNNWe4X7\" target=\"_blank\" rel=\"noopener noreferrer\" class=\"comWebLink01\">[Google Map]<\/a><\/dd>\n<dt>TEL:<\/dt>\n<dd><a href=\"tel:81452228710\">+81 45 222-8710<\/a> (main)<\/dd>\n<\/dl>\n<h3 class=\"headLine06\" style=\"margin-bottom: 1rem;\">V\u0103n ph\u00f2ng Indonesia<\/br><\/h3>\n<dl class=\"accessDl\">\n<dt>C\u00f4ng ty:<\/dt>\n<dd>PT.CMPLUS CONSULTING INDONESIA<\/dd>\n<dt>\u0110\u1ecba ch\u1ec9:<\/dt>\n<dd>Menara Thamrin 3A-08, Jl. M.H. Thamrin Kav. 3, <br class=\"wpTag\"><br \/>\n\t\t\tJakarta Pusat 10250 \u2013 Indonesia<br class=\"wpTag\"><\/p>\n<p>\t\t\t<a href=\"https:\/\/maps.app.goo.gl\/oXj5yodPFkT6KM7JA\" target=\"_blank\" rel=\"noopener noreferrer\" class=\"comWebLink01\">[Google Map]<\/a><\/dd>\n<dt>TEL:<\/dt>\n<dd><a href=\"tel:622129608305\">+62 21 398 300 96<\/a><\/dd>\n<\/dl>\n<\/section>\n<section class=\"comOtherBox\">\n<h2 class=\"headLine04\">Gi\u1edbi thi\u1ec7u v\u1ec1 CM Plus<\/h2>\n<ul class=\"comLinkList\">\n<li><a href=\"https:\/\/cm-plus.co.jp\/vn\/about_cm_plus\/greeting\/\"><br \/>\n\t<span class=\"photo\"><img decoding=\"async\" src=\"https:\/\/cm-plus.co.jp\/vn\/wp-content\/themes\/cmplus\/image\/about_cm_plus\/photo01.webp\" alt=\"Top Message\"><\/span><br \/>\n\t<span class=\"subSpan\">Th\u00f4ng \u0111i\u1ec7p t\u1eeb Ban l\u00e3nh \u0111\u1ea1o<\/span><br \/>\n\t<\/a>\n\t<\/li>\n<li><a href=\"https:\/\/cm-plus.co.jp\/vn\/about_cm_plus\/philosophy\/\"><br \/>\n\t<span class=\"photo\"><img decoding=\"async\" src=\"https:\/\/cm-plus.co.jp\/vn\/wp-content\/themes\/cmplus\/image\/about_cm_plus\/photo02.webp\" alt=\"Tri\u1ebft l\u00fd v\u00e0 L\u1ecbch s\u1eed C\u00f4ng ty\"><\/span><br \/>\n\t<span class=\"subSpan\">Tri\u1ebft l\u00fd v\u00e0 L\u1ecbch s\u1eed C\u00f4ng ty<\/span><br \/>\n\t<\/a>\n\t<\/li>\n<li><a href=\"https:\/\/cm-plus.co.jp\/vn\/about_cm_plus\/record\/\/\"><br \/>\n\t<span class=\"photo\"><img decoding=\"async\" src=\"https:\/\/cm-plus.co.jp\/vn\/wp-content\/themes\/cmplus\/image\/about_cm_plus\/photo03.webp\" alt=\"Th\u00e0nh t\u1ef1u t\u1eeb c\u00e1c con s\u1ed1\"><\/span><br \/>\n\t<span class=\"subSpan\">Th\u00e0nh t\u1ef1u t\u1eeb c\u00e1c con s\u1ed1<\/span><br \/>\n\t<\/a>\n\t<\/li>\n<p>\t<!--\n\n<li><a href=\"[url]\/about_cm_plus\/organization\/\">\n\t<span class=\"photo\"><img decoding=\"async\" src=\"https:\/\/cm-plus.co.jp\/vn\/wp-content\/themes\/cmplus\/image\/about_cm_plus\/photo05.webp\" alt=\"Organization\"><\/span>\n\t<span class=\"subSpan\">Organization<\/span>\n\t<\/a>\n\t<\/li>\n\n--><\/p>\n<li><a href=\"https:\/\/cm-plus.co.jp\/vn\/about_cm_plus\/executive_profiles\/\"><br \/>\n\t<span class=\"photo\"><img decoding=\"async\" src=\"https:\/\/cm-plus.co.jp\/vn\/wp-content\/themes\/cmplus\/image\/about_cm_plus\/photo06.webp\" alt=\"Ban L\u00e3nh \u0111\u1ea1o v\u00e0 Qu\u1ea3n l\u00fd\"><\/span><br \/>\n\t<span class=\"subSpan\">Ban L\u00e3nh \u0111\u1ea1o v\u00e0 Qu\u1ea3n l\u00fd<\/span><br \/>\n\t<\/a>\n\t<\/li>\n<li><a href=\"https:\/\/cm-plus.co.jp\/vn\/about_cm_plus\/mobilization_qualification\/\"><br \/>\n\t<span class=\"photo\"><img decoding=\"async\" src=\"https:\/\/cm-plus.co.jp\/vn\/wp-content\/themes\/cmplus\/image\/about_cm_plus\/photo07.webp\" alt=\"Chuy\u00ean gia v\u00e0 Ch\u1ee9ng ch\u1ec9 N\u0103ng l\u1ef1c\"><\/span><br \/>\n\t<span class=\"subSpan\">Chuy\u00ean gia v\u00e0 Ch\u1ee9ng ch\u1ec9 N\u0103ng l\u1ef1c<\/span><br \/>\n\t\t\t<\/a>\n\t\t<\/li>\n<p>\t\t<!--\n\n<li><a href=\"[url]\/about_cm_plus\/cm_plus_qa\/\">\n\t\t\t<span class=\"photo\"><img decoding=\"async\" src=\"https:\/\/cm-plus.co.jp\/vn\/wp-content\/themes\/cmplus\/image\/about_cm_plus\/photo08.webp\" alt=\"FAQ\"><\/span>\n\t\t\t<span class=\"subSpan\">FAQ<\/span>\n\t\t\t<\/a>\n\t\t<\/li>\n\n-->\n\t<\/ul>\n<\/section>\n<section class=\"comOtherBox comBorBox03\">\n<h2 class=\"headLine04\">D\u1ecbch v\u1ee5 c\u1ee7a CM Plus<\/h2>\n<ul class=\"comLinkList\">\n<li><a href=\"https:\/\/cm-plus.co.jp\/vn\/service\/engineering\/\"><br \/>\n\t<span class=\"photo\"><img decoding=\"async\" src=\"https:\/\/cm-plus.co.jp\/vn\/wp-content\/themes\/cmplus\/image\/common\/photo01.webp\" alt=\"T\u01b0 v\u1ea5n K\u1ef9 thu\u1eadt, Qu\u1ea3n l\u00fd D\u1ef1 \u00e1n\"><\/span><br \/>\n\t<span class=\"subSpan\">T\u01b0 v\u1ea5n K\u1ef9 thu\u1eadt, Qu\u1ea3n l\u00fd D\u1ef1 \u00e1n<\/span><br \/>\n\t<\/a><\/li>\n<li><a href=\"https:\/\/cm-plus.co.jp\/vn\/service\/consulting\/\"><br \/>\n\t<span class=\"photo\"><img decoding=\"async\" src=\"https:\/\/cm-plus.co.jp\/vn\/wp-content\/themes\/cmplus\/image\/common\/photo02.webp\" alt=\"T\u01b0 v\u1ea5n\"><\/span><br \/>\n\t<span class=\"subSpan\">T\u01b0 v\u1ea5n<\/span><br \/>\n\t<\/a><\/li>\n<li><a href=\"https:\/\/cm-plus.co.jp\/vn\/service\/support_for_training\/\"><br \/>\n\t<span class=\"photo\"><img decoding=\"async\" src=\"https:\/\/cm-plus.co.jp\/vn\/wp-content\/themes\/cmplus\/image\/common\/photo03.webp\" alt=\"H\u1ed7 tr\u1ee3 \u0110\u00e0o t\u1ea1o\/ Hu\u1ea5n luy\u1ec7n\"><\/span><br \/>\n\t<span class=\"subSpan\">H\u1ed7 tr\u1ee3 \u0110\u00e0o t\u1ea1o\/ Hu\u1ea5n luy\u1ec7n<\/span><br \/>\n\t<\/a><\/li>\n<li><a href=\"https:\/\/cm-plus.co.jp\/vn\/service\/technology_information\/\"><br \/>\n\t<span class=\"photo\"><img decoding=\"async\" src=\"https:\/\/cm-plus.co.jp\/vn\/wp-content\/themes\/cmplus\/image\/common\/photo04.webp\" alt=\"D\u1ecbch v\u1ee5 Th\u00f4ng tin k\u1ef9 thu\u1eadt\"><\/span><br \/>\n\t<span class=\"subSpan\">D\u1ecbch v\u1ee5 Th\u00f4ng tin k\u1ef9 thu\u1eadt<\/span><br \/>\n\t\t<\/a><\/li>\n<\/ul>\n<\/section>\n<\/article>\n<aside id=\"sideBar\">\n\t<p class=\"sideTtl\"><a href=\"https:\/\/cm-plus.co.jp\/vn\/about_cm_plus\/\"><span class=\"txtSpan barlow\">Gi\u1edbi thi\u1ec7u v\u1ec1 CM Plus<\/span><\/a><\/p>\n\t<ul id=\"menu-about\" class=\"sideList\"><li id=\"menu-item-507\" class=\"menu-item menu-item-type-post_type menu-item-object-page menu-item-507\"><a href=\"https:\/\/cm-plus.co.jp\/vn\/about_cm_plus\/greeting\/\">Th\u00f4ng \u0111i\u1ec7p t\u1eeb Ban L\u00e3nh \u0110\u1ea1o<\/a><\/li>\n<li id=\"menu-item-506\" class=\"menu-item menu-item-type-post_type menu-item-object-page menu-item-506\"><a href=\"https:\/\/cm-plus.co.jp\/vn\/about_cm_plus\/philosophy\/\">Tri\u1ebft l\u00fd &#038; L\u1ecbch s\u1eed Ph\u00e1t tri\u1ec3n<\/a><\/li>\n<li id=\"menu-item-511\" class=\"menu-item menu-item-type-post_type menu-item-object-page menu-item-511\"><a href=\"https:\/\/cm-plus.co.jp\/vn\/about_cm_plus\/record\/\">Th\u00e0nh T\u1ef1u Qua C\u00e1c Con S\u1ed1<\/a><\/li>\n<li id=\"menu-item-508\" class=\"menu-item menu-item-type-post_type menu-item-object-page menu-item-has-children menu-item-508\"><a href=\"https:\/\/cm-plus.co.jp\/vn\/about_cm_plus\/company_overview\/\">Gi\u1edbi Thi\u1ec7u C\u00f4ng Ty<\/a>\n<ul class=\"sub-menu\">\n\t<li id=\"menu-item-512\" class=\"menu-item menu-item-type-post_type menu-item-object-page menu-item-512\"><a href=\"https:\/\/cm-plus.co.jp\/vn\/about_cm_plus\/company_overview\/vision\/\">Vision\u30fbCREDO\u30fbMission<\/a><\/li>\n<\/ul>\n<\/li>\n<li id=\"menu-item-510\" class=\"menu-item menu-item-type-post_type menu-item-object-page menu-item-510\"><a href=\"https:\/\/cm-plus.co.jp\/vn\/about_cm_plus\/executive_profiles\/\">Ban \u0110i\u1ec1u H\u00e0nh T\u1eadp \u0110o\u00e0n<\/a><\/li>\n<li id=\"menu-item-509\" class=\"menu-item menu-item-type-post_type menu-item-object-page menu-item-509\"><a href=\"https:\/\/cm-plus.co.jp\/vn\/about_cm_plus\/mobilization_qualification\/\">Chuy\u00ean Gia &#038; Ch\u1ee9ng Nh\u1eadn<\/a><\/li>\n<li id=\"menu-item-505\" class=\"menu-item menu-item-type-post_type menu-item-object-page menu-item-505\"><a href=\"https:\/\/cm-plus.co.jp\/vn\/about_cm_plus\/access\/\">Li\u00ean H\u1ec7 \/ V\u1ecb Tr\u00ed<\/a><\/li>\n<\/ul><\/aside><\/div>\n<\/div>\n<\/div>\n","protected":false},"excerpt":{"rendered":"<p>Trang ch\u1ee7\/ Gi\u1edbi thi\u1ec7u v\u1ec1 CM Plus\/ Access Gi\u1edbi thi\u1ec7u v\u1ec1 CM PlusLi\u00ean h\u1ec7 Li\u00ean h\u1ec7 V\u0103n ph\u00f2ng t\u1ea1i Vi\u1ec7t Nam C\u00f4ng ty:  [&hellip;]<\/p>\n","protected":false},"author":1,"featured_media":0,"parent":444,"menu_order":19,"comment_status":"closed","ping_status":"closed","template":"","meta":{"_acf_changed":false,"footnotes":""},"keywords":[],"class_list":["post-471","page","type-page","status-publish","hentry"],"acf":[],"yoast_head":"<!-- This site is optimized with the Yoast SEO plugin v22.4 - https:\/\/yoast.com\/wordpress\/plugins\/seo\/ -->\n<title>Access\uff5cCM Plus<\/title>\n<meta name=\"description\" content=\"We introduce the access information for CM Plus.\" \/>\n<meta name=\"robots\" content=\"index, follow, max-snippet:-1, max-image-preview:large, max-video-preview:-1\" \/>\n<link rel=\"canonical\" href=\"https:\/\/cm-plus.co.jp\/vn\/about_cm_plus\/access\/\" \/>\n<meta property=\"og:locale\" content=\"ja_JP\" \/>\n<meta property=\"og:type\" content=\"article\" \/>\n<meta property=\"og:title\" content=\"Access\uff5cCM Plus\" \/>\n<meta property=\"og:description\" content=\"We introduce the access information for CM Plus.\" \/>\n<meta property=\"og:url\" content=\"https:\/\/cm-plus.co.jp\/vn\/about_cm_plus\/access\/\" \/>\n<meta property=\"og:site_name\" content=\"CM Plus\" \/>\n<meta property=\"article:modified_time\" content=\"2026-01-06T05:19:43+00:00\" \/>\n<meta property=\"og:image\" content=\"https:\/\/cm-plus.co.jp\/vn\/wp-content\/uploads\/2024\/05\/ogp.png\" \/>\n<meta name=\"twitter:card\" content=\"summary_large_image\" \/>\n<meta name=\"twitter:label1\" content=\"\u63a8\u5b9a\u8aad\u307f\u53d6\u308a\u6642\u9593\" \/>\n\t<meta name=\"twitter:data1\" content=\"5\u5206\" \/>\n<script type=\"application\/ld+json\" class=\"yoast-schema-graph\">{\"@context\":\"https:\/\/schema.org\",\"@graph\":[{\"@type\":\"WebPage\",\"@id\":\"https:\/\/cm-plus.co.jp\/vn\/about_cm_plus\/access\/\",\"url\":\"https:\/\/cm-plus.co.jp\/vn\/about_cm_plus\/access\/\",\"name\":\"Access | CM Plus\",\"isPartOf\":{\"@id\":\"https:\/\/cm-plus.co.jp\/vn\/#website\"},\"primaryImageOfPage\":{\"@id\":\"https:\/\/cm-plus.co.jp\/vn\/about_cm_plus\/access\/#primaryimage\"},\"image\":{\"@id\":\"https:\/\/cm-plus.co.jp\/vn\/about_cm_plus\/access\/#primaryimage\"},\"thumbnailUrl\":\"https:\/\/cm-plus.co.jp\/vn\/wp-content\/themes\/cmplus\/image\/common\/key01.webp\",\"datePublished\":\"2024-04-24T08:56:44+00:00\",\"dateModified\":\"2026-01-06T05:19:43+00:00\",\"description\":\"We introduce the access information for CM Plus.\",\"breadcrumb\":{\"@id\":\"https:\/\/cm-plus.co.jp\/vn\/about_cm_plus\/access\/#breadcrumb\"},\"inLanguage\":\"ja\",\"potentialAction\":[{\"@type\":\"ReadAction\",\"target\":[\"https:\/\/cm-plus.co.jp\/vn\/about_cm_plus\/access\/\"]}]},{\"@type\":\"ImageObject\",\"inLanguage\":\"ja\",\"@id\":\"https:\/\/cm-plus.co.jp\/vn\/about_cm_plus\/access\/#primaryimage\",\"url\":\"https:\/\/cm-plus.co.jp\/vn\/wp-content\/themes\/cmplus\/image\/common\/key01.webp\",\"contentUrl\":\"https:\/\/cm-plus.co.jp\/vn\/wp-content\/themes\/cmplus\/image\/common\/key01.webp\"},{\"@type\":\"BreadcrumbList\",\"@id\":\"https:\/\/cm-plus.co.jp\/vn\/about_cm_plus\/access\/#breadcrumb\",\"itemListElement\":[{\"@type\":\"ListItem\",\"position\":1,\"name\":\"\u30db\u30fc\u30e0\",\"item\":\"https:\/\/cm-plus.co.jp\/vn\/\"},{\"@type\":\"ListItem\",\"position\":2,\"name\":\"About CM Plus\",\"item\":\"https:\/\/cm-plus.co.jp\/vn\/about_cm_plus\/\"},{\"@type\":\"ListItem\",\"position\":3,\"name\":\"Access\"}]},{\"@type\":\"WebSite\",\"@id\":\"https:\/\/cm-plus.co.jp\/vn\/#website\",\"url\":\"https:\/\/cm-plus.co.jp\/vn\/\",\"name\":\"CM Plus\",\"description\":\"Your Partner in Facility Construction, Quality Assurance, and Training Support\",\"potentialAction\":[{\"@type\":\"SearchAction\",\"target\":{\"@type\":\"EntryPoint\",\"urlTemplate\":\"https:\/\/cm-plus.co.jp\/vn\/?s={search_term_string}\"},\"query-input\":\"required name=search_term_string\"}],\"inLanguage\":\"ja\"}]}<\/script>\n<!-- \/ Yoast SEO plugin. -->","yoast_head_json":{"title":"Access\uff5cCM Plus","description":"We introduce the access information for CM Plus.","robots":{"index":"index","follow":"follow","max-snippet":"max-snippet:-1","max-image-preview":"max-image-preview:large","max-video-preview":"max-video-preview:-1"},"canonical":"https:\/\/cm-plus.co.jp\/vn\/about_cm_plus\/access\/","og_locale":"ja_JP","og_type":"article","og_title":"Access\uff5cCM Plus","og_description":"We introduce the access information for CM Plus.","og_url":"https:\/\/cm-plus.co.jp\/vn\/about_cm_plus\/access\/","og_site_name":"CM Plus","article_modified_time":"2026-01-06T05:19:43+00:00","og_image":[{"url":"https:\/\/cm-plus.co.jp\/vn\/wp-content\/uploads\/2024\/05\/ogp.png"}],"twitter_card":"summary_large_image","twitter_misc":{"\u63a8\u5b9a\u8aad\u307f\u53d6\u308a\u6642\u9593":"5\u5206"},"schema":{"@context":"https:\/\/schema.org","@graph":[{"@type":"WebPage","@id":"https:\/\/cm-plus.co.jp\/vn\/about_cm_plus\/access\/","url":"https:\/\/cm-plus.co.jp\/vn\/about_cm_plus\/access\/","name":"Access | CM Plus","isPartOf":{"@id":"https:\/\/cm-plus.co.jp\/vn\/#website"},"primaryImageOfPage":{"@id":"https:\/\/cm-plus.co.jp\/vn\/about_cm_plus\/access\/#primaryimage"},"image":{"@id":"https:\/\/cm-plus.co.jp\/vn\/about_cm_plus\/access\/#primaryimage"},"thumbnailUrl":"https:\/\/cm-plus.co.jp\/vn\/wp-content\/themes\/cmplus\/image\/common\/key01.webp","datePublished":"2024-04-24T08:56:44+00:00","dateModified":"2026-01-06T05:19:43+00:00","description":"We introduce the access information for CM Plus.","breadcrumb":{"@id":"https:\/\/cm-plus.co.jp\/vn\/about_cm_plus\/access\/#breadcrumb"},"inLanguage":"ja","potentialAction":[{"@type":"ReadAction","target":["https:\/\/cm-plus.co.jp\/vn\/about_cm_plus\/access\/"]}]},{"@type":"ImageObject","inLanguage":"ja","@id":"https:\/\/cm-plus.co.jp\/vn\/about_cm_plus\/access\/#primaryimage","url":"https:\/\/cm-plus.co.jp\/vn\/wp-content\/themes\/cmplus\/image\/common\/key01.webp","contentUrl":"https:\/\/cm-plus.co.jp\/vn\/wp-content\/themes\/cmplus\/image\/common\/key01.webp"},{"@type":"BreadcrumbList","@id":"https:\/\/cm-plus.co.jp\/vn\/about_cm_plus\/access\/#breadcrumb","itemListElement":[{"@type":"ListItem","position":1,"name":"\u30db\u30fc\u30e0","item":"https:\/\/cm-plus.co.jp\/vn\/"},{"@type":"ListItem","position":2,"name":"About CM Plus","item":"https:\/\/cm-plus.co.jp\/vn\/about_cm_plus\/"},{"@type":"ListItem","position":3,"name":"Access"}]},{"@type":"WebSite","@id":"https:\/\/cm-plus.co.jp\/vn\/#website","url":"https:\/\/cm-plus.co.jp\/vn\/","name":"CM Plus","description":"Your Partner in Facility Construction, Quality Assurance, and Training Support","potentialAction":[{"@type":"SearchAction","target":{"@type":"EntryPoint","urlTemplate":"https:\/\/cm-plus.co.jp\/vn\/?s={search_term_string}"},"query-input":"required name=search_term_string"}],"inLanguage":"ja"}]}},"_links":{"self":[{"href":"https:\/\/cm-plus.co.jp\/vn\/wp-json\/wp\/v2\/pages\/471","targetHints":{"allow":["GET"]}}],"collection":[{"href":"https:\/\/cm-plus.co.jp\/vn\/wp-json\/wp\/v2\/pages"}],"about":[{"href":"https:\/\/cm-plus.co.jp\/vn\/wp-json\/wp\/v2\/types\/page"}],"author":[{"embeddable":true,"href":"https:\/\/cm-plus.co.jp\/vn\/wp-json\/wp\/v2\/users\/1"}],"replies":[{"embeddable":true,"href":"https:\/\/cm-plus.co.jp\/vn\/wp-json\/wp\/v2\/comments?post=471"}],"version-history":[{"count":28,"href":"https:\/\/cm-plus.co.jp\/vn\/wp-json\/wp\/v2\/pages\/471\/revisions"}],"predecessor-version":[{"id":6259,"href":"https:\/\/cm-plus.co.jp\/vn\/wp-json\/wp\/v2\/pages\/471\/revisions\/6259"}],"up":[{"embeddable":true,"href":"https:\/\/cm-plus.co.jp\/vn\/wp-json\/wp\/v2\/pages\/444"}],"wp:attachment":[{"href":"https:\/\/cm-plus.co.jp\/vn\/wp-json\/wp\/v2\/media?parent=471"}],"wp:term":[{"taxonomy":"keywords","embeddable":true,"href":"https:\/\/cm-plus.co.jp\/vn\/wp-json\/wp\/v2\/keywords?post=471"}],"curies":[{"name":"wp","href":"https:\/\/api.w.org\/{rel}","templated":true}]}}