{"id":454,"date":"2024-04-24T17:53:39","date_gmt":"2024-04-24T08:53:39","guid":{"rendered":"https:\/\/cm-plus.co.jp\/vn\/?page_id=454"},"modified":"2026-01-06T13:45:54","modified_gmt":"2026-01-06T04:45:54","slug":"company_overview","status":"publish","type":"page","link":"https:\/\/cm-plus.co.jp\/vn\/about_cm_plus\/company_overview\/","title":{"rendered":"Company Outline"},"content":{"rendered":"<div id=\"company\">\n<div id=\"pagePath\">\n<ul>\n<li><a href=\"https:\/\/cm-plus.co.jp\/vn\/\">Trang ch\u1ee7<\/a>\/<\/li>\n<li><a href=\"https:\/\/cm-plus.co.jp\/vn\/about_cm_plus\/\">Gi\u1edbi thi\u1ec7u v\u1ec1 CM Plus<\/a>\/<\/li>\n<li>S\u01a1 l\u01b0\u1ee3c v\u1ec1 c\u00f4ng ty<\/li>\n<\/ul><\/div>\n<div class=\"h1Sub\">\n<div class=\"content\">\n<h1 class=\"h1Ttl\"><span class=\"subSpan\">Gi\u1edbi thi\u1ec7u v\u1ec1 CM Plus<\/span><br class=\"wpTag\">S\u01a1 l\u01b0\u1ee3c v\u1ec1 c\u00f4ng ty<br \/>\n\t<span class=\"h1Photo\"><br \/>\n\t<span class=\"maskBox\"><br \/>\n\t<span class=\"topCover\"><br \/>\n\t<img decoding=\"async\" src=\"https:\/\/cm-plus.co.jp\/vn\/wp-content\/themes\/cmplus\/image\/common\/key01.webp\" alt=\"Gi\u1edbi thi\u1ec7u v\u1ec1 CM Plus S\u01a1 l\u01b0\u1ee3c v\u1ec1 c\u00f4ng ty\"><br \/>\n\t<\/span><br \/>\n\t<span class=\"btmImg01\"><br \/>\n\t<img decoding=\"async\" src=\"https:\/\/cm-plus.co.jp\/vn\/wp-content\/themes\/cmplus\/image\/common\/image-about.webp\" alt=\"Gi\u1edbi thi\u1ec7u v\u1ec1 CM Plus S\u01a1 l\u01b0\u1ee3c v\u1ec1 c\u00f4ng ty\"><br \/>\n\t<\/span><br \/>\n\t<span class=\"btmImg02\"><br \/>\n\t<img decoding=\"async\" src=\"https:\/\/cm-plus.co.jp\/vn\/wp-content\/themes\/cmplus\/image\/common\/image-about.webp\" alt=\"Gi\u1edbi thi\u1ec7u v\u1ec1 CM Plus S\u01a1 l\u01b0\u1ee3c v\u1ec1 c\u00f4ng ty\"><br \/>\n\t<\/span><br \/>\n\t<\/span><br \/>\n\t<\/span><br \/>\n\t<\/h1>\n<\/p><\/div>\n<\/p><\/div>\n<div class=\"content\">\n<div class=\"mainBox\">\n<article id=\"conts\">\n<section class=\"tabSec\">\n<h2 id=\"overview3\" class=\"headLine06\">V\u0103n ph\u00f2ng t\u1ea1i Vi\u1ec7t Nam<\/h2>\n<table class=\"tableC\">\n<tr>\n<th>T\u00ean c\u00f4ng ty<\/th>\n<td>C\u00f4ng ty TNHH CM Plus Vi\u1ec7t Nam<\/td>\n<\/tr>\n<tr>\n<th>\u0110\u1ecba ch\u1ec9<\/th>\n<td>Ph\u00f2ng 901A, T\u1ea7ng 09, THE GRACE TOWER<br \/>\n71 Ho\u00e0ng V\u0103n Th\u00e1i, Khu ph\u1ed1 1, Ph\u01b0\u1eddng T\u00e2n M\u1ef9,<br \/>\nTP. H\u1ed3 Ch\u00ed Minh, Vi\u1ec7t Nam <br class=\"wpTag\"><br \/>\n\tTEL\uff1a+<a href=\"tel:842837115530\">84-28-3711-5530, 5531<\/a><\/td>\n<\/tr>\n<tr>\n<th>Ban L\u00e3nh \u0110\u1ea1o<\/th>\n<td>Tetsuo Fujioka, Ch\u1ee7 t\u1ecbch<br class=\"wpTag\"><br \/>\n\tShigeru Yamada, T\u1ed5ng Gi\u00e1m \u0111\u1ed1c<\/td>\n<\/tr>\n<\/table>\n<\/section>\n<section class=\"tabSec\">\n<h2 id=\"overview1\" class=\"headLine06\">Tr\u1ee5 s\u1edf T\u1eadp \u0111o\u00e0n  |  Singapore<\/h2>\n<table class=\"tableC\">\n<tr>\n<th>T\u00ean c\u00f4ng ty<\/th>\n<td>CM Plus Singapore Pte. Ltd.<\/td>\n<\/tr>\n<tr>\n<th>\u0110\u1ecba ch\u1ec9<\/th>\n<td>11 North Buona Vista Drive, #08-09 (@Servcorp\uff09The Metropolis Tower 2, Singapore 138589<br class=\"wpTag\"><br \/>\n\tTEL : \uff0b<a href=\"tel:6568087840\">65-6808-7840<\/a><\/td>\n<\/tr>\n<tr>\n<th>Ban L\u00e3nh \u0111\u1ea1o v\u00e0 Qu\u1ea3n l\u00fd<\/th>\n<td>Tsunehiro Togashi, Gi\u00e1m \u0111\u1ed1c \u0111i\u1ec1u h\u00e0nh &#038; CEO T\u1eadp \u0111o\u00e0n<br class=\"wpTag\"><br \/>\n\tTetsuo Fujioka, Gi\u00e1m \u0111\u1ed1c, COO <br class=\"wpTag\"><br \/>\n\tTomoko Togashi, Gi\u00e1m \u0111\u1ed1c, CFO <br class=\"wpTag\"><\/p>\n<\/td>\n<\/tr>\n<\/table>\n<\/section>\n<section class=\"tabSec\">\n<h2 id=\"overview2\" class=\"headLine06\">Tr\u1ee5 s\u1edf Nh\u1eadt B\u1ea3n<\/h2>\n<table class=\"tableC\">\n<tr>\n<th>T\u00ean c\u00f4ng ty<\/th>\n<td>CM Plus Corporation<\/td>\n<\/tr>\n<tr>\n<th>\u0110\u1ecba ch\u1ec9<\/th>\n<td>Minatomirai Grand Central Tower 6F<br class=\"wpTag\"><br \/>\n\t4-6-2, Minatomirai, Nishi-ku, Yokohama 220-0012, Japan\uff3b<a href=\"https:\/\/maps.app.goo.gl\/nfcyAYqKckNNWe4X7\" target=\"_blank\" class=\"comWebLink01\" rel=\"noopener noreferrer\">Map (Google Map)<\/a>\uff3d<br class=\"wpTag\"><br \/>\n\tTEL\uff1a<a href=\"tel:+81452228710\">+81 45 222-8710<\/a><br class=\"wpTag\">FAX\uff1a+81 45 222-8717<\/td>\n<\/tr>\n<tr>\n<th>Th\u00e0nh l\u1eadp<\/th>\n<td>August 17, 2007<\/td>\n<\/tr>\n<tr>\n<th>V\u1ed1n \u0111\u1ea7u t\u01b0<\/th>\n<td>66 million yen<\/td>\n<\/tr>\n<tr>\n<th>Ban L\u00e3nh \u0111\u1ea1o v\u00e0 Qu\u1ea3n l\u00fd<\/th>\n<td>Satoshi Suekane, Gi\u00e1m \u0111\u1ed1c \u0110\u1ea1i di\u1ec7n, Ch\u1ee7 t\u1ecbch<br class=\"wpTag\"><br \/>\n\t\tSyunichi Hirashima, Gi\u00e1m \u0111\u1ed1c, Ch\u1ee7 t\u1ecbch H\u1ed9i \u0111\u1ed3ng Qu\u1ea3n tr\u1ecb<br class=\"wpTag\"><br \/>\n\t\tHirohito Katayama, Gi\u00e1m \u0111\u1ed1c<br class=\"wpTag\"><br \/>\n\t\tToru Itabashi, Gi\u00e1m \u0111\u1ed1c<br class=\"wpTag\"><br \/>\n\t\tTetsuo Fujioka, Gi\u00e1m \u0111\u1ed1c<\/td>\n<\/tr>\n<tr>\n<th>Gi\u1ea5y ph\u00e9p v\u00e0 \u0111\u0103ng k\u00fd<\/th>\n<td>First-class registered architect&#8217;s office (Registered with Governor of Kanagawa: No. 15595)<br class=\"wpTag\"><br \/>\n\t\tSpecial Construction Business License (Toku 3, No. 76943)<br class=\"wpTag\"><br \/>\n\t\tPermission for Worker Dispatching Undertakings (Ha 14, No. 301745)<br class=\"wpTag\"><br \/>\n\t\tFirst-class marketing license for pharmaceuticals\u3000No. 14A1X10003<br class=\"wpTag\"><br \/>\n\t\tSecond-class marketing license for pharmaceuticals\u3000No. 14A2X10010<\/td>\n<\/tr>\n<tr>\n<th>Th\u00e0nh vi\u00ean t\u1ed5 ch\u1ee9c<\/th>\n<td>Construction Management Association of Japan<br class=\"wpTag\"><br \/>\n\tISPE (International Society of Pharmaceutical Engineering)<\/td>\n<\/tr>\n<\/table>\n<\/section>\n<section class=\"tabSec\">\n<h2 id=\"overview4\" class=\"headLine06\">V\u0103n ph\u00f2ng t\u1ea1i Indonesia<\/h2>\n<table class=\"tableC\">\n<tr>\n<th>T\u00ean c\u00f4ng ty<\/th>\n<td>PT.CMPLUS CONSULTING INDONESIA<\/td>\n<\/tr>\n<tr>\n<th>\u0110\u1ecba ch\u1ec9<\/th>\n<td>Menara Thamrin 3A-08, Jl. M.H. Thamrin Kav. 3,  Jakarta Pusat 10250 \u2013 Indonesia<br class=\"wpTag\"><br \/>\n\tTEL\uff1a+62 21 398 300 96<br class=\"wpTag\"><\/td>\n<\/tr>\n<tr>\n<th>Ban L\u00e3nh \u0111\u1ea1o<\/th>\n<td>Tsunehiro Togashi, Gi\u00e1m \u0111\u1ed1c \u0111i\u1ec1u h\u00e0nh<br class=\"wpTag\"><br \/>\n\tTetsuo Fujioka, Gi\u00e1m \u0111\u1ed1c<br class=\"wpTag\"><br \/>\n\tTomoko Togashi, Komisaris<\/td>\n<\/tr>\n<\/table>\n<\/section>\n<section class=\"tabSec\">\n<h2 class=\"headLine06\">V\u0103n ph\u00f2ng li\u00ean l\u1ea1c t\u1ea1i Th\u00e1i Lan<\/h2>\n<table class=\"tableC\">\n<tr>\n<th>T\u00ean c\u00f4ng ty<\/th>\n<td>Factorytalk Co., Ltd.<\/td>\n<\/tr>\n<tr>\n<th>\u0110\u1ecba ch\u1ec9<\/th>\n<td>c\/o\u00a0<a href=\"http:\/\/www.factory-talk.com\/\" target=\"_blank\" rel=\"noopener noreferrer\" class=\"comWebLink01\">Factorytalk<\/a> Thailand, 12th Fl, Liberty Square, 287 Silom Road,<br class=\"wpTag\">Silom, Bangrak, Bangkok 10500, Thailand<\/td>\n<\/tr>\n<\/table>\n<\/section>\n<section class=\"tabSec\">\n<h2 class=\"headLine06\">\u0110\u1ed1i t\u00e1c<\/h2>\n<div class=\"comLink\" style=\"margin-bottom: 3rem;\"><a href=\"https:\/\/cm-plus.co.jp\/vn\/service\/engineering\/overseas_project_support\/partners\/\"><span class=\"subSpan\">\u0110\u1ed1i t\u00e1c li\u00ean minh t\u1ea1i \u0110\u00f4ng Nam \u00c1<\/span><\/a><\/div>\n<div class=\"comLink\"><a href=\"https:\/\/cm-plus.co.jp\/vn\/service\/engineering\/overseas_project_support\/partners_2\/\"><span class=\"subSpan\">\u0110\u1ed1i t\u00e1c h\u1ee3p t\u00e1c t\u1ea1i Ch\u00e2u \u00c2u v\u00e0 M\u1ef9<\/span><\/a><\/div>\n<\/section>\n<section class=\"comOtherBox\">\n<h2 class=\"headLine04\">Gi\u1edbi thi\u1ec7u v\u1ec1 CM Plus<\/h2>\n<ul class=\"comLinkList\">\n<li><a href=\"https:\/\/cm-plus.co.jp\/vn\/about_cm_plus\/greeting\/\"><br \/>\n\t<span class=\"photo\"><img decoding=\"async\" src=\"https:\/\/cm-plus.co.jp\/vn\/wp-content\/themes\/cmplus\/image\/about_cm_plus\/photo01.webp\" alt=\"Top Message\"><\/span><br \/>\n\t<span class=\"subSpan\">Th\u00f4ng \u0111i\u1ec7p t\u1eeb Ban l\u00e3nh \u0111\u1ea1o<\/span><br \/>\n\t<\/a>\n\t<\/li>\n<li><a href=\"https:\/\/cm-plus.co.jp\/vn\/about_cm_plus\/philosophy\/\"><br \/>\n\t<span class=\"photo\"><img decoding=\"async\" src=\"https:\/\/cm-plus.co.jp\/vn\/wp-content\/themes\/cmplus\/image\/about_cm_plus\/photo02.webp\" alt=\"Tri\u1ebft l\u00fd v\u00e0 L\u1ecbch s\u1eed C\u00f4ng ty\"><\/span><br \/>\n\t<span class=\"subSpan\">Tri\u1ebft l\u00fd v\u00e0 L\u1ecbch s\u1eed C\u00f4ng ty<\/span><br \/>\n\t<\/a>\n\t<\/li>\n<li><a href=\"https:\/\/cm-plus.co.jp\/vn\/about_cm_plus\/record\/\/\"><br \/>\n\t<span class=\"photo\"><img decoding=\"async\" src=\"https:\/\/cm-plus.co.jp\/vn\/wp-content\/themes\/cmplus\/image\/about_cm_plus\/photo03.webp\" alt=\"Th\u00e0nh t\u1ef1u t\u1eeb c\u00e1c con s\u1ed1\"><\/span><br \/>\n\t<span class=\"subSpan\">Th\u00e0nh t\u1ef1u t\u1eeb c\u00e1c con s\u1ed1<\/span><br \/>\n\t<\/a>\n\t<\/li>\n<p>\t<!--\n\n<li><a href=\"[url]\/about_cm_plus\/organization\/\">\n\t<span class=\"photo\"><img decoding=\"async\" src=\"https:\/\/cm-plus.co.jp\/vn\/wp-content\/themes\/cmplus\/image\/about_cm_plus\/photo05.webp\" alt=\"Organization\"><\/span>\n\t<span class=\"subSpan\">Organization<\/span>\n\t<\/a>\n\t<\/li>\n\n--><\/p>\n<li><a href=\"https:\/\/cm-plus.co.jp\/vn\/about_cm_plus\/executive_profiles\/\"><br \/>\n\t<span class=\"photo\"><img decoding=\"async\" src=\"https:\/\/cm-plus.co.jp\/vn\/wp-content\/themes\/cmplus\/image\/about_cm_plus\/photo06.webp\" alt=\"Ban L\u00e3nh \u0111\u1ea1o v\u00e0 Qu\u1ea3n l\u00fd\"><\/span><br \/>\n\t<span class=\"subSpan\">Ban L\u00e3nh \u0111\u1ea1o v\u00e0 Qu\u1ea3n l\u00fd<\/span><br \/>\n\t<\/a>\n\t<\/li>\n<li><a href=\"https:\/\/cm-plus.co.jp\/vn\/about_cm_plus\/mobilization_qualification\/\"><br \/>\n\t<span class=\"photo\"><img decoding=\"async\" src=\"https:\/\/cm-plus.co.jp\/vn\/wp-content\/themes\/cmplus\/image\/about_cm_plus\/photo07.webp\" alt=\"Chuy\u00ean gia v\u00e0 Ch\u1ee9ng ch\u1ec9 N\u0103ng l\u1ef1c\"><\/span><br \/>\n\t<span class=\"subSpan\">Chuy\u00ean gia v\u00e0 Ch\u1ee9ng ch\u1ec9 N\u0103ng l\u1ef1c<\/span><br \/>\n\t<\/a>\n\t<\/li>\n<p>\t<!--\n\n<li><a href=\"[url]\/about_cm_plus\/cm_plus_qa\/\">\n\t<span class=\"photo\"><img decoding=\"async\" src=\"https:\/\/cm-plus.co.jp\/vn\/wp-content\/themes\/cmplus\/image\/about_cm_plus\/photo08.webp\" alt=\"FAQ\"><\/span>\n\t<span class=\"subSpan\">FAQ<\/span>\n\t<\/a>\n\t<\/li>\n\n--><\/p>\n<li><a href=\"https:\/\/cm-plus.co.jp\/vn\/about_cm_plus\/access\/\"><br \/>\n\t<span class=\"photo\"><img decoding=\"async\" src=\"https:\/\/cm-plus.co.jp\/vn\/wp-content\/themes\/cmplus\/image\/about_cm_plus\/photo09.webp\" alt=\"Li\u00ean h\u1ec7 &#038; \u0110\u1ecba \u0111i\u1ec3m\"><\/span><br \/>\n\t<span class=\"subSpan\">Li\u00ean h\u1ec7 &#038; \u0110\u1ecba \u0111i\u1ec3m<\/span><br \/>\n\t<\/a>\n\t<\/li>\n<\/ul>\n<\/section>\n<section class=\"comOtherBox comBorBox03\">\n<h2 class=\"headLine04\">D\u1ecbch v\u1ee5 c\u1ee7a CM Plus<\/h2>\n<ul class=\"comLinkList\">\n<li><a href=\"https:\/\/cm-plus.co.jp\/vn\/service\/engineering\/\"><br \/>\n\t<span class=\"photo\"><img decoding=\"async\" src=\"https:\/\/cm-plus.co.jp\/vn\/wp-content\/themes\/cmplus\/image\/common\/photo01.webp\" alt=\"T\u01b0 v\u1ea5n K\u1ef9 thu\u1eadt, Qu\u1ea3n l\u00fd D\u1ef1 \u00e1n\"><\/span><br \/>\n\t<span class=\"subSpan\">T\u01b0 v\u1ea5n K\u1ef9 thu\u1eadt, Qu\u1ea3n l\u00fd D\u1ef1 \u00e1n<\/span><br \/>\n\t<\/a><\/li>\n<li><a href=\"https:\/\/cm-plus.co.jp\/vn\/service\/consulting\/\"><br \/>\n\t<span class=\"photo\"><img decoding=\"async\" src=\"https:\/\/cm-plus.co.jp\/vn\/wp-content\/themes\/cmplus\/image\/common\/photo02.webp\" alt=\"T\u01b0 v\u1ea5n\"><\/span><br \/>\n\t<span class=\"subSpan\">T\u01b0 v\u1ea5n<\/span><br \/>\n\t<\/a><\/li>\n<li><a href=\"https:\/\/cm-plus.co.jp\/vn\/service\/support_for_training\/\"><br \/>\n\t<span class=\"photo\"><img decoding=\"async\" src=\"https:\/\/cm-plus.co.jp\/vn\/wp-content\/themes\/cmplus\/image\/common\/photo03.webp\" alt=\"H\u1ed7 tr\u1ee3 \u0110\u00e0o t\u1ea1o\/ Hu\u1ea5n luy\u1ec7n\"><\/span><br \/>\n\t<span class=\"subSpan\">H\u1ed7 tr\u1ee3 \u0110\u00e0o t\u1ea1o\/ Hu\u1ea5n luy\u1ec7n<\/span><br \/>\n\t<\/a><\/li>\n<li><a href=\"https:\/\/cm-plus.co.jp\/vn\/service\/technology_information\/\"><br \/>\n\t<span class=\"photo\"><img decoding=\"async\" src=\"https:\/\/cm-plus.co.jp\/vn\/wp-content\/themes\/cmplus\/image\/common\/photo04.webp\" alt=\"D\u1ecbch v\u1ee5 Th\u00f4ng tin k\u1ef9 thu\u1eadt\"><\/span><br \/>\n\t<span class=\"subSpan\">D\u1ecbch v\u1ee5 Th\u00f4ng tin k\u1ef9 thu\u1eadt<\/span><br \/>\n\t<\/a><\/li>\n<\/ul>\n<\/section>\n<\/article>\n<aside id=\"sideBar\">\n\t<p class=\"sideTtl\"><a href=\"https:\/\/cm-plus.co.jp\/vn\/about_cm_plus\/\"><span class=\"txtSpan barlow\">Gi\u1edbi thi\u1ec7u v\u1ec1 CM Plus<\/span><\/a><\/p>\n\t<ul id=\"menu-about\" class=\"sideList\"><li id=\"menu-item-507\" class=\"menu-item menu-item-type-post_type menu-item-object-page menu-item-507\"><a href=\"https:\/\/cm-plus.co.jp\/vn\/about_cm_plus\/greeting\/\">Th\u00f4ng \u0111i\u1ec7p t\u1eeb Ban L\u00e3nh \u0110\u1ea1o<\/a><\/li>\n<li id=\"menu-item-506\" class=\"menu-item menu-item-type-post_type menu-item-object-page menu-item-506\"><a href=\"https:\/\/cm-plus.co.jp\/vn\/about_cm_plus\/philosophy\/\">Tri\u1ebft l\u00fd &#038; L\u1ecbch s\u1eed Ph\u00e1t tri\u1ec3n<\/a><\/li>\n<li id=\"menu-item-511\" class=\"menu-item menu-item-type-post_type menu-item-object-page menu-item-511\"><a href=\"https:\/\/cm-plus.co.jp\/vn\/about_cm_plus\/record\/\">Th\u00e0nh T\u1ef1u Qua C\u00e1c Con S\u1ed1<\/a><\/li>\n<li id=\"menu-item-508\" class=\"menu-item menu-item-type-post_type menu-item-object-page menu-item-has-children menu-item-508\"><a href=\"https:\/\/cm-plus.co.jp\/vn\/about_cm_plus\/company_overview\/\">Gi\u1edbi Thi\u1ec7u C\u00f4ng Ty<\/a>\n<ul class=\"sub-menu\">\n\t<li id=\"menu-item-512\" class=\"menu-item menu-item-type-post_type menu-item-object-page menu-item-512\"><a href=\"https:\/\/cm-plus.co.jp\/vn\/about_cm_plus\/company_overview\/vision\/\">Vision\u30fbCREDO\u30fbMission<\/a><\/li>\n<\/ul>\n<\/li>\n<li id=\"menu-item-510\" class=\"menu-item menu-item-type-post_type menu-item-object-page menu-item-510\"><a href=\"https:\/\/cm-plus.co.jp\/vn\/about_cm_plus\/executive_profiles\/\">Ban \u0110i\u1ec1u H\u00e0nh T\u1eadp \u0110o\u00e0n<\/a><\/li>\n<li id=\"menu-item-509\" class=\"menu-item menu-item-type-post_type menu-item-object-page menu-item-509\"><a href=\"https:\/\/cm-plus.co.jp\/vn\/about_cm_plus\/mobilization_qualification\/\">Chuy\u00ean Gia &#038; Ch\u1ee9ng Nh\u1eadn<\/a><\/li>\n<li id=\"menu-item-505\" class=\"menu-item menu-item-type-post_type menu-item-object-page menu-item-505\"><a href=\"https:\/\/cm-plus.co.jp\/vn\/about_cm_plus\/access\/\">Li\u00ean H\u1ec7 \/ V\u1ecb Tr\u00ed<\/a><\/li>\n<\/ul><\/aside><\/div>\n<\/p><\/div>\n<\/p><\/div>\n","protected":false},"excerpt":{"rendered":"<p>Trang ch\u1ee7\/ Gi\u1edbi thi\u1ec7u v\u1ec1 CM Plus\/ S\u01a1 l\u01b0\u1ee3c v\u1ec1 c\u00f4ng ty Gi\u1edbi thi\u1ec7u v\u1ec1 CM PlusS\u01a1 l\u01b0\u1ee3c v\u1ec1 c\u00f4ng ty V\u0103n ph\u00f2ng t\u1ea1i Vi\u1ec7 [&hellip;]<\/p>\n","protected":false},"author":1,"featured_media":0,"parent":444,"menu_order":13,"comment_status":"closed","ping_status":"closed","template":"","meta":{"_acf_changed":false,"footnotes":""},"keywords":[],"class_list":["post-454","page","type-page","status-publish","hentry"],"acf":[],"yoast_head":"<!-- This site is optimized with the Yoast SEO plugin v22.4 - https:\/\/yoast.com\/wordpress\/plugins\/seo\/ -->\n<title>Company Outline\uff5cCM Plus<\/title>\n<meta name=\"description\" content=\"This is the company profile of CM Plus\" \/>\n<meta name=\"robots\" content=\"index, follow, max-snippet:-1, max-image-preview:large, max-video-preview:-1\" \/>\n<link rel=\"canonical\" href=\"https:\/\/cm-plus.co.jp\/vn\/about_cm_plus\/company_overview\/\" \/>\n<meta property=\"og:locale\" content=\"ja_JP\" \/>\n<meta property=\"og:type\" content=\"article\" \/>\n<meta property=\"og:title\" content=\"Company Outline\uff5cCM Plus\" \/>\n<meta property=\"og:description\" content=\"This is the company profile of CM Plus\" \/>\n<meta property=\"og:url\" content=\"https:\/\/cm-plus.co.jp\/vn\/about_cm_plus\/company_overview\/\" \/>\n<meta property=\"og:site_name\" content=\"CM Plus\" \/>\n<meta property=\"article:modified_time\" content=\"2026-01-06T04:45:54+00:00\" \/>\n<meta property=\"og:image\" content=\"https:\/\/cm-plus.co.jp\/vn\/wp-content\/uploads\/2024\/05\/ogp.png\" \/>\n<meta name=\"twitter:card\" content=\"summary_large_image\" \/>\n<meta name=\"twitter:label1\" content=\"\u63a8\u5b9a\u8aad\u307f\u53d6\u308a\u6642\u9593\" \/>\n\t<meta name=\"twitter:data1\" content=\"9\u5206\" \/>\n<script type=\"application\/ld+json\" class=\"yoast-schema-graph\">{\"@context\":\"https:\/\/schema.org\",\"@graph\":[{\"@type\":\"WebPage\",\"@id\":\"https:\/\/cm-plus.co.jp\/vn\/about_cm_plus\/company_overview\/\",\"url\":\"https:\/\/cm-plus.co.jp\/vn\/about_cm_plus\/company_overview\/\",\"name\":\"Company Outline | CM Plus\",\"isPartOf\":{\"@id\":\"https:\/\/cm-plus.co.jp\/vn\/#website\"},\"primaryImageOfPage\":{\"@id\":\"https:\/\/cm-plus.co.jp\/vn\/about_cm_plus\/company_overview\/#primaryimage\"},\"image\":{\"@id\":\"https:\/\/cm-plus.co.jp\/vn\/about_cm_plus\/company_overview\/#primaryimage\"},\"thumbnailUrl\":\"https:\/\/cm-plus.co.jp\/vn\/wp-content\/themes\/cmplus\/image\/common\/key01.webp\",\"datePublished\":\"2024-04-24T08:53:39+00:00\",\"dateModified\":\"2026-01-06T04:45:54+00:00\",\"description\":\"This is the company profile of CM Plus\",\"breadcrumb\":{\"@id\":\"https:\/\/cm-plus.co.jp\/vn\/about_cm_plus\/company_overview\/#breadcrumb\"},\"inLanguage\":\"ja\",\"potentialAction\":[{\"@type\":\"ReadAction\",\"target\":[\"https:\/\/cm-plus.co.jp\/vn\/about_cm_plus\/company_overview\/\"]}]},{\"@type\":\"ImageObject\",\"inLanguage\":\"ja\",\"@id\":\"https:\/\/cm-plus.co.jp\/vn\/about_cm_plus\/company_overview\/#primaryimage\",\"url\":\"https:\/\/cm-plus.co.jp\/vn\/wp-content\/themes\/cmplus\/image\/common\/key01.webp\",\"contentUrl\":\"https:\/\/cm-plus.co.jp\/vn\/wp-content\/themes\/cmplus\/image\/common\/key01.webp\"},{\"@type\":\"BreadcrumbList\",\"@id\":\"https:\/\/cm-plus.co.jp\/vn\/about_cm_plus\/company_overview\/#breadcrumb\",\"itemListElement\":[{\"@type\":\"ListItem\",\"position\":1,\"name\":\"\u30db\u30fc\u30e0\",\"item\":\"https:\/\/cm-plus.co.jp\/vn\/\"},{\"@type\":\"ListItem\",\"position\":2,\"name\":\"About CM Plus\",\"item\":\"https:\/\/cm-plus.co.jp\/vn\/about_cm_plus\/\"},{\"@type\":\"ListItem\",\"position\":3,\"name\":\"Company Outline\"}]},{\"@type\":\"WebSite\",\"@id\":\"https:\/\/cm-plus.co.jp\/vn\/#website\",\"url\":\"https:\/\/cm-plus.co.jp\/vn\/\",\"name\":\"CM Plus\",\"description\":\"Your Partner in Facility Construction, Quality Assurance, and Training Support\",\"potentialAction\":[{\"@type\":\"SearchAction\",\"target\":{\"@type\":\"EntryPoint\",\"urlTemplate\":\"https:\/\/cm-plus.co.jp\/vn\/?s={search_term_string}\"},\"query-input\":\"required name=search_term_string\"}],\"inLanguage\":\"ja\"}]}<\/script>\n<!-- \/ Yoast SEO plugin. -->","yoast_head_json":{"title":"Company Outline\uff5cCM Plus","description":"This is the company profile of CM Plus","robots":{"index":"index","follow":"follow","max-snippet":"max-snippet:-1","max-image-preview":"max-image-preview:large","max-video-preview":"max-video-preview:-1"},"canonical":"https:\/\/cm-plus.co.jp\/vn\/about_cm_plus\/company_overview\/","og_locale":"ja_JP","og_type":"article","og_title":"Company Outline\uff5cCM Plus","og_description":"This is the company profile of CM Plus","og_url":"https:\/\/cm-plus.co.jp\/vn\/about_cm_plus\/company_overview\/","og_site_name":"CM Plus","article_modified_time":"2026-01-06T04:45:54+00:00","og_image":[{"url":"https:\/\/cm-plus.co.jp\/vn\/wp-content\/uploads\/2024\/05\/ogp.png"}],"twitter_card":"summary_large_image","twitter_misc":{"\u63a8\u5b9a\u8aad\u307f\u53d6\u308a\u6642\u9593":"9\u5206"},"schema":{"@context":"https:\/\/schema.org","@graph":[{"@type":"WebPage","@id":"https:\/\/cm-plus.co.jp\/vn\/about_cm_plus\/company_overview\/","url":"https:\/\/cm-plus.co.jp\/vn\/about_cm_plus\/company_overview\/","name":"Company Outline | CM Plus","isPartOf":{"@id":"https:\/\/cm-plus.co.jp\/vn\/#website"},"primaryImageOfPage":{"@id":"https:\/\/cm-plus.co.jp\/vn\/about_cm_plus\/company_overview\/#primaryimage"},"image":{"@id":"https:\/\/cm-plus.co.jp\/vn\/about_cm_plus\/company_overview\/#primaryimage"},"thumbnailUrl":"https:\/\/cm-plus.co.jp\/vn\/wp-content\/themes\/cmplus\/image\/common\/key01.webp","datePublished":"2024-04-24T08:53:39+00:00","dateModified":"2026-01-06T04:45:54+00:00","description":"This is the company profile of CM Plus","breadcrumb":{"@id":"https:\/\/cm-plus.co.jp\/vn\/about_cm_plus\/company_overview\/#breadcrumb"},"inLanguage":"ja","potentialAction":[{"@type":"ReadAction","target":["https:\/\/cm-plus.co.jp\/vn\/about_cm_plus\/company_overview\/"]}]},{"@type":"ImageObject","inLanguage":"ja","@id":"https:\/\/cm-plus.co.jp\/vn\/about_cm_plus\/company_overview\/#primaryimage","url":"https:\/\/cm-plus.co.jp\/vn\/wp-content\/themes\/cmplus\/image\/common\/key01.webp","contentUrl":"https:\/\/cm-plus.co.jp\/vn\/wp-content\/themes\/cmplus\/image\/common\/key01.webp"},{"@type":"BreadcrumbList","@id":"https:\/\/cm-plus.co.jp\/vn\/about_cm_plus\/company_overview\/#breadcrumb","itemListElement":[{"@type":"ListItem","position":1,"name":"\u30db\u30fc\u30e0","item":"https:\/\/cm-plus.co.jp\/vn\/"},{"@type":"ListItem","position":2,"name":"About CM Plus","item":"https:\/\/cm-plus.co.jp\/vn\/about_cm_plus\/"},{"@type":"ListItem","position":3,"name":"Company Outline"}]},{"@type":"WebSite","@id":"https:\/\/cm-plus.co.jp\/vn\/#website","url":"https:\/\/cm-plus.co.jp\/vn\/","name":"CM Plus","description":"Your Partner in Facility Construction, Quality Assurance, and Training Support","potentialAction":[{"@type":"SearchAction","target":{"@type":"EntryPoint","urlTemplate":"https:\/\/cm-plus.co.jp\/vn\/?s={search_term_string}"},"query-input":"required name=search_term_string"}],"inLanguage":"ja"}]}},"_links":{"self":[{"href":"https:\/\/cm-plus.co.jp\/vn\/wp-json\/wp\/v2\/pages\/454","targetHints":{"allow":["GET"]}}],"collection":[{"href":"https:\/\/cm-plus.co.jp\/vn\/wp-json\/wp\/v2\/pages"}],"about":[{"href":"https:\/\/cm-plus.co.jp\/vn\/wp-json\/wp\/v2\/types\/page"}],"author":[{"embeddable":true,"href":"https:\/\/cm-plus.co.jp\/vn\/wp-json\/wp\/v2\/users\/1"}],"replies":[{"embeddable":true,"href":"https:\/\/cm-plus.co.jp\/vn\/wp-json\/wp\/v2\/comments?post=454"}],"version-history":[{"count":51,"href":"https:\/\/cm-plus.co.jp\/vn\/wp-json\/wp\/v2\/pages\/454\/revisions"}],"predecessor-version":[{"id":6258,"href":"https:\/\/cm-plus.co.jp\/vn\/wp-json\/wp\/v2\/pages\/454\/revisions\/6258"}],"up":[{"embeddable":true,"href":"https:\/\/cm-plus.co.jp\/vn\/wp-json\/wp\/v2\/pages\/444"}],"wp:attachment":[{"href":"https:\/\/cm-plus.co.jp\/vn\/wp-json\/wp\/v2\/media?parent=454"}],"wp:term":[{"taxonomy":"keywords","embeddable":true,"href":"https:\/\/cm-plus.co.jp\/vn\/wp-json\/wp\/v2\/keywords?post=454"}],"curies":[{"name":"wp","href":"https:\/\/api.w.org\/{rel}","templated":true}]}}