{"id":451,"date":"2024-04-24T17:53:08","date_gmt":"2024-04-24T08:53:08","guid":{"rendered":"https:\/\/cm-plus.co.jp\/vn\/?page_id=451"},"modified":"2026-02-26T16:10:30","modified_gmt":"2026-02-26T07:10:30","slug":"record","status":"publish","type":"page","link":"https:\/\/cm-plus.co.jp\/vn\/about_cm_plus\/record\/","title":{"rendered":"Performance by Numbers"},"content":{"rendered":"<div id=\"number\">\n<div id=\"pagePath\">\n<ul>\n<li><a href=\"https:\/\/cm-plus.co.jp\/vn\/\">Trang ch\u1ee7<\/a>\/<\/li>\n<li><a href=\"https:\/\/cm-plus.co.jp\/vn\/about_cm_plus\/\">Gi\u1edbi thi\u1ec7u v\u1ec1 CM Plus<\/a>\/<\/li>\n<li>Th\u00e0nh t\u1ef1u qua c\u00e1c con s\u1ed1<\/li>\n<\/ul>\n<\/div>\n<div class=\"h1Sub\">\n<div class=\"content\">\n<h1 class=\"h1Ttl\"><span class=\"subSpan\">Gi\u1edbi thi\u1ec7u v\u1ec1 CM Plus<\/span><br class=\"wpTag\" \/>Th\u00e0nh t\u1ef1u qua c\u00e1c con s\u1ed1<br \/>\n<span class=\"h1Photo\"><br \/>\n<span class=\"maskBox\"><br \/>\n<span class=\"topCover\"><br \/>\n<img decoding=\"async\" src=\"https:\/\/cm-plus.co.jp\/vn\/wp-content\/themes\/cmplus\/image\/common\/key01.webp\" alt=\"Gi\u1edbi thi\u1ec7u v\u1ec1 CM Plus Th\u00e0nh t\u1ef1u qua c\u00e1c con s\u1ed1\" \/><br \/>\n<\/span><br \/>\n<span class=\"btmImg01\"><br \/>\n<img decoding=\"async\" src=\"https:\/\/cm-plus.co.jp\/vn\/wp-content\/themes\/cmplus\/image\/common\/image-number.webp\" alt=\"Gi\u1edbi thi\u1ec7u v\u1ec1 CM Plus Th\u00e0nh t\u1ef1u qua c\u00e1c con s\u1ed1\" \/><br \/>\n<\/span><br \/>\n<span class=\"btmImg02\"><br \/>\n<img decoding=\"async\" src=\"https:\/\/cm-plus.co.jp\/vn\/wp-content\/themes\/cmplus\/image\/common\/image-number.webp\" alt=\"Gi\u1edbi thi\u1ec7u v\u1ec1 CM Plus Th\u00e0nh t\u1ef1u qua c\u00e1c con s\u1ed1\" \/><br \/>\n<\/span><br \/>\n<\/span><br \/>\n<\/span><\/h1>\n<\/div>\n<\/div>\n<div class=\"content\">\n<div class=\"mainBox\">\n<article id=\"conts\">\n<section class=\"numberBox\">\n<h2 class=\"headLine05\">Th\u00e0nh t\u1ef1u To\u00e0n c\u1ea7u c\u1ee7a T\u1eadp \u0111o\u00e0n CM Plus<\/h2>\n<div class=\"bigPhoto\"><img decoding=\"async\" src=\"https:\/\/cm-plus.co.jp\/vn\/wp-content\/uploads\/2026\/02\/overseas-project01en_2025.png\" alt=\"Th\u00e0nh t\u1ef1u To\u00e0n c\u1ea7u c\u1ee7a T\u1eadp \u0111o\u00e0n CM Plus\n\" \/><span class=\"photoIco\"><a class=\"popImg\" href=\"https:\/\/cm-plus.co.jp\/vn\/wp-content\/uploads\/2026\/02\/overseas-project01en_2025.png\">\u00a0<\/a><\/span><\/div>\n<p class=\"txt02 taLeft\">C\u00e1c con s\u1ed1 th\u1ec3 hi\u1ec7n t\u1ed5ng s\u1ed1 d\u1ef1 \u00e1n v\u00e0 d\u1ecbch v\u1ee5 h\u1ed7 tr\u1ee3 v\u1ec1 k\u1ef9 thu\u1eadt, t\u01b0 v\u1ea5n v\u00e0 \u0111\u00e0o t\u1ea1o do to\u00e0n b\u1ed9 T\u1eadp \u0111o\u00e0n CM Plus th\u1ef1c hi\u1ec7n.<\/p>\n<p class=\"txt\">\uff1c2012\uff5e2025\uff1e<\/p>\n<\/section>\n<section class=\"numberBox\">\n<h2 class=\"headLine05\">K\u1ef9 thu\u1eadt<\/h2>\n<div class=\"bigPhoto\"><img decoding=\"async\" src=\"https:\/\/cm-plus.co.jp\/vn\/wp-content\/uploads\/2025\/12\/achievement_eng_bar_2025_09_en.jpg\" alt=\"Engineering\" \/><span class=\"photoIco\"><a class=\"popImg\" href=\"https:\/\/cm-plus.co.jp\/vn\/wp-content\/uploads\/2025\/12\/achievement_eng_bar_2025_09_en.jpg\">\u00a0<\/a><\/span><\/div>\n<ul class=\"photoList photoList2\">\n<li><img decoding=\"async\" src=\"https:\/\/cm-plus.co.jp\/vn\/wp-content\/uploads\/2025\/12\/achievement_eng_FacilityType_2025_09_en.jpg\" alt=\"Engineering\" \/><span class=\"photoIco\"><a class=\"popImg\" href=\"https:\/\/cm-plus.co.jp\/vn\/wp-content\/uploads\/2025\/12\/achievement_eng_FacilityType_2025_09_en.jpg\">\u00a0<\/a><\/span><\/li>\n<li><img decoding=\"async\" src=\"https:\/\/cm-plus.co.jp\/vn\/wp-content\/uploads\/2025\/12\/achievement_eng_Modality_2025_06_en.jpg\" alt=\"Engineering\" \/><span class=\"photoIco\"><a class=\"popImg\" href=\"https:\/\/cm-plus.co.jp\/vn\/wp-content\/uploads\/2025\/12\/achievement_eng_Modality_2025_06_en.jpg\">\u00a0<\/a><\/span><\/li>\n<\/ul>\n<ul class=\"photoList photoList3\">\n<li><img decoding=\"async\" src=\"https:\/\/cm-plus.co.jp\/vn\/wp-content\/uploads\/2025\/12\/achievement_eng_Sales_2025_09_en.jpg\" alt=\"Engineering\" \/><span class=\"photoIco\"><a class=\"popImg\" href=\"https:\/\/cm-plus.co.jp\/vn\/wp-content\/uploads\/2025\/12\/achievement_eng_Sales_2025_09_en.jpg\">\u00a0<\/a><\/span><\/li>\n<\/ul>\n<p class=\"txt\">\uff1c2008\uff5eTh\u00e1ng 9 2025\uff1e<\/p>\n<\/section>\n<section class=\"numberBox\">\n<h2 class=\"headLine05\">T\u01b0 v\u1ea5n &amp;H\u1ed7 tr\u1ee3 Gi\u00e1o d\u1ee5c\/\u0110\u00e0o t\u1ea1o<\/h2>\n<div class=\"bigPhoto\"><img decoding=\"async\" src=\"https:\/\/cm-plus.co.jp\/vn\/wp-content\/uploads\/2025\/12\/achievements-consulting_2025_09_en.jpg\" alt=\"T\u01b0 v\u1ea5n &amp;H\u1ed7 tr\u1ee3 Gi\u00e1o d\u1ee5c\/\u0110\u00e0o t\u1ea1o\" \/><span class=\"photoIco\"><a class=\"popImg\" href=\"https:\/\/cm-plus.co.jp\/vn\/wp-content\/uploads\/2025\/12\/achievements-consulting_2025_09_en.jpg\">\u00a0<\/a><\/span><\/div>\n<ul class=\"photoList photoList2\">\n<li><img decoding=\"async\" src=\"https:\/\/cm-plus.co.jp\/vn\/wp-content\/uploads\/2025\/12\/achievements-consulting_2025_01_09_en.jpg\" alt=\"T\u01b0 v\u1ea5n &amp;H\u1ed7 tr\u1ee3 Gi\u00e1o d\u1ee5c\/\u0110\u00e0o t\u1ea1o\" \/><span class=\"photoIco\"><a class=\"popImg\" href=\"https:\/\/cm-plus.co.jp\/vn\/wp-content\/uploads\/2025\/12\/achievements-consulting_2025_01_09_en.jpg\">\u00a0<\/a><\/span><\/li>\n<li><img decoding=\"async\" src=\"https:\/\/cm-plus.co.jp\/vn\/wp-content\/uploads\/2025\/12\/achievements-consulting_2025_02_07_en.jpg\" alt=\"T\u01b0 v\u1ea5n &amp;H\u1ed7 tr\u1ee3 Gi\u00e1o d\u1ee5c\/\u0110\u00e0o t\u1ea1o\" \/><span class=\"photoIco\"><a class=\"popImg\" href=\"https:\/\/cm-plus.co.jp\/vn\/wp-content\/uploads\/2025\/12\/achievements-consulting_2025_02_07_en.jpg\">\u00a0<\/a><\/span><\/li>\n<\/ul>\n<p class=\"txt02\"><span class=\"txtSpan\">Of the above,FDA\u30fbEU support work:127<\/span>\u203bN\u1ebfu m\u1ed9t h\u1ea1ng m\u1ee5c \u00e1p d\u1ee5ng cho nhi\u1ec1u c\u01a1 s\u1edf, con s\u1ed1 s\u1ebd \u0111\u01b0\u1ee3c nh\u00e2n \u0111\u00f4i.<\/p>\n<ul class=\"photoList photoList3\">\n<li><img decoding=\"async\" src=\"https:\/\/cm-plus.co.jp\/vn\/wp-content\/uploads\/2025\/12\/achievements-consulting_2025_03_09_en.jpg\" alt=\"Consulting &amp; Education\/Training Support\" \/><span class=\"photoIco\"><a class=\"popImg\" href=\"https:\/\/cm-plus.co.jp\/vn\/wp-content\/uploads\/2025\/12\/achievements-consulting_2025_03_09_en.jpg\">\u00a0<\/a><\/span><\/li>\n<\/ul>\n<p class=\"txt\">\uff1c2011\uff5eTh\u00e1ng 9 2024\uff1e<\/p>\n<\/section>\n<section class=\"comOtherBox\">\n<h2 class=\"headLine04\">N\u1ed9i dung li\u00ean quan<\/h2>\n<ul class=\"comLinkList\">\n<li><a href=\"https:\/\/cm-plus.co.jp\/vn\/portfolio\/voice\/\"><br \/>\n<span class=\"photo\"><img decoding=\"async\" src=\"https:\/\/cm-plus.co.jp\/wp-content\/themes\/cmplus\/image\/common\/photo10.webp\" alt=\"Client Testimonials\" \/><\/span><br \/>\n<span class=\"subSpan\">C\u1ea3m nh\u1eadn c\u1ee7a Kh\u00e1ch h\u00e0ng<\/span><br \/>\n<\/a><\/li>\n<li><a href=\"https:\/\/cm-plus.co.jp\/vn\/portfolio\/project_details\/\"><br \/>\n<span class=\"photo\"><img decoding=\"async\" src=\"https:\/\/cm-plus.co.jp\/wp-content\/themes\/cmplus\/image\/common\/photo05.webp\" alt=\"D\u1ef1 \u00e1n\" \/><\/span><br \/>\n<span class=\"subSpan\">D\u1ef1 \u00e1n<\/span><br \/>\n<\/a><\/li>\n<\/ul>\n<\/section>\n<section class=\"comOtherBox\">\n<h2 class=\"headLine04\">Gi\u1edbi thi\u1ec7u v\u1ec1 CM Plus<\/h2>\n<ul class=\"comLinkList\">\n<li><a href=\"https:\/\/cm-plus.co.jp\/vn\/about_cm_plus\/greeting\/\"><br \/>\n<span class=\"photo\"><img decoding=\"async\" src=\"https:\/\/cm-plus.co.jp\/vn\/wp-content\/themes\/cmplus\/image\/about_cm_plus\/photo01.webp\" alt=\"Top Message\" \/><\/span><br \/>\n<span class=\"subSpan\">Th\u00f4ng \u0111i\u1ec7p t\u1eeb Ban L\u00e3nh \u0111\u1ea1o<\/span><br \/>\n<\/a><\/li>\n<li><a href=\"https:\/\/cm-plus.co.jp\/vn\/about_cm_plus\/philosophy\/\"><br \/>\n<span class=\"photo\"><img decoding=\"async\" src=\"https:\/\/cm-plus.co.jp\/vn\/wp-content\/themes\/cmplus\/image\/about_cm_plus\/photo02.webp\" alt=\"Tri\u1ebft l\u00fd v\u00e0 L\u1ecbch s\u1eed Doanh nghi\u1ec7p\" \/><\/span><br \/>\n<span class=\"subSpan\">Tri\u1ebft l\u00fd v\u00e0 L\u1ecbch s\u1eed Doanh nghi\u1ec7p<\/span><br \/>\n<\/a><\/li>\n<li><a href=\"https:\/\/cm-plus.co.jp\/vn\/about_cm_plus\/company_overview\/\"><br \/>\n<span class=\"photo\"><img decoding=\"async\" src=\"https:\/\/cm-plus.co.jp\/vn\/wp-content\/themes\/cmplus\/image\/about_cm_plus\/photo04.webp\" alt=\"Company Outline\" \/><\/span><br \/>\n<span class=\"subSpan\">S\u01a1 l\u01b0\u1ee3c v\u1ec1 c\u00f4ng ty<\/span><br \/>\n<\/a><\/li>\n<p> \t<!--\n\n<li><a href=\"[url]\/about_cm_plus\/organization\/\">\n<span class=\"photo\"><img decoding=\"async\" src=\"https:\/\/cm-plus.co.jp\/vn\/wp-content\/themes\/cmplus\/image\/about_cm_plus\/photo05.webp\" alt=\"Organization\" \/><\/span>\n<span class=\"subSpan\">Organization<\/span>\n<\/a><\/li>\n\n--><\/p>\n<li><a href=\"https:\/\/cm-plus.co.jp\/vn\/about_cm_plus\/executive_profiles\/\"><br \/>\n<span class=\"photo\"><img decoding=\"async\" src=\"https:\/\/cm-plus.co.jp\/vn\/wp-content\/themes\/cmplus\/image\/about_cm_plus\/photo06.webp\" alt=\"Ban L\u00e3nh \u0111\u1ea1o v\u00e0 Qu\u1ea3n l\u00fd\" \/><\/span><br \/>\n<span class=\"subSpan\">Ban L\u00e3nh \u0111\u1ea1o v\u00e0 Qu\u1ea3n l\u00fd<\/span><br \/>\n<\/a><\/li>\n<li><a href=\"https:\/\/cm-plus.co.jp\/vn\/about_cm_plus\/mobilization_qualification\/\"><br \/>\n<span class=\"photo\"><img decoding=\"async\" src=\"https:\/\/cm-plus.co.jp\/vn\/wp-content\/themes\/cmplus\/image\/about_cm_plus\/photo07.webp\" alt=\"Chuy\u00ean gia v\u00e0 Ch\u1ee9ng ch\u1ec9 N\u0103ng l\u1ef1c\" \/><\/span><br \/>\n<span class=\"subSpan\">Chuy\u00ean gia v\u00e0 Ch\u1ee9ng ch\u1ec9 N\u0103ng l\u1ef1c<\/span><br \/>\n<\/a><\/li>\n<p> \t<!--\n\n<li><a href=\"[url]\/about_cm_plus\/cm_plus_qa\/\">\n<span class=\"photo\"><img decoding=\"async\" src=\"https:\/\/cm-plus.co.jp\/vn\/wp-content\/themes\/cmplus\/image\/about_cm_plus\/photo08.webp\" alt=\"FAQ\" \/><\/span>\n<span class=\"subSpan\">FAQ<\/span>\n<\/a><\/li>\n\n--><\/p>\n<li><a href=\"https:\/\/cm-plus.co.jp\/vn\/about_cm_plus\/access\/\"><br \/>\n<span class=\"photo\"><img decoding=\"async\" src=\"https:\/\/cm-plus.co.jp\/vn\/wp-content\/themes\/cmplus\/image\/about_cm_plus\/photo09.webp\" alt=\"Li\u00ean h\u1ec7 &#038; \u0110\u1ecba \u0111i\u1ec3m\" \/><\/span><br \/>\n<span class=\"subSpan\">Li\u00ean h\u1ec7 &#038; \u0110\u1ecba \u0111i\u1ec3m<\/span><br \/>\n<\/a><\/li>\n<\/ul>\n<\/section>\n<section class=\"comOtherBox comBorBox03\">\n<h2 class=\"headLine04\">D\u1ecbch v\u1ee5 c\u1ee7a CM Plus<\/h2>\n<ul class=\"comLinkList\">\n<li><a href=\"https:\/\/cm-plus.co.jp\/vn\/service\/engineering\/\"><br \/>\n<span class=\"photo\"><img decoding=\"async\" src=\"https:\/\/cm-plus.co.jp\/vn\/wp-content\/themes\/cmplus\/image\/common\/photo01.webp\" alt=\"T\u01b0 v\u1ea5n K\u1ef9 thu\u1eadt, Qu\u1ea3n l\u00fd D\u1ef1 \u00e1n\" \/><\/span><br \/>\n<span class=\"subSpan\">T\u01b0 v\u1ea5n K\u1ef9 thu\u1eadt, Qu\u1ea3n l\u00fd D\u1ef1 \u00e1n<\/span><br \/>\n<\/a><\/li>\n<li><a href=\"https:\/\/cm-plus.co.jp\/vn\/service\/consulting\/\"><br \/>\n<span class=\"photo\"><img decoding=\"async\" src=\"https:\/\/cm-plus.co.jp\/vn\/wp-content\/themes\/cmplus\/image\/common\/photo02.webp\" alt=\"T\u01b0 v\u1ea5n\" \/><\/span><br \/>\n<span class=\"subSpan\">T\u01b0 v\u1ea5n<\/span><br \/>\n<\/a><\/li>\n<li><a href=\"https:\/\/cm-plus.co.jp\/vn\/service\/support_for_training\/\"><br \/>\n<span class=\"photo\"><img decoding=\"async\" src=\"https:\/\/cm-plus.co.jp\/vn\/wp-content\/themes\/cmplus\/image\/common\/photo03.webp\" alt=\"H\u1ed7 tr\u1ee3 \u0110\u00e0o t\u1ea1o\/ Hu\u1ea5n luy\u1ec7n\" \/><\/span><br \/>\n<span class=\"subSpan\">H\u1ed7 tr\u1ee3 \u0110\u00e0o t\u1ea1o\/ Hu\u1ea5n luy\u1ec7n<\/span><br \/>\n<\/a><\/li>\n<li><a href=\"https:\/\/cm-plus.co.jp\/vn\/service\/technology_information\/\"><br \/>\n<span class=\"photo\"><img decoding=\"async\" src=\"https:\/\/cm-plus.co.jp\/vn\/wp-content\/themes\/cmplus\/image\/common\/photo04.webp\" alt=\"D\u1ecbch v\u1ee5 th\u00f4ng tin k\u1ef9 thu\u1eadt\" \/><\/span><br \/>\n<span class=\"subSpan\">D\u1ecbch v\u1ee5 th\u00f4ng tin k\u1ef9 thu\u1eadt<\/span><br \/>\n<\/a><\/li>\n<\/ul>\n<\/section>\n<\/article>\n<aside id=\"sideBar\">\n\t<p class=\"sideTtl\"><a href=\"https:\/\/cm-plus.co.jp\/vn\/about_cm_plus\/\"><span class=\"txtSpan barlow\">Gi\u1edbi thi\u1ec7u v\u1ec1 CM Plus<\/span><\/a><\/p>\n\t<ul id=\"menu-about\" class=\"sideList\"><li id=\"menu-item-507\" class=\"menu-item menu-item-type-post_type menu-item-object-page menu-item-507\"><a href=\"https:\/\/cm-plus.co.jp\/vn\/about_cm_plus\/greeting\/\">Th\u00f4ng \u0111i\u1ec7p t\u1eeb Ban L\u00e3nh \u0110\u1ea1o<\/a><\/li>\n<li id=\"menu-item-506\" class=\"menu-item menu-item-type-post_type menu-item-object-page menu-item-506\"><a href=\"https:\/\/cm-plus.co.jp\/vn\/about_cm_plus\/philosophy\/\">Tri\u1ebft l\u00fd &#038; L\u1ecbch s\u1eed Ph\u00e1t tri\u1ec3n<\/a><\/li>\n<li id=\"menu-item-511\" class=\"menu-item menu-item-type-post_type menu-item-object-page menu-item-511\"><a href=\"https:\/\/cm-plus.co.jp\/vn\/about_cm_plus\/record\/\">Th\u00e0nh T\u1ef1u Qua C\u00e1c Con S\u1ed1<\/a><\/li>\n<li id=\"menu-item-508\" class=\"menu-item menu-item-type-post_type menu-item-object-page menu-item-has-children menu-item-508\"><a href=\"https:\/\/cm-plus.co.jp\/vn\/about_cm_plus\/company_overview\/\">Gi\u1edbi Thi\u1ec7u C\u00f4ng Ty<\/a>\n<ul class=\"sub-menu\">\n\t<li id=\"menu-item-512\" class=\"menu-item menu-item-type-post_type menu-item-object-page menu-item-512\"><a href=\"https:\/\/cm-plus.co.jp\/vn\/about_cm_plus\/company_overview\/vision\/\">Vision\u30fbCREDO\u30fbMission<\/a><\/li>\n<\/ul>\n<\/li>\n<li id=\"menu-item-510\" class=\"menu-item menu-item-type-post_type menu-item-object-page menu-item-510\"><a href=\"https:\/\/cm-plus.co.jp\/vn\/about_cm_plus\/executive_profiles\/\">Ban \u0110i\u1ec1u H\u00e0nh T\u1eadp \u0110o\u00e0n<\/a><\/li>\n<li id=\"menu-item-509\" class=\"menu-item menu-item-type-post_type menu-item-object-page menu-item-509\"><a href=\"https:\/\/cm-plus.co.jp\/vn\/about_cm_plus\/mobilization_qualification\/\">Chuy\u00ean Gia &#038; Ch\u1ee9ng Nh\u1eadn<\/a><\/li>\n<li id=\"menu-item-505\" class=\"menu-item menu-item-type-post_type menu-item-object-page menu-item-505\"><a href=\"https:\/\/cm-plus.co.jp\/vn\/about_cm_plus\/access\/\">Li\u00ean H\u1ec7 \/ V\u1ecb Tr\u00ed<\/a><\/li>\n<\/ul><\/aside>\n<\/div>\n<\/div>\n<\/div>\n","protected":false},"excerpt":{"rendered":"<p>Trang ch\u1ee7\/ Gi\u1edbi thi\u1ec7u v\u1ec1 CM Plus\/ Th\u00e0nh t\u1ef1u qua c\u00e1c con s\u1ed1 Gi\u1edbi thi\u1ec7u v\u1ec1 CM PlusTh\u00e0nh t\u1ef1u qua c\u00e1c con s\u1ed1 Th\u00e0nh [&hellip;]<\/p>\n","protected":false},"author":1,"featured_media":0,"parent":444,"menu_order":12,"comment_status":"closed","ping_status":"closed","template":"","meta":{"_acf_changed":false,"footnotes":""},"keywords":[],"class_list":["post-451","page","type-page","status-publish","hentry"],"acf":[],"yoast_head":"<!-- This site is optimized with the Yoast SEO plugin v22.4 - https:\/\/yoast.com\/wordpress\/plugins\/seo\/ -->\n<title>Performance by Numbers\uff5cCM Plus<\/title>\n<meta name=\"description\" content=\"We present the performance of CM Plus\u2019s services in numbers.\" \/>\n<meta name=\"robots\" content=\"index, follow, max-snippet:-1, max-image-preview:large, max-video-preview:-1\" \/>\n<link rel=\"canonical\" href=\"https:\/\/cm-plus.co.jp\/vn\/about_cm_plus\/record\/\" \/>\n<meta property=\"og:locale\" content=\"ja_JP\" \/>\n<meta property=\"og:type\" content=\"article\" \/>\n<meta property=\"og:title\" content=\"Performance by Numbers\uff5cCM Plus\" \/>\n<meta property=\"og:description\" content=\"We present the performance of CM Plus\u2019s services in numbers.\" \/>\n<meta property=\"og:url\" content=\"https:\/\/cm-plus.co.jp\/vn\/about_cm_plus\/record\/\" \/>\n<meta property=\"og:site_name\" content=\"CM Plus\" \/>\n<meta property=\"article:modified_time\" content=\"2026-02-26T07:10:30+00:00\" \/>\n<meta property=\"og:image\" content=\"https:\/\/cm-plus.co.jp\/vn\/wp-content\/uploads\/2024\/05\/ogp.png\" \/>\n<meta name=\"twitter:card\" content=\"summary_large_image\" \/>\n<meta name=\"twitter:label1\" content=\"\u63a8\u5b9a\u8aad\u307f\u53d6\u308a\u6642\u9593\" \/>\n\t<meta name=\"twitter:data1\" content=\"7\u5206\" \/>\n<script type=\"application\/ld+json\" class=\"yoast-schema-graph\">{\"@context\":\"https:\/\/schema.org\",\"@graph\":[{\"@type\":\"WebPage\",\"@id\":\"https:\/\/cm-plus.co.jp\/vn\/about_cm_plus\/record\/\",\"url\":\"https:\/\/cm-plus.co.jp\/vn\/about_cm_plus\/record\/\",\"name\":\"Performance by Numbers | CM Plus\",\"isPartOf\":{\"@id\":\"https:\/\/cm-plus.co.jp\/vn\/#website\"},\"primaryImageOfPage\":{\"@id\":\"https:\/\/cm-plus.co.jp\/vn\/about_cm_plus\/record\/#primaryimage\"},\"image\":{\"@id\":\"https:\/\/cm-plus.co.jp\/vn\/about_cm_plus\/record\/#primaryimage\"},\"thumbnailUrl\":\"https:\/\/cm-plus.co.jp\/vn\/wp-content\/themes\/cmplus\/image\/common\/key01.webp\",\"datePublished\":\"2024-04-24T08:53:08+00:00\",\"dateModified\":\"2026-02-26T07:10:30+00:00\",\"description\":\"We present the performance of CM Plus\u2019s services in numbers.\",\"breadcrumb\":{\"@id\":\"https:\/\/cm-plus.co.jp\/vn\/about_cm_plus\/record\/#breadcrumb\"},\"inLanguage\":\"ja\",\"potentialAction\":[{\"@type\":\"ReadAction\",\"target\":[\"https:\/\/cm-plus.co.jp\/vn\/about_cm_plus\/record\/\"]}]},{\"@type\":\"ImageObject\",\"inLanguage\":\"ja\",\"@id\":\"https:\/\/cm-plus.co.jp\/vn\/about_cm_plus\/record\/#primaryimage\",\"url\":\"https:\/\/cm-plus.co.jp\/vn\/wp-content\/themes\/cmplus\/image\/common\/key01.webp\",\"contentUrl\":\"https:\/\/cm-plus.co.jp\/vn\/wp-content\/themes\/cmplus\/image\/common\/key01.webp\"},{\"@type\":\"BreadcrumbList\",\"@id\":\"https:\/\/cm-plus.co.jp\/vn\/about_cm_plus\/record\/#breadcrumb\",\"itemListElement\":[{\"@type\":\"ListItem\",\"position\":1,\"name\":\"\u30db\u30fc\u30e0\",\"item\":\"https:\/\/cm-plus.co.jp\/vn\/\"},{\"@type\":\"ListItem\",\"position\":2,\"name\":\"About CM Plus\",\"item\":\"https:\/\/cm-plus.co.jp\/vn\/about_cm_plus\/\"},{\"@type\":\"ListItem\",\"position\":3,\"name\":\"Performance by Numbers\"}]},{\"@type\":\"WebSite\",\"@id\":\"https:\/\/cm-plus.co.jp\/vn\/#website\",\"url\":\"https:\/\/cm-plus.co.jp\/vn\/\",\"name\":\"CM Plus\",\"description\":\"Your Partner in Facility Construction, Quality Assurance, and Training Support\",\"potentialAction\":[{\"@type\":\"SearchAction\",\"target\":{\"@type\":\"EntryPoint\",\"urlTemplate\":\"https:\/\/cm-plus.co.jp\/vn\/?s={search_term_string}\"},\"query-input\":\"required name=search_term_string\"}],\"inLanguage\":\"ja\"}]}<\/script>\n<!-- \/ Yoast SEO plugin. -->","yoast_head_json":{"title":"Performance by Numbers\uff5cCM Plus","description":"We present the performance of CM Plus\u2019s services in numbers.","robots":{"index":"index","follow":"follow","max-snippet":"max-snippet:-1","max-image-preview":"max-image-preview:large","max-video-preview":"max-video-preview:-1"},"canonical":"https:\/\/cm-plus.co.jp\/vn\/about_cm_plus\/record\/","og_locale":"ja_JP","og_type":"article","og_title":"Performance by Numbers\uff5cCM Plus","og_description":"We present the performance of CM Plus\u2019s services in numbers.","og_url":"https:\/\/cm-plus.co.jp\/vn\/about_cm_plus\/record\/","og_site_name":"CM Plus","article_modified_time":"2026-02-26T07:10:30+00:00","og_image":[{"url":"https:\/\/cm-plus.co.jp\/vn\/wp-content\/uploads\/2024\/05\/ogp.png"}],"twitter_card":"summary_large_image","twitter_misc":{"\u63a8\u5b9a\u8aad\u307f\u53d6\u308a\u6642\u9593":"7\u5206"},"schema":{"@context":"https:\/\/schema.org","@graph":[{"@type":"WebPage","@id":"https:\/\/cm-plus.co.jp\/vn\/about_cm_plus\/record\/","url":"https:\/\/cm-plus.co.jp\/vn\/about_cm_plus\/record\/","name":"Performance by Numbers | CM Plus","isPartOf":{"@id":"https:\/\/cm-plus.co.jp\/vn\/#website"},"primaryImageOfPage":{"@id":"https:\/\/cm-plus.co.jp\/vn\/about_cm_plus\/record\/#primaryimage"},"image":{"@id":"https:\/\/cm-plus.co.jp\/vn\/about_cm_plus\/record\/#primaryimage"},"thumbnailUrl":"https:\/\/cm-plus.co.jp\/vn\/wp-content\/themes\/cmplus\/image\/common\/key01.webp","datePublished":"2024-04-24T08:53:08+00:00","dateModified":"2026-02-26T07:10:30+00:00","description":"We present the performance of CM Plus\u2019s services in numbers.","breadcrumb":{"@id":"https:\/\/cm-plus.co.jp\/vn\/about_cm_plus\/record\/#breadcrumb"},"inLanguage":"ja","potentialAction":[{"@type":"ReadAction","target":["https:\/\/cm-plus.co.jp\/vn\/about_cm_plus\/record\/"]}]},{"@type":"ImageObject","inLanguage":"ja","@id":"https:\/\/cm-plus.co.jp\/vn\/about_cm_plus\/record\/#primaryimage","url":"https:\/\/cm-plus.co.jp\/vn\/wp-content\/themes\/cmplus\/image\/common\/key01.webp","contentUrl":"https:\/\/cm-plus.co.jp\/vn\/wp-content\/themes\/cmplus\/image\/common\/key01.webp"},{"@type":"BreadcrumbList","@id":"https:\/\/cm-plus.co.jp\/vn\/about_cm_plus\/record\/#breadcrumb","itemListElement":[{"@type":"ListItem","position":1,"name":"\u30db\u30fc\u30e0","item":"https:\/\/cm-plus.co.jp\/vn\/"},{"@type":"ListItem","position":2,"name":"About CM Plus","item":"https:\/\/cm-plus.co.jp\/vn\/about_cm_plus\/"},{"@type":"ListItem","position":3,"name":"Performance by Numbers"}]},{"@type":"WebSite","@id":"https:\/\/cm-plus.co.jp\/vn\/#website","url":"https:\/\/cm-plus.co.jp\/vn\/","name":"CM Plus","description":"Your Partner in Facility Construction, Quality Assurance, and Training Support","potentialAction":[{"@type":"SearchAction","target":{"@type":"EntryPoint","urlTemplate":"https:\/\/cm-plus.co.jp\/vn\/?s={search_term_string}"},"query-input":"required name=search_term_string"}],"inLanguage":"ja"}]}},"_links":{"self":[{"href":"https:\/\/cm-plus.co.jp\/vn\/wp-json\/wp\/v2\/pages\/451","targetHints":{"allow":["GET"]}}],"collection":[{"href":"https:\/\/cm-plus.co.jp\/vn\/wp-json\/wp\/v2\/pages"}],"about":[{"href":"https:\/\/cm-plus.co.jp\/vn\/wp-json\/wp\/v2\/types\/page"}],"author":[{"embeddable":true,"href":"https:\/\/cm-plus.co.jp\/vn\/wp-json\/wp\/v2\/users\/1"}],"replies":[{"embeddable":true,"href":"https:\/\/cm-plus.co.jp\/vn\/wp-json\/wp\/v2\/comments?post=451"}],"version-history":[{"count":34,"href":"https:\/\/cm-plus.co.jp\/vn\/wp-json\/wp\/v2\/pages\/451\/revisions"}],"predecessor-version":[{"id":6313,"href":"https:\/\/cm-plus.co.jp\/vn\/wp-json\/wp\/v2\/pages\/451\/revisions\/6313"}],"up":[{"embeddable":true,"href":"https:\/\/cm-plus.co.jp\/vn\/wp-json\/wp\/v2\/pages\/444"}],"wp:attachment":[{"href":"https:\/\/cm-plus.co.jp\/vn\/wp-json\/wp\/v2\/media?parent=451"}],"wp:term":[{"taxonomy":"keywords","embeddable":true,"href":"https:\/\/cm-plus.co.jp\/vn\/wp-json\/wp\/v2\/keywords?post=451"}],"curies":[{"name":"wp","href":"https:\/\/api.w.org\/{rel}","templated":true}]}}