{"id":449,"date":"2024-04-24T17:52:39","date_gmt":"2024-04-24T08:52:39","guid":{"rendered":"https:\/\/cm-plus.co.jp\/vn\/?page_id=449"},"modified":"2025-05-20T08:47:10","modified_gmt":"2025-05-19T23:47:10","slug":"philosophy","status":"publish","type":"page","link":"https:\/\/cm-plus.co.jp\/vn\/about_cm_plus\/philosophy\/","title":{"rendered":"Corporate Philosophy and History"},"content":{"rendered":"<div id=\"philosophy\">\n<div id=\"pagePath\">\n<ul>\n<li><a href=\"https:\/\/cm-plus.co.jp\/vn\/\">Trang ch\u1ee7<\/a>\/<\/li>\n<li><a href=\"https:\/\/cm-plus.co.jp\/vn\/about_cm_plus\/\">Gi\u1edbi thi\u1ec7u v\u1ec1 CM Plus<\/a>\/<\/li>\n<li>Tri\u1ebft l\u00fd v\u00e0 L\u1ecbch s\u1eed C\u00f4ng ty<\/li>\n<\/ul>\n<\/div>\n<div class=\"h1Sub\">\n<div class=\"content\">\n<h1 class=\"h1Ttl\"><span class=\"subSpan\">Gi\u1edbi thi\u1ec7u v\u1ec1 CM Plus<\/span><br class=\"wpTag\">Tri\u1ebft l\u00fd v\u00e0 L\u1ecbch s\u1eed C\u00f4ng ty<span class=\"h1Photo\"><br \/>\n<span class=\"maskBox\"><br \/>\n<span class=\"topCover\"><br \/>\n<img decoding=\"async\" src=\"https:\/\/cm-plus.co.jp\/vn\/wp-content\/themes\/cmplus\/image\/common\/key01.webp\" alt=\"Gi\u1edbi thi\u1ec7u v\u1ec1 CM Plus Tri\u1ebft l\u00fd v\u00e0 L\u1ecbch s\u1eed C\u00f4ng ty\"><br \/>\n<\/span><br \/>\n<span class=\"btmImg01\"><br \/>\n<img decoding=\"async\" src=\"https:\/\/cm-plus.co.jp\/vn\/wp-content\/themes\/cmplus\/image\/common\/image-about.webp\" alt=\"Gi\u1edbi thi\u1ec7u v\u1ec1 CM Plus Tri\u1ebft l\u00fd v\u00e0 L\u1ecbch s\u1eed C\u00f4ng ty\"><br \/>\n<\/span><br \/>\n<span class=\"btmImg02\"><br \/>\n<img decoding=\"async\" src=\"https:\/\/cm-plus.co.jp\/vn\/wp-content\/themes\/cmplus\/image\/common\/image-about.webp\" alt=\"Gi\u1edbi thi\u1ec7u v\u1ec1 CM Plus Tri\u1ebft l\u00fd v\u00e0 L\u1ecbch s\u1eed C\u00f4ng ty\"><br \/>\n<\/span><br \/>\n<\/span><br \/>\n<\/span><br \/>\n<\/h1>\n<\/div>\n<\/div>\n<div class=\"content\">\n<div class=\"mainBox\">\n<article id=\"conts\">\n<section class=\"thoughtBox\">\n<h2 class=\"headLine05\">Tri\u1ebft l\u00fd doanh nghi\u1ec7p<\/h2>\n<h3 class=\"headLine08 barlow\">BUSINESS <span class=\"normal\">WITH<\/span> BUSINESS<\/h3>\n<p class=\"redTitle\">Ch\u00fang t\u00f4i cung c\u1ea5p d\u1ecbch v\u1ee5 t\u00edch h\u1ee3p v\u00e0 nh\u1ea5t qu\u00e1n theo y\u00eau c\u1ea7u c\u1ee7a kh\u00e1ch h\u00e0ng.<\/p>\n<p class=\"wpTag\">CM Plus kh\u1edfi ngu\u1ed3n v\u1edbi th\u1ebf m\u1ea1nh k\u1ef9 thu\u1eadt, chuy\u00ean s\u00e2u trong x\u00e2y d\u1ef1ng c\u00e1c nh\u00e0 m\u00e1y s\u1ea3n xu\u1ea5t cho ng\u00e0nh d\u01b0\u1ee3c ph\u1ea9m v\u00e0 thi\u1ebft b\u1ecb y t\u1ebf.<\/p>\n<p class=\"wpTag\">C\u00e1c c\u01a1 s\u1edf s\u1ea3n xu\u1ea5t d\u00e0nh cho nh\u1eefng s\u1ea3n ph\u1ea9m li\u00ean quan tr\u1ef1c ti\u1ebfp \u0111\u1ebfn s\u1ee9c kh\u1ecfe v\u00e0 t\u00ednh m\u1ea1ng con ng\u01b0\u1eddi \u0111\u00f2i h\u1ecfi ph\u1ea3i tu\u00e2n th\u1ee7 c\u00e1c ti\u00eau chu\u1ea9n nghi\u00eam ng\u1eb7t.<\/p>\n<p class=\"wpTag\">Ngay c\u1ea3 sau khi ho\u00e0n th\u00e0nh x\u00e2y d\u1ef1ng, vi\u1ec7c qu\u1ea3n l\u00fd ch\u1ea5t l\u01b0\u1ee3ng ti\u00ean ti\u1ebfn v\u00e0 \u0111\u00e0o t\u1ea1o nh\u00e2n s\u1ef1 ph\u1ee5 tr\u00e1ch v\u1eabn l\u00e0 nh\u1eefng y\u00eau c\u1ea7u li\u00ean t\u1ee5c trong qu\u00e1 tr\u00ecnh s\u1ea3n xu\u1ea5t.<\/p>\n<p class=\"wpTag\">V\u00ec v\u1eady, ch\u00fang t\u00f4i kh\u00f4ng ch\u1ec9 t\u1eadp trung v\u00e0o x\u00e2y d\u1ef1ng, m\u00e0 c\u00f2n m\u1edf r\u1ed9ng d\u1ecbch v\u1ee5 sang thanh tra, qu\u1ea3n l\u00fd ch\u1ea5t l\u01b0\u1ee3ng v\u00e0 \u0111\u00e0o t\u1ea1o nh\u00e2n s\u1ef1.<\/p>\n<p class=\"wpTag\">Nh\u1eb1m gi\u1ea3i quy\u1ebft to\u00e0n di\u1ec7n c\u00e1c th\u00e1ch th\u1ee9c c\u1ee7a c\u01a1 s\u1edf s\u1ea3n xu\u1ea5t, ch\u00fang t\u00f4i \u0111\u00e3 m\u1edf r\u1ed9ng ph\u1ea1m vi ho\u1ea1t \u0111\u1ed9ng kinh doanh.<\/p>\n<p class=\"wpTag\">Ng\u00e0y nay, d\u1ecbch v\u1ee5 c\u1ee7a ch\u00fang t\u00f4i kh\u00f4ng ch\u1ec9 \u0111\u01b0\u1ee3c tin t\u01b0\u1edfng trong l\u0129nh v\u1ef1c d\u01b0\u1ee3c ph\u1ea9m v\u00e0 thi\u1ebft b\u1ecb y t\u1ebf m\u00e0 c\u00f2n \u0111\u01b0\u1ee3c l\u1ef1a ch\u1ecdn cho m\u1ecdi c\u01a1 s\u1edf s\u1ea3n xu\u1ea5t c\u00f3 y\u00eau c\u1ea7u cao v\u1ec1 ki\u1ec3m so\u00e1t m\u00f4i tr\u01b0\u1eddng.<\/p>\n<p class=\"wpTag\"> Ch\u00fang t\u00f4i s\u1ebd kh\u00f4ng ng\u1eebng ph\u00e1t tri\u1ec3n \u0111\u1ec3 \u0111\u00e1p \u1ee9ng nhu c\u1ea7u c\u1ee7a kh\u00e1ch h\u00e0ng.<\/p>\n<div class=\"picBox\"><img decoding=\"async\" src=\"https:\/\/cm-plus.co.jp\/vn\/wp-content\/themes\/cmplus\/image\/about_cm_plus\/philosophy\/img01.webp\" alt=\"Corporate Philosophy\"><br \/>\n<span class=\"photoIco\"><a href=\"https:\/\/cm-plus.co.jp\/vn\/wp-content\/themes\/cmplus\/image\/about_cm_plus\/philosophy\/img01.webp\" class=\"popImg\">&nbsp;<\/a><\/span>\n<\/div>\n<\/section>\n<section class=\"historyBox\">\n<h2 class=\"headLine05\">L\u1ecbch s\u1eed Doanh nghi\u1ec7p<\/h2>\n<ul class=\"historyList\">\n<li>\n<p class=\"date\">2007<\/p>\n<ul class=\"subList\">\n<li>Th\u00e0nh l\u1eadp C\u00f4ng ty CM Plus.<br \/> <br \/>\nCung c\u1ea5p d\u1ecbch v\u1ee5 k\u1ef9 thu\u1eadt h\u1ed7 tr\u1ee3 c\u00e1c d\u1ef1 \u00e1n x\u00e2y d\u1ef1ng c\u01a1 s\u1edf s\u1ea3n xu\u1ea5t.<\/li>\n<\/ul>\n<\/li>\n<li>\n<p class=\"date\">2011<\/p>\n<ul class=\"subList\">\n<li>B\u1eaft \u0111\u1ea7u cung c\u1ea5p d\u1ecbch v\u1ee5 t\u01b0 v\u1ea5n cho ng\u00e0nh d\u01b0\u1ee3c ph\u1ea9m.<\/li>\n<li>M\u1edf r\u1ed9ng d\u1ecbch v\u1ee5 k\u1ef9 thu\u1eadt sang l\u0129nh v\u1ef1c thi\u1ebft b\u1ecb y t\u1ebf v\u00e0 trung t\u00e2m d\u1eef li\u1ec7u.<\/li>\n<li>Ra m\u1eaft n\u1ec1n t\u1ea3ng \u201cGMP Platform\u201d \u2013 k\u00eanh cung c\u1ea5p th\u00f4ng tin v\u1ec1 GMP.<\/li>\n<\/ul>\n<\/li>\n<li>\n<p class=\"date\">2013<\/p>\n<ul class=\"subList\">\n<li> Th\u00e0nh l\u1eadp c\u00f4ng ty con t\u1ea1i Vi\u1ec7t Nam.<\/li>\n<li>Tri\u1ec3n khai d\u1ecbch v\u1ee5 \u0111\u00e0o t\u1ea1o v\u1ec1 GMP.<br class=\"wpTag\"><br \/>\n*\u0110\u1ec3 bi\u1ebft th\u00eam chi ti\u1ebft, vui l\u00f2ng xem t\u1ea1i m\u1ee5c <a href=\"#a01\">\u201cL\u1ecbch s\u1eed Tri\u1ec3n khai D\u1ecbch v\u1ee5.\u201d<\/a>\n<\/li>\n<\/ul>\n<\/li>\n<li>\n<p class=\"date\">2014<\/p>\n<ul class=\"subList\">\n<li>Th\u00e0nh l\u1eadp c\u00f4ng ty con t\u1ea1i Singapore.<\/li>\n<\/ul>\n<\/li>\n<li>\n<p class=\"date\">2015<\/p>\n<ul class=\"subList\">\n<li>Th\u00e0nh l\u1eadp c\u00f4ng ty con t\u1ea1i Indonesia.<\/li>\n<\/ul>\n<\/li>\n<li>\n<p class=\"date\">2018<\/p>\n<ul class=\"subList\">\n<li>Chuy\u1ec3n tr\u1ee5 s\u1edf ch\u00ednh t\u1ea1i Nh\u1eadt B\u1ea3n \u0111\u1ebfn t\u00f2a nh\u00e0 Minato Mirai Grand Central Tower.<\/li>\n<li> Th\u00e0nh l\u1eadp Tr\u1ee5 s\u1edf T\u1eadp \u0111o\u00e0n t\u1ea1i Singapore v\u00e0 chuy\u1ec3n giao ch\u1ee9c n\u0103ng qu\u1ea3n l\u00fd t\u1eadp \u0111o\u00e0n.<\/li>\n<\/ul>\n<\/li>\n<li>\n<p class=\"date\">2023<\/p>\n<ul class=\"subList\">\n<li>T\u1ed5 ch\u1ee9c l\u1ec5 k\u1ef7 ni\u1ec7m 15 n\u0103m th\u00e0nh l\u1eadp.<\/li>\n<\/ul>\n<\/li>\n<\/ul>\n<div class=\"record\" id=\"a01\">\n<div class=\"jsBox\">\n<div class=\"subBox\">\n<h3 class=\"headLine06\">Expansion of target industries and service categories<\/h3>\n<div class=\"photo\">\n<img decoding=\"async\" src=\"https:\/\/cm-plus.co.jp\/vn\/wp-content\/themes\/cmplus\/image\/about_cm_plus\/philosophy\/img02.webp\" alt=\"Expansion of target industries and service categories\"><br \/>\n<span class=\"photoIco\"><a href=\"https:\/\/cm-plus.co.jp\/vn\/wp-content\/themes\/cmplus\/image\/about_cm_plus\/philosophy\/img02.webp\" class=\"popImg\">&nbsp;<\/a><\/span>\n<\/div>\n<\/div>\n<\/div>\n<p class=\"comLinkP center accordion\">\n<span class=\"open\"><a href=\"#\"><span class=\"subSpan\">L\u1ecbch s\u1eed Tri\u1ec3n khai D\u1ecbch v\u1ee5<\/span><\/a><\/span><br \/>\n<span class=\"close\"><a href=\"#\"><span class=\"subSpan\">Close<\/span><\/a><\/span>\n<\/p>\n<\/div>\n<\/section>\n<section class=\"systemBox\">\n<h2 class=\"headLine05\">Th\u1ebf m\u1ea1nh c\u1ee7a CM Plus<\/h2>\n<p class=\"wpTag\">D\u1ef1a tr\u00ean chuy\u00ean m\u00f4n n\u1ed9i t\u1ea1i, CM Plus t\u1eadn d\u1ee5ng tri th\u1ee9c ti\u00ean ti\u1ebfn to\u00e0n c\u1ea7u th\u00f4ng qua m\u00f4 h\u00ecnh \u0111\u1ed5i m\u1edbi m\u1edf (open innovation),<br class=\"pc\">k\u1ebft h\u1ee3p h\u00e0i h\u00f2a v\u1edbi ki\u1ebfn th\u1ee9c v\u00e0 kinh nghi\u1ec7m c\u1ee7a kh\u00e1ch h\u00e0ng \u0111\u1ec3 c\u00f9ng gi\u1ea3i quy\u1ebft c\u00e1c th\u00e1ch th\u1ee9c \u0111\u1eb7t ra.<\/p>\n<p class=\"wpTag\">N\u1ec1n t\u1ea3ng chuy\u00ean m\u00f4n v\u1eefng ch\u1eafc c\u00f9ng m\u1ea1ng l\u01b0\u1edbi k\u1ebft n\u1ed1i to\u00e0n di\u1ec7n ch\u00ednh l\u00e0 c\u1ed1t l\u00f5i t\u1ea1o n\u00ean s\u1ee9c m\u1ea1nh c\u1ee7a CM Plus.<\/p>\n<p class=\"wpTag\">Ch\u00fang t\u00f4i lu\u00f4n n\u1ed7 l\u1ef1c tr\u1edf th\u00e0nh m\u1ed9t \u201c\u0111\u1ed1i t\u00e1c \u0111\u1ed3ng h\u00e0nh\u201d \u2013 nh\u01b0 ph\u1ea7n m\u1edf r\u1ed9ng v\u1ec1 tri th\u1ee9c v\u00e0 v\u1eadn h\u00e0nh c\u1ee7a kh\u00e1ch h\u00e0ng,<br class=\"pc\">\u0111\u1ed3ng th\u1eddi l\u00e0 \u201cng\u01b0\u1eddi ki\u1ebfn t\u1ea1o gi\u00e1 tr\u1ecb\u201d \u2013 h\u1ed7 tr\u1ee3 kh\u00e1ch h\u00e0ng t\u1ea1o ra gi\u00e1 tr\u1ecb m\u1edbi th\u00f4ng qua vi\u1ec7c gi\u1ea3i quy\u1ebft v\u1ea5n \u0111\u1ec1 v\u00e0 \u0111\u1ea3m b\u1ea3o th\u00e0nh c\u00f4ng cho d\u1ef1 \u00e1n.<\/p>\n<div class=\"photo\"><img decoding=\"async\" src=\"https:\/\/cm-plus.co.jp\/vn\/wp-content\/themes\/cmplus\/image\/about_cm_plus\/philosophy\/img03.webp\" alt=\"Th\u1ebf m\u1ea1nh c\u1ee7a CM Plus\"><span class=\"photoIco\"><a href=\"https:\/\/cm-plus.co.jp\/vn\/wp-content\/themes\/cmplus\/image\/about_cm_plus\/philosophy\/img03.webp\" class=\"popImg\">&nbsp;<\/a><\/span><\/div>\n<div class=\"comLink\"><a href=\"https:\/\/cm-plus.co.jp\/vn\/service\/\"><span class=\"subSpan\">T\u00ecm hi\u1ec3u th\u00eam v\u1ec1 c\u00e1c d\u1ecbch v\u1ee5 c\u1ee7a CM Plus<\/span><\/a><\/div>\n<\/section>\n<section class=\"comOtherBox\">\n<h2 class=\"headLine04\">Gi\u1edbi thi\u1ec7u v\u1ec1 CM Plus<\/h2>\n<ul class=\"comLinkList\">\n<li><a href=\"https:\/\/cm-plus.co.jp\/vn\/about_cm_plus\/greeting\/\"><br \/>\n<span class=\"photo\"><img decoding=\"async\" src=\"https:\/\/cm-plus.co.jp\/vn\/wp-content\/themes\/cmplus\/image\/about_cm_plus\/photo01.webp\" alt=\"Top Message\"><\/span><br \/>\n<span class=\"subSpan\">Th\u00f4ng \u0111i\u1ec7p t\u1eeb Ban L\u00e3nh \u0111\u1ea1o<\/span><br \/>\n<\/a>\n<\/li>\n<li><a href=\"https:\/\/cm-plus.co.jp\/vn\/about_cm_plus\/record\/\/\"><br \/>\n<span class=\"photo\"><img decoding=\"async\" src=\"https:\/\/cm-plus.co.jp\/vn\/wp-content\/themes\/cmplus\/image\/about_cm_plus\/photo03.webp\" alt=\"Th\u00e0nh t\u1ef1u qua c\u00e1c con s\u1ed1\"><\/span><br \/>\n<span class=\"subSpan\">Th\u00e0nh t\u1ef1u qua c\u00e1c con s\u1ed1<\/span><br \/>\n<\/a>\n<\/li>\n<li><a href=\"https:\/\/cm-plus.co.jp\/vn\/about_cm_plus\/company_overview\/\"><br \/>\n<span class=\"photo\"><img decoding=\"async\" src=\"https:\/\/cm-plus.co.jp\/vn\/wp-content\/themes\/cmplus\/image\/about_cm_plus\/photo04.webp\" alt=\"S\u01a1 l\u01b0\u1ee3c v\u1ec1 c\u00f4ng ty\"><\/span><br \/>\n<span class=\"subSpan\">S\u01a1 l\u01b0\u1ee3c v\u1ec1 c\u00f4ng ty<\/span><br \/>\n<\/a>\n<\/li>\n<p><!--\n\n<li><a href=\"[url]\/about_cm_plus\/organization\/\">\n<span class=\"photo\"><img decoding=\"async\" src=\"https:\/\/cm-plus.co.jp\/vn\/wp-content\/themes\/cmplus\/image\/about_cm_plus\/photo05.webp\" alt=\"Organization\"><\/span>\n<span class=\"subSpan\">Organization<\/span>\n<\/a>\n<\/li>\n\n--><\/p>\n<li><a href=\"https:\/\/cm-plus.co.jp\/vn\/about_cm_plus\/executive_profiles\/\"><br \/>\n<span class=\"photo\"><img decoding=\"async\" src=\"https:\/\/cm-plus.co.jp\/vn\/wp-content\/themes\/cmplus\/image\/about_cm_plus\/photo06.webp\" alt=\"Ban L\u00e3nh \u0111\u1ea1o v\u00e0 Qu\u1ea3n l\u00fd\"><\/span><br \/>\n<span class=\"subSpan\">Ban L\u00e3nh \u0111\u1ea1o v\u00e0 Qu\u1ea3n l\u00fd<\/span><br \/>\n<\/a>\n<\/li>\n<li><a href=\"https:\/\/cm-plus.co.jp\/vn\/about_cm_plus\/mobilization_qualification\/\"><br \/>\n<span class=\"photo\"><img decoding=\"async\" src=\"https:\/\/cm-plus.co.jp\/vn\/wp-content\/themes\/cmplus\/image\/about_cm_plus\/photo07.webp\" alt=\"Chuy\u00ean gia v\u00e0 Ch\u1ee9ng ch\u1ec9 N\u0103ng l\u1ef1c\"><\/span><br \/>\n<span class=\"subSpan\">Chuy\u00ean gia v\u00e0 Ch\u1ee9ng ch\u1ec9 N\u0103ng l\u1ef1c<\/span><br \/>\n<\/a>\n<\/li>\n<p><!--\n\n<li><a href=\"[url]\/about_cm_plus\/cm_plus_qa\/\">\n<span class=\"photo\"><img decoding=\"async\" src=\"https:\/\/cm-plus.co.jp\/vn\/wp-content\/themes\/cmplus\/image\/about_cm_plus\/photo08.webp\" alt=\"FAQ\"><\/span>\n<span class=\"subSpan\">FAQ<\/span>\n<\/a>\n<\/li>\n\n--><\/p>\n<li><a href=\"https:\/\/cm-plus.co.jp\/vn\/about_cm_plus\/access\/\"><br \/>\n<span class=\"photo\"><img decoding=\"async\" src=\"https:\/\/cm-plus.co.jp\/vn\/wp-content\/themes\/cmplus\/image\/about_cm_plus\/photo09.webp\" alt=\"Li\u00ean h\u1ec7 &#038; \u0110\u1ecba \u0111i\u1ec3m\"><\/span><br \/>\n<span class=\"subSpan\">Li\u00ean h\u1ec7 &#038; \u0110\u1ecba \u0111i\u1ec3m<\/span><br \/>\n<\/a>\n<\/li>\n<\/ul>\n<\/section>\n<section class=\"comOtherBox comBorBox03\">\n<h2 class=\"headLine04\">D\u1ecbch v\u1ee5 c\u1ee7a CM Plus<\/h2>\n<ul class=\"comLinkList\">\n<li><a href=\"https:\/\/cm-plus.co.jp\/vn\/service\/engineering\/\"><br \/>\n<span class=\"photo\"><img decoding=\"async\" src=\"https:\/\/cm-plus.co.jp\/vn\/wp-content\/themes\/cmplus\/image\/common\/photo01.webp\" alt=\"T\u01b0 v\u1ea5n K\u1ef9 thu\u1eadt, Qu\u1ea3n l\u00fd D\u1ef1 \u00e1n\"><\/span><br \/>\n<span class=\"subSpan\">T\u01b0 v\u1ea5n K\u1ef9 thu\u1eadt, Qu\u1ea3n l\u00fd D\u1ef1 \u00e1n<\/span><br \/>\n<\/a><\/li>\n<li><a href=\"https:\/\/cm-plus.co.jp\/vn\/service\/consulting\/\"><br \/>\n<span class=\"photo\"><img decoding=\"async\" src=\"https:\/\/cm-plus.co.jp\/vn\/wp-content\/themes\/cmplus\/image\/common\/photo02.webp\" alt=\"T\u01b0 v\u1ea5n\"><\/span><br \/>\n<span class=\"subSpan\">T\u01b0 v\u1ea5n<\/span><br \/>\n<\/a><\/li>\n<li><a href=\"https:\/\/cm-plus.co.jp\/vn\/service\/support_for_training\/\"><br \/>\n<span class=\"photo\"><img decoding=\"async\" src=\"https:\/\/cm-plus.co.jp\/vn\/wp-content\/themes\/cmplus\/image\/common\/photo03.webp\" alt=H\u1ed7 tr\u1ee3 \u0110\u00e0o t\u1ea1o\/ Hu\u1ea5n luy\u1ec7n\"><\/span><br \/>\n<span class=\"subSpan\">H\u1ed7 tr\u1ee3 \u0110\u00e0o t\u1ea1o\/ Hu\u1ea5n luy\u1ec7n<\/span><br \/>\n<\/a><\/li>\n<li><a href=\"https:\/\/cm-plus.co.jp\/vn\/service\/technology_information\/\"><br \/>\n<span class=\"photo\"><img decoding=\"async\" src=\"https:\/\/cm-plus.co.jp\/vn\/wp-content\/themes\/cmplus\/image\/common\/photo04.webp\" alt=\"D\u1ecbch v\u1ee5 Th\u00f4ng tin K\u1ef9 thu\u1eadt\"><\/span><br \/>\n<span class=\"subSpan\">D\u1ecbch v\u1ee5 Th\u00f4ng tin K\u1ef9 thu\u1eadt<\/span><br \/>\n<\/a><\/li>\n<\/ul>\n<\/section>\n<\/article>\n<aside id=\"sideBar\">\n\t<p class=\"sideTtl\"><a href=\"https:\/\/cm-plus.co.jp\/vn\/about_cm_plus\/\"><span class=\"txtSpan barlow\">Gi\u1edbi thi\u1ec7u v\u1ec1 CM Plus<\/span><\/a><\/p>\n\t<ul id=\"menu-about\" class=\"sideList\"><li id=\"menu-item-507\" class=\"menu-item menu-item-type-post_type menu-item-object-page menu-item-507\"><a href=\"https:\/\/cm-plus.co.jp\/vn\/about_cm_plus\/greeting\/\">Th\u00f4ng \u0111i\u1ec7p t\u1eeb Ban L\u00e3nh \u0110\u1ea1o<\/a><\/li>\n<li id=\"menu-item-506\" class=\"menu-item menu-item-type-post_type menu-item-object-page menu-item-506\"><a href=\"https:\/\/cm-plus.co.jp\/vn\/about_cm_plus\/philosophy\/\">Tri\u1ebft l\u00fd &#038; L\u1ecbch s\u1eed Ph\u00e1t tri\u1ec3n<\/a><\/li>\n<li id=\"menu-item-511\" class=\"menu-item menu-item-type-post_type menu-item-object-page menu-item-511\"><a href=\"https:\/\/cm-plus.co.jp\/vn\/about_cm_plus\/record\/\">Th\u00e0nh T\u1ef1u Qua C\u00e1c Con S\u1ed1<\/a><\/li>\n<li id=\"menu-item-508\" class=\"menu-item menu-item-type-post_type menu-item-object-page menu-item-has-children menu-item-508\"><a href=\"https:\/\/cm-plus.co.jp\/vn\/about_cm_plus\/company_overview\/\">Gi\u1edbi Thi\u1ec7u C\u00f4ng Ty<\/a>\n<ul class=\"sub-menu\">\n\t<li id=\"menu-item-512\" class=\"menu-item menu-item-type-post_type menu-item-object-page menu-item-512\"><a href=\"https:\/\/cm-plus.co.jp\/vn\/about_cm_plus\/company_overview\/vision\/\">Vision\u30fbCREDO\u30fbMission<\/a><\/li>\n<\/ul>\n<\/li>\n<li id=\"menu-item-510\" class=\"menu-item menu-item-type-post_type menu-item-object-page menu-item-510\"><a href=\"https:\/\/cm-plus.co.jp\/vn\/about_cm_plus\/executive_profiles\/\">Ban \u0110i\u1ec1u H\u00e0nh T\u1eadp \u0110o\u00e0n<\/a><\/li>\n<li id=\"menu-item-509\" class=\"menu-item menu-item-type-post_type menu-item-object-page menu-item-509\"><a href=\"https:\/\/cm-plus.co.jp\/vn\/about_cm_plus\/mobilization_qualification\/\">Chuy\u00ean Gia &#038; Ch\u1ee9ng Nh\u1eadn<\/a><\/li>\n<li id=\"menu-item-505\" class=\"menu-item menu-item-type-post_type menu-item-object-page menu-item-505\"><a href=\"https:\/\/cm-plus.co.jp\/vn\/about_cm_plus\/access\/\">Li\u00ean H\u1ec7 \/ V\u1ecb Tr\u00ed<\/a><\/li>\n<\/ul><\/aside><\/div>\n<\/div>\n<\/div>\n","protected":false},"excerpt":{"rendered":"<p>Trang ch\u1ee7\/ Gi\u1edbi thi\u1ec7u v\u1ec1 CM Plus\/ Tri\u1ebft l\u00fd v\u00e0 L\u1ecbch s\u1eed C\u00f4ng ty Gi\u1edbi thi\u1ec7u v\u1ec1 CM PlusTri\u1ebft l\u00fd v\u00e0 L\u1ecbch s\u1eed C\u00f4ng ty [&hellip;]<\/p>\n","protected":false},"author":1,"featured_media":0,"parent":444,"menu_order":11,"comment_status":"closed","ping_status":"closed","template":"","meta":{"_acf_changed":false,"footnotes":""},"keywords":[],"class_list":["post-449","page","type-page","status-publish","hentry"],"acf":[],"yoast_head":"<!-- This site is optimized with the Yoast SEO plugin v22.4 - https:\/\/yoast.com\/wordpress\/plugins\/seo\/ -->\n<title>Corporate Philosophy and History\uff5cCM Plus<\/title>\n<meta name=\"description\" content=\"This summarizes the philosophy and history of CM Plus\" \/>\n<meta name=\"robots\" content=\"index, follow, max-snippet:-1, max-image-preview:large, max-video-preview:-1\" \/>\n<link rel=\"canonical\" href=\"https:\/\/cm-plus.co.jp\/vn\/about_cm_plus\/philosophy\/\" \/>\n<meta property=\"og:locale\" content=\"ja_JP\" \/>\n<meta property=\"og:type\" content=\"article\" \/>\n<meta property=\"og:title\" content=\"Corporate Philosophy and History\uff5cCM Plus\" \/>\n<meta property=\"og:description\" content=\"This summarizes the philosophy and history of CM Plus\" \/>\n<meta property=\"og:url\" content=\"https:\/\/cm-plus.co.jp\/vn\/about_cm_plus\/philosophy\/\" \/>\n<meta property=\"og:site_name\" content=\"CM Plus\" \/>\n<meta property=\"article:modified_time\" content=\"2025-05-19T23:47:10+00:00\" \/>\n<meta property=\"og:image\" content=\"https:\/\/cm-plus.co.jp\/vn\/wp-content\/uploads\/2024\/05\/ogp.png\" \/>\n<meta name=\"twitter:card\" content=\"summary_large_image\" \/>\n<meta name=\"twitter:label1\" content=\"\u63a8\u5b9a\u8aad\u307f\u53d6\u308a\u6642\u9593\" \/>\n\t<meta name=\"twitter:data1\" content=\"10\u5206\" \/>\n<script type=\"application\/ld+json\" class=\"yoast-schema-graph\">{\"@context\":\"https:\/\/schema.org\",\"@graph\":[{\"@type\":\"WebPage\",\"@id\":\"https:\/\/cm-plus.co.jp\/vn\/about_cm_plus\/philosophy\/\",\"url\":\"https:\/\/cm-plus.co.jp\/vn\/about_cm_plus\/philosophy\/\",\"name\":\"Corporate Philosophy and History | CM Plus\",\"isPartOf\":{\"@id\":\"https:\/\/cm-plus.co.jp\/vn\/#website\"},\"primaryImageOfPage\":{\"@id\":\"https:\/\/cm-plus.co.jp\/vn\/about_cm_plus\/philosophy\/#primaryimage\"},\"image\":{\"@id\":\"https:\/\/cm-plus.co.jp\/vn\/about_cm_plus\/philosophy\/#primaryimage\"},\"thumbnailUrl\":\"https:\/\/cm-plus.co.jp\/vn\/wp-content\/themes\/cmplus\/image\/common\/key01.webp\",\"datePublished\":\"2024-04-24T08:52:39+00:00\",\"dateModified\":\"2025-05-19T23:47:10+00:00\",\"description\":\"This summarizes the philosophy and history of CM Plus\",\"breadcrumb\":{\"@id\":\"https:\/\/cm-plus.co.jp\/vn\/about_cm_plus\/philosophy\/#breadcrumb\"},\"inLanguage\":\"ja\",\"potentialAction\":[{\"@type\":\"ReadAction\",\"target\":[\"https:\/\/cm-plus.co.jp\/vn\/about_cm_plus\/philosophy\/\"]}]},{\"@type\":\"ImageObject\",\"inLanguage\":\"ja\",\"@id\":\"https:\/\/cm-plus.co.jp\/vn\/about_cm_plus\/philosophy\/#primaryimage\",\"url\":\"https:\/\/cm-plus.co.jp\/vn\/wp-content\/themes\/cmplus\/image\/common\/key01.webp\",\"contentUrl\":\"https:\/\/cm-plus.co.jp\/vn\/wp-content\/themes\/cmplus\/image\/common\/key01.webp\"},{\"@type\":\"BreadcrumbList\",\"@id\":\"https:\/\/cm-plus.co.jp\/vn\/about_cm_plus\/philosophy\/#breadcrumb\",\"itemListElement\":[{\"@type\":\"ListItem\",\"position\":1,\"name\":\"\u30db\u30fc\u30e0\",\"item\":\"https:\/\/cm-plus.co.jp\/vn\/\"},{\"@type\":\"ListItem\",\"position\":2,\"name\":\"About CM Plus\",\"item\":\"https:\/\/cm-plus.co.jp\/vn\/about_cm_plus\/\"},{\"@type\":\"ListItem\",\"position\":3,\"name\":\"Corporate Philosophy and History\"}]},{\"@type\":\"WebSite\",\"@id\":\"https:\/\/cm-plus.co.jp\/vn\/#website\",\"url\":\"https:\/\/cm-plus.co.jp\/vn\/\",\"name\":\"CM Plus\",\"description\":\"Your Partner in Facility Construction, Quality Assurance, and Training Support\",\"potentialAction\":[{\"@type\":\"SearchAction\",\"target\":{\"@type\":\"EntryPoint\",\"urlTemplate\":\"https:\/\/cm-plus.co.jp\/vn\/?s={search_term_string}\"},\"query-input\":\"required name=search_term_string\"}],\"inLanguage\":\"ja\"}]}<\/script>\n<!-- \/ Yoast SEO plugin. -->","yoast_head_json":{"title":"Corporate Philosophy and History\uff5cCM Plus","description":"This summarizes the philosophy and history of CM Plus","robots":{"index":"index","follow":"follow","max-snippet":"max-snippet:-1","max-image-preview":"max-image-preview:large","max-video-preview":"max-video-preview:-1"},"canonical":"https:\/\/cm-plus.co.jp\/vn\/about_cm_plus\/philosophy\/","og_locale":"ja_JP","og_type":"article","og_title":"Corporate Philosophy and History\uff5cCM Plus","og_description":"This summarizes the philosophy and history of CM Plus","og_url":"https:\/\/cm-plus.co.jp\/vn\/about_cm_plus\/philosophy\/","og_site_name":"CM Plus","article_modified_time":"2025-05-19T23:47:10+00:00","og_image":[{"url":"https:\/\/cm-plus.co.jp\/vn\/wp-content\/uploads\/2024\/05\/ogp.png"}],"twitter_card":"summary_large_image","twitter_misc":{"\u63a8\u5b9a\u8aad\u307f\u53d6\u308a\u6642\u9593":"10\u5206"},"schema":{"@context":"https:\/\/schema.org","@graph":[{"@type":"WebPage","@id":"https:\/\/cm-plus.co.jp\/vn\/about_cm_plus\/philosophy\/","url":"https:\/\/cm-plus.co.jp\/vn\/about_cm_plus\/philosophy\/","name":"Corporate Philosophy and History | CM Plus","isPartOf":{"@id":"https:\/\/cm-plus.co.jp\/vn\/#website"},"primaryImageOfPage":{"@id":"https:\/\/cm-plus.co.jp\/vn\/about_cm_plus\/philosophy\/#primaryimage"},"image":{"@id":"https:\/\/cm-plus.co.jp\/vn\/about_cm_plus\/philosophy\/#primaryimage"},"thumbnailUrl":"https:\/\/cm-plus.co.jp\/vn\/wp-content\/themes\/cmplus\/image\/common\/key01.webp","datePublished":"2024-04-24T08:52:39+00:00","dateModified":"2025-05-19T23:47:10+00:00","description":"This summarizes the philosophy and history of CM Plus","breadcrumb":{"@id":"https:\/\/cm-plus.co.jp\/vn\/about_cm_plus\/philosophy\/#breadcrumb"},"inLanguage":"ja","potentialAction":[{"@type":"ReadAction","target":["https:\/\/cm-plus.co.jp\/vn\/about_cm_plus\/philosophy\/"]}]},{"@type":"ImageObject","inLanguage":"ja","@id":"https:\/\/cm-plus.co.jp\/vn\/about_cm_plus\/philosophy\/#primaryimage","url":"https:\/\/cm-plus.co.jp\/vn\/wp-content\/themes\/cmplus\/image\/common\/key01.webp","contentUrl":"https:\/\/cm-plus.co.jp\/vn\/wp-content\/themes\/cmplus\/image\/common\/key01.webp"},{"@type":"BreadcrumbList","@id":"https:\/\/cm-plus.co.jp\/vn\/about_cm_plus\/philosophy\/#breadcrumb","itemListElement":[{"@type":"ListItem","position":1,"name":"\u30db\u30fc\u30e0","item":"https:\/\/cm-plus.co.jp\/vn\/"},{"@type":"ListItem","position":2,"name":"About CM Plus","item":"https:\/\/cm-plus.co.jp\/vn\/about_cm_plus\/"},{"@type":"ListItem","position":3,"name":"Corporate Philosophy and History"}]},{"@type":"WebSite","@id":"https:\/\/cm-plus.co.jp\/vn\/#website","url":"https:\/\/cm-plus.co.jp\/vn\/","name":"CM Plus","description":"Your Partner in Facility Construction, Quality Assurance, and Training Support","potentialAction":[{"@type":"SearchAction","target":{"@type":"EntryPoint","urlTemplate":"https:\/\/cm-plus.co.jp\/vn\/?s={search_term_string}"},"query-input":"required name=search_term_string"}],"inLanguage":"ja"}]}},"_links":{"self":[{"href":"https:\/\/cm-plus.co.jp\/vn\/wp-json\/wp\/v2\/pages\/449","targetHints":{"allow":["GET"]}}],"collection":[{"href":"https:\/\/cm-plus.co.jp\/vn\/wp-json\/wp\/v2\/pages"}],"about":[{"href":"https:\/\/cm-plus.co.jp\/vn\/wp-json\/wp\/v2\/types\/page"}],"author":[{"embeddable":true,"href":"https:\/\/cm-plus.co.jp\/vn\/wp-json\/wp\/v2\/users\/1"}],"replies":[{"embeddable":true,"href":"https:\/\/cm-plus.co.jp\/vn\/wp-json\/wp\/v2\/comments?post=449"}],"version-history":[{"count":26,"href":"https:\/\/cm-plus.co.jp\/vn\/wp-json\/wp\/v2\/pages\/449\/revisions"}],"predecessor-version":[{"id":6319,"href":"https:\/\/cm-plus.co.jp\/vn\/wp-json\/wp\/v2\/pages\/449\/revisions\/6319"}],"up":[{"embeddable":true,"href":"https:\/\/cm-plus.co.jp\/vn\/wp-json\/wp\/v2\/pages\/444"}],"wp:attachment":[{"href":"https:\/\/cm-plus.co.jp\/vn\/wp-json\/wp\/v2\/media?parent=449"}],"wp:term":[{"taxonomy":"keywords","embeddable":true,"href":"https:\/\/cm-plus.co.jp\/vn\/wp-json\/wp\/v2\/keywords?post=449"}],"curies":[{"name":"wp","href":"https:\/\/api.w.org\/{rel}","templated":true}]}}