{"id":1225,"date":"2024-04-30T10:08:53","date_gmt":"2024-04-30T01:08:53","guid":{"rendered":"https:\/\/cm-plus.co.jp\/vn\/?page_id=1225"},"modified":"2025-05-17T21:36:35","modified_gmt":"2025-05-17T12:36:35","slug":"recruit","status":"publish","type":"page","link":"https:\/\/cm-plus.co.jp\/vn\/recruit\/","title":{"rendered":"Career"},"content":{"rendered":"<div id=\"recruit\">\n<div id=\"pagePath\">\n<ul>\n<li><a href=\"https:\/\/cm-plus.co.jp\/vn\/\">Trang ch\u1ee7<\/a>\/<\/li>\n<li>Tuy\u1ec3n d\u1ee5ng<\/li>\n<\/ul>\n<\/div>\n<div class=\"pageTitle\">\n<div class=\"PageInner\">\n<div class=\"subBox\">\n<div class=\"ttlBox\">\n<h1><span class=\"tag\">Tuy\u1ec3n d\u1ee5ng<\/span> Tr\u00ed Tu\u1ec7 T\u1eadp Th\u1ec3<span class=\"sml\">C\u00f9ng nhau t\u1ea1o n\u00ean gi\u00e1 tr\u1ecb m\u1edbi<\/span><\/h1>\n<\/div>\n<\/div>\n<\/div>\n<div class=\"pic\"><img decoding=\"async\" src=\"https:\/\/cm-plus.co.jp\/vn\/wp-content\/themes\/cmplus\/image\/recruit\/page_img.webp\" alt=\"Career  The Collective Wisdom\" class=\"pc\"><img decoding=\"async\" src=\"https:\/\/cm-plus.co.jp\/vn\/wp-content\/themes\/cmplus\/image\/recruit\/page_img_sp.webp\" alt=\"Career  The Collective Wisdom\" class=\"sp\"><\/div>\n<\/div>\n<div class=\"comBgBox\">\n<div class=\"content\">\n<section class=\"messageBox\">\n<h2 class=\"headLine13\"><span class=\"en\">B\u1ea0N CH\u00cdNH L\u00c0 T\u00c0I N\u0102NG CH\u00daNG T\u00d4I \u0110ANG T\u00ccM KI\u1ebeM!<\/span><\/h2>\n<p class=\"wpTag\">CM Plus l\u00e0 m\u1ed9t c\u00f4ng ty d\u1ecbch v\u1ee5 qu\u1ea3n l\u00fd chuy\u00ean nghi\u1ec7p, ph\u1ee5c v\u1ee5 c\u00e1c ch\u1ee9c n\u0103ng kinh doanh quan tr\u1ecdng <br class=\"wpTag\">b\u1eb1ng c\u00e1ch h\u1ed7 tr\u1ee3 d\u1ef1 \u00e1n c\u1ee7a b\u1ea1n trong thi\u1ebft k\u1ebf c\u01a1 s\u1edf s\u1ea3n xu\u1ea5t, ki\u1ec3m so\u00e1t ch\u1ea5t l\u01b0\u1ee3ng v\u00e0 ph\u00e1t tri\u1ec3n ngu\u1ed3n nh\u00e2n l\u1ef1c. <\/p>\n<p class=\"wpTag\">Ch\u00fang t\u00f4i c\u00f9ng nhau h\u1ee3p t\u00e1c \u0111\u1ec3 \u0111\u00e1p \u1ee9ng nhu c\u1ea7u c\u1ee7a kh\u00e1ch h\u00e0ng v\u00e0 h\u01b0\u1edbng \u0111\u1ebfn m\u1ee5c ti\u00eau: th\u00e0nh c\u00f4ng c\u1ee7a d\u1ef1 \u00e1n kh\u00e1ch h\u00e0ng l\u00e0 \u01b0u ti\u00ean h\u00e0ng \u0111\u1ea7u c\u1ee7a ch\u00fang t\u00f4i.<\/p>\n<p class=\"wpTag\">Nh\u1eefng t\u00e0i n\u0103ng \u0111\u1ed9c \u0111\u00e1o v\u1edbi kinh nghi\u1ec7m \u0111\u00e3 \u0111\u01b0\u1ee3c ch\u1ee9ng minh ch\u00ednh l\u00e0 ch\u00eca kh\u00f3a th\u00e0nh c\u00f4ng c\u1ee7a d\u1ef1 \u00e1n.<\/p>\n<p class=\"wpTag\">M\u1ed7i nh\u00e2n vi\u00ean l\u00e0 ngu\u1ed3n \u0111\u1ed9ng l\u1ef1c th\u00fac \u0111\u1ea9y th\u00e0nh c\u00f4ng \u0111\u00f3, v\u00e0 CM Plus ch\u00e0o \u0111\u00f3n nh\u1eefng ng\u01b0\u1eddi:<br class=\"wpTag\"><br \/>\n1) c\u00f3 t\u1ea7m nh\u00ecn to\u00e0n c\u1ea7u \u0111\u1ec3 \u1ee9ng ph\u00f3 v\u1edbi nh\u1eefng t\u00ecnh hu\u1ed1ng v\u00e0 nhu c\u1ea7u thay \u0111\u1ed5i, <br class=\"wpTag\"><br \/>\n2) tin t\u01b0\u1edfng v\u00e0o vi\u1ec7c \u0111\u00f3ng g\u00f3p cho kh\u00e1ch h\u00e0ng v\u00e0 x\u00e3 h\u1ed9i b\u1eb1ng c\u00f4ng ngh\u1ec7 v\u00e0 ki\u1ebfn th\u1ee9c chuy\u00ean m\u00f4n m\u1edbi nh\u1ea5t, <br class=\"wpTag\"><br \/>\nv\u00e0 3) lu\u00f4n h\u1ecdc h\u1ecfi v\u00e0 t\u1eadn h\u01b0\u1edfng c\u00f4ng vi\u1ec7c v\u1edbi s\u1ef1 h\u1ee9ng kh\u1edfi.<\/p>\n<\/section>\n<section class=\"aboutBox\">\n<h2 class=\"headLine13\">Gi\u1edbi thi\u1ec7u v\u1ec1 CM Plus <\/h2>\n<ul class=\"linkList flexB\">\n<li><a href=\"https:\/\/cm-plus.co.jp\/vn\/service\/\"><img decoding=\"async\" src=\"https:\/\/cm-plus.co.jp\/vn\/wp-content\/themes\/cmplus\/image\/recruit\/photo01.webp\" alt=\"WORK\"><br \/>\n<span class=\"txtBox\"><br \/>\n<span class=\"ttlBox\"><br \/>\n<span class=\"ttl\"><span class=\"tag\">L\u0128NH V\u1ef0C KINH DOANH<\/span>B\u1ea1n c\u00f3 th\u1ec3 \u0111\u00f3ng g\u00f3p<\/span><br \/>\n<\/span><br \/>\n<\/span><br \/>\n<\/a><\/li>\n<li><a href=\"https:\/\/cm-plus.co.jp\/vn\/recruit\/crosstalk\/\"><br \/>\n\t<span class=\"linkSub\"><img decoding=\"async\" src=\"https:\/\/cm-plus.co.jp\/vn\/wp-content\/themes\/cmplus\/image\/recruit\/photo02.webp\" alt=\"PEOPLE\"><br \/>\n\t<span class=\"txtBox\"><br \/>\n\t<span class=\"ttlBox\"><br \/>\n\t\t<span class=\"ttl\"><span class=\"tag\">\u0110\u1ed9i ng\u0169 (TEAM)<\/span>B\u1ea1n s\u1ebd l\u00e0m vi\u1ec7c c\u00f9ng v\u1edbi<\/span><br \/>\n\t<\/span><br \/>\n\t<\/span><br \/>\n\t<\/span><br \/>\n<\/a>\n<\/li>\n<\/ul>\n<\/section>\n<\/div>\n<\/div>\n<\/div>\n","protected":false},"excerpt":{"rendered":"<p>Trang ch\u1ee7\/ Tuy\u1ec3n d\u1ee5ng Tuy\u1ec3n d\u1ee5ng Tr\u00ed Tu\u1ec7 T\u1eadp Th\u1ec3C\u00f9ng nhau t\u1ea1o n\u00ean gi\u00e1 tr\u1ecb m\u1edbi B\u1ea0N CH\u00cdNH L\u00c0 T\u00c0I N\u0102NG CH\u00daNG T\u00d4I  [&hellip;]<\/p>\n","protected":false},"author":1,"featured_media":0,"parent":0,"menu_order":74,"comment_status":"closed","ping_status":"closed","template":"","meta":{"_acf_changed":false,"footnotes":""},"keywords":[],"class_list":["post-1225","page","type-page","status-publish","hentry"],"acf":[],"yoast_head":"<!-- This site is optimized with the Yoast SEO plugin v22.4 - https:\/\/yoast.com\/wordpress\/plugins\/seo\/ -->\n<title>Career\uff5cCM Plus<\/title>\n<meta name=\"description\" content=\"Here is the recruitment information for CM Plus. CM Plus is a professional group specializing in the design, construction, and operation of facilities that require advanced manufacturing environments. It is a place where you can thrive while being stimulated in an environment that brings together knowledge from various fields.\" \/>\n<meta name=\"robots\" content=\"noindex, nofollow\" \/>\n<meta property=\"og:locale\" content=\"ja_JP\" \/>\n<meta property=\"og:type\" content=\"article\" \/>\n<meta property=\"og:title\" content=\"Career\uff5cCM Plus\" \/>\n<meta property=\"og:description\" content=\"Here is the recruitment information for CM Plus. CM Plus is a professional group specializing in the design, construction, and operation of facilities that require advanced manufacturing environments. It is a place where you can thrive while being stimulated in an environment that brings together knowledge from various fields.\" \/>\n<meta property=\"og:url\" content=\"https:\/\/cm-plus.co.jp\/vn\/recruit\/\" \/>\n<meta property=\"og:site_name\" content=\"CM Plus\" \/>\n<meta property=\"article:modified_time\" content=\"2025-05-17T12:36:35+00:00\" \/>\n<meta property=\"og:image\" content=\"https:\/\/cm-plus.co.jp\/vn\/wp-content\/uploads\/2024\/05\/ogp.png\" \/>\n<meta name=\"twitter:card\" content=\"summary_large_image\" \/>\n<meta name=\"twitter:label1\" content=\"\u63a8\u5b9a\u8aad\u307f\u53d6\u308a\u6642\u9593\" \/>\n\t<meta name=\"twitter:data1\" content=\"3\u5206\" \/>\n<script type=\"application\/ld+json\" class=\"yoast-schema-graph\">{\"@context\":\"https:\/\/schema.org\",\"@graph\":[{\"@type\":\"WebPage\",\"@id\":\"https:\/\/cm-plus.co.jp\/vn\/recruit\/\",\"url\":\"https:\/\/cm-plus.co.jp\/vn\/recruit\/\",\"name\":\"Career | CM Plus\",\"isPartOf\":{\"@id\":\"https:\/\/cm-plus.co.jp\/vn\/#website\"},\"primaryImageOfPage\":{\"@id\":\"https:\/\/cm-plus.co.jp\/vn\/recruit\/#primaryimage\"},\"image\":{\"@id\":\"https:\/\/cm-plus.co.jp\/vn\/recruit\/#primaryimage\"},\"thumbnailUrl\":\"https:\/\/cm-plus.co.jp\/vn\/wp-content\/themes\/cmplus\/image\/recruit\/page_img.webp\",\"datePublished\":\"2024-04-30T01:08:53+00:00\",\"dateModified\":\"2025-05-17T12:36:35+00:00\",\"description\":\"Here is the recruitment information for CM Plus. CM Plus is a professional group specializing in the design, construction, and operation of facilities that require advanced manufacturing environments. It is a place where you can thrive while being stimulated in an environment that brings together knowledge from various fields.\",\"breadcrumb\":{\"@id\":\"https:\/\/cm-plus.co.jp\/vn\/recruit\/#breadcrumb\"},\"inLanguage\":\"ja\",\"potentialAction\":[{\"@type\":\"ReadAction\",\"target\":[\"https:\/\/cm-plus.co.jp\/vn\/recruit\/\"]}]},{\"@type\":\"ImageObject\",\"inLanguage\":\"ja\",\"@id\":\"https:\/\/cm-plus.co.jp\/vn\/recruit\/#primaryimage\",\"url\":\"https:\/\/cm-plus.co.jp\/vn\/wp-content\/themes\/cmplus\/image\/recruit\/page_img.webp\",\"contentUrl\":\"https:\/\/cm-plus.co.jp\/vn\/wp-content\/themes\/cmplus\/image\/recruit\/page_img.webp\"},{\"@type\":\"BreadcrumbList\",\"@id\":\"https:\/\/cm-plus.co.jp\/vn\/recruit\/#breadcrumb\",\"itemListElement\":[{\"@type\":\"ListItem\",\"position\":1,\"name\":\"\u30db\u30fc\u30e0\",\"item\":\"https:\/\/cm-plus.co.jp\/vn\/\"},{\"@type\":\"ListItem\",\"position\":2,\"name\":\"Career\"}]},{\"@type\":\"WebSite\",\"@id\":\"https:\/\/cm-plus.co.jp\/vn\/#website\",\"url\":\"https:\/\/cm-plus.co.jp\/vn\/\",\"name\":\"CM Plus\",\"description\":\"Your Partner in Facility Construction, Quality Assurance, and Training Support\",\"potentialAction\":[{\"@type\":\"SearchAction\",\"target\":{\"@type\":\"EntryPoint\",\"urlTemplate\":\"https:\/\/cm-plus.co.jp\/vn\/?s={search_term_string}\"},\"query-input\":\"required name=search_term_string\"}],\"inLanguage\":\"ja\"}]}<\/script>\n<!-- \/ Yoast SEO plugin. -->","yoast_head_json":{"title":"Career\uff5cCM Plus","description":"Here is the recruitment information for CM Plus. CM Plus is a professional group specializing in the design, construction, and operation of facilities that require advanced manufacturing environments. It is a place where you can thrive while being stimulated in an environment that brings together knowledge from various fields.","robots":{"index":"noindex","follow":"nofollow"},"og_locale":"ja_JP","og_type":"article","og_title":"Career\uff5cCM Plus","og_description":"Here is the recruitment information for CM Plus. CM Plus is a professional group specializing in the design, construction, and operation of facilities that require advanced manufacturing environments. It is a place where you can thrive while being stimulated in an environment that brings together knowledge from various fields.","og_url":"https:\/\/cm-plus.co.jp\/vn\/recruit\/","og_site_name":"CM Plus","article_modified_time":"2025-05-17T12:36:35+00:00","og_image":[{"url":"https:\/\/cm-plus.co.jp\/vn\/wp-content\/uploads\/2024\/05\/ogp.png"}],"twitter_card":"summary_large_image","twitter_misc":{"\u63a8\u5b9a\u8aad\u307f\u53d6\u308a\u6642\u9593":"3\u5206"},"schema":{"@context":"https:\/\/schema.org","@graph":[{"@type":"WebPage","@id":"https:\/\/cm-plus.co.jp\/vn\/recruit\/","url":"https:\/\/cm-plus.co.jp\/vn\/recruit\/","name":"Career | CM Plus","isPartOf":{"@id":"https:\/\/cm-plus.co.jp\/vn\/#website"},"primaryImageOfPage":{"@id":"https:\/\/cm-plus.co.jp\/vn\/recruit\/#primaryimage"},"image":{"@id":"https:\/\/cm-plus.co.jp\/vn\/recruit\/#primaryimage"},"thumbnailUrl":"https:\/\/cm-plus.co.jp\/vn\/wp-content\/themes\/cmplus\/image\/recruit\/page_img.webp","datePublished":"2024-04-30T01:08:53+00:00","dateModified":"2025-05-17T12:36:35+00:00","description":"Here is the recruitment information for CM Plus. CM Plus is a professional group specializing in the design, construction, and operation of facilities that require advanced manufacturing environments. It is a place where you can thrive while being stimulated in an environment that brings together knowledge from various fields.","breadcrumb":{"@id":"https:\/\/cm-plus.co.jp\/vn\/recruit\/#breadcrumb"},"inLanguage":"ja","potentialAction":[{"@type":"ReadAction","target":["https:\/\/cm-plus.co.jp\/vn\/recruit\/"]}]},{"@type":"ImageObject","inLanguage":"ja","@id":"https:\/\/cm-plus.co.jp\/vn\/recruit\/#primaryimage","url":"https:\/\/cm-plus.co.jp\/vn\/wp-content\/themes\/cmplus\/image\/recruit\/page_img.webp","contentUrl":"https:\/\/cm-plus.co.jp\/vn\/wp-content\/themes\/cmplus\/image\/recruit\/page_img.webp"},{"@type":"BreadcrumbList","@id":"https:\/\/cm-plus.co.jp\/vn\/recruit\/#breadcrumb","itemListElement":[{"@type":"ListItem","position":1,"name":"\u30db\u30fc\u30e0","item":"https:\/\/cm-plus.co.jp\/vn\/"},{"@type":"ListItem","position":2,"name":"Career"}]},{"@type":"WebSite","@id":"https:\/\/cm-plus.co.jp\/vn\/#website","url":"https:\/\/cm-plus.co.jp\/vn\/","name":"CM Plus","description":"Your Partner in Facility Construction, Quality Assurance, and Training Support","potentialAction":[{"@type":"SearchAction","target":{"@type":"EntryPoint","urlTemplate":"https:\/\/cm-plus.co.jp\/vn\/?s={search_term_string}"},"query-input":"required name=search_term_string"}],"inLanguage":"ja"}]}},"_links":{"self":[{"href":"https:\/\/cm-plus.co.jp\/vn\/wp-json\/wp\/v2\/pages\/1225","targetHints":{"allow":["GET"]}}],"collection":[{"href":"https:\/\/cm-plus.co.jp\/vn\/wp-json\/wp\/v2\/pages"}],"about":[{"href":"https:\/\/cm-plus.co.jp\/vn\/wp-json\/wp\/v2\/types\/page"}],"author":[{"embeddable":true,"href":"https:\/\/cm-plus.co.jp\/vn\/wp-json\/wp\/v2\/users\/1"}],"replies":[{"embeddable":true,"href":"https:\/\/cm-plus.co.jp\/vn\/wp-json\/wp\/v2\/comments?post=1225"}],"version-history":[{"count":15,"href":"https:\/\/cm-plus.co.jp\/vn\/wp-json\/wp\/v2\/pages\/1225\/revisions"}],"predecessor-version":[{"id":6089,"href":"https:\/\/cm-plus.co.jp\/vn\/wp-json\/wp\/v2\/pages\/1225\/revisions\/6089"}],"wp:attachment":[{"href":"https:\/\/cm-plus.co.jp\/vn\/wp-json\/wp\/v2\/media?parent=1225"}],"wp:term":[{"taxonomy":"keywords","embeddable":true,"href":"https:\/\/cm-plus.co.jp\/vn\/wp-json\/wp\/v2\/keywords?post=1225"}],"curies":[{"name":"wp","href":"https:\/\/api.w.org\/{rel}","templated":true}]}}